{"id":24505,"date":"2019-10-11T10:01:59","date_gmt":"2019-10-11T10:01:59","guid":{"rendered":"https:\/\/www.guidomaggi.ch\/playground\/about-us\/"},"modified":"2022-09-13T09:44:24","modified_gmt":"2022-09-13T07:44:24","slug":"ueber-gm","status":"publish","type":"page","link":"https:\/\/www.guidomaggi.ch\/de\/ueber-gm\/","title":{"rendered":"\u00dcber GM"},"content":{"rendered":"\t\t<div data-elementor-type=\"wp-page\" data-elementor-id=\"24505\" class=\"elementor elementor-24505\" data-elementor-post-type=\"page\">\n\t\t\t\t\t\t<section class=\"elementor-section elementor-top-section elementor-element elementor-element-f2befef elementor-section-boxed elementor-section-height-default elementor-section-height-default\" data-id=\"f2befef\" data-element_type=\"section\">\n\t\t\t\t\t\t<div class=\"elementor-container elementor-column-gap-default\">\n\t\t\t\t\t<div class=\"elementor-column elementor-col-50 elementor-top-column elementor-element elementor-element-8883263\" data-id=\"8883263\" data-element_type=\"column\">\n\t\t\t<div class=\"elementor-widget-wrap elementor-element-populated\">\n\t\t\t\t\t\t<div class=\"elementor-element elementor-element-029b1a0 elementor-widget elementor-widget-heading\" data-id=\"029b1a0\" data-element_type=\"widget\" data-widget_type=\"heading.default\">\n\t\t\t\t<div class=\"elementor-widget-container\">\n\t\t\t<h1 class=\"elementor-heading-title elementor-size-default\">100 Jahre italienisches Schuhhandwerk<\/h1>\t\t<\/div>\n\t\t\t\t<\/div>\n\t\t\t\t\t<\/div>\n\t\t<\/div>\n\t\t\t\t<div class=\"elementor-column elementor-col-50 elementor-top-column elementor-element elementor-element-002fdb0\" data-id=\"002fdb0\" data-element_type=\"column\">\n\t\t\t<div class=\"elementor-widget-wrap elementor-element-populated\">\n\t\t\t\t\t\t<div class=\"elementor-element elementor-element-355081f elementor-widget elementor-widget-text-editor\" data-id=\"355081f\" data-element_type=\"widget\" data-widget_type=\"text-editor.default\">\n\t\t\t\t<div class=\"elementor-widget-container\">\n\t\t\t\t\t\t\t<p>Die Marke GuidoMaggi wurde geschaffen, um die Bed\u00fcrfnisse vieler M\u00e4nner zu erf\u00fcllen, die ihre K\u00f6rpergr\u00f6sse erh\u00f6hen wollen, ohne auf <strong>bequeme und hochwertige Schuhe<\/strong> zu verzichten.<\/p>\n<p>Die Geschicklichkeit, die Liebe zum Detail und die <a href=\"https:\/\/www.guidomaggi.ch\/ueber-gm\/farbe-fertigung\/\">feinsten Materialien<\/a>, die in die Herstellung von Guidomaggi Schuhen einfliessen, erm\u00f6glichen Ihnen eine Auswahl an erh\u00f6hten Schuhen, welche bisher noch nie gegeben war. &nbsp;<\/p>\n<h2>Handgefertigt in Italien<\/h2>\n<p>GuidoMaggi Schuhe haben ein Obermaterial aus Wollnarbenleder und einen Lederbezug aus Vollweichleder. Alles wird <a href=\"https:\/\/www.guidomaggi.ch\/ueber-gm\/struktur-unserer-schuhe\/\">von Hand gen\u00e4ht<\/a>, um <b>St\u00e4rke, Flexibilit\u00e4t und Langlebigkeit<\/b> zu gew\u00e4hrleisten. Dies sind nur einige der <a href=\"https:\/\/www.guidomaggi.ch\/ueber-gm\/die-vorteile-der-erhoeten-schuhe\/\">Vorteile <\/a>der Guidomaggi erh\u00f6hten Schuhe.<\/p>\n<p>Die Produkte werden online und im Laden verkauft. Der <a href=\"https:\/\/www.guidomaggi.ch\/guidomaggi-schweiz-information-zur-eroeffnung-2020\/\">Guidomaggi Store Safijen<\/a> befindet sich im futuristischen <a href=\"https:\/\/www.halten-8808.ch\/\" target=\"_blank\" rel=\"noopener\">Halten Business Center<\/a>, das k\u00fcrzlich gebaut wurde und zahlreiche kommerzielle Aktivit\u00e4ten, B\u00fcros und \u00f6ffentliche Dienste in der Zentralschweiz bietet.<\/p>\n<h4 style=\"text-align: right;\"><em>Wenn Leute richtig laufen wollen, <\/em><br><em>m\u00fcssen Sie Handgefertigte Schuhe tragen<\/em><\/h4>\n<p style=\"text-align: right;\"><em>Guido Maggi<\/em><\/p>\t\t\t\t\t\t<\/div>\n\t\t\t\t<\/div>\n\t\t\t\t<div class=\"elementor-element elementor-element-6b4d683 elementor-widget elementor-widget-button\" data-id=\"6b4d683\" data-element_type=\"widget\" data-widget_type=\"button.default\">\n\t\t\t\t<div class=\"elementor-widget-container\">\n\t\t\t\t\t<div class=\"elementor-button-wrapper\">\n\t\t\t<a class=\"elementor-button elementor-button-link elementor-size-sm\" href=\"https:\/\/www.guidomaggi.ch\/shop\/\">\n\t\t\t\t\t\t<span class=\"elementor-button-content-wrapper\">\n\t\t\t\t\t\t<span class=\"elementor-button-text\">JETZT SHOPPEN<\/span>\n\t\t<\/span>\n\t\t\t\t\t<\/a>\n\t\t<\/div>\n\t\t\t\t<\/div>\n\t\t\t\t<\/div>\n\t\t\t\t\t<\/div>\n\t\t<\/div>\n\t\t\t\t\t<\/div>\n\t\t<\/section>\n\t\t\t\t<\/div>\n\t\t","protected":false},"excerpt":{"rendered":"<p>100 Jahre italienisches Schuhhandwerk Die Marke GuidoMaggi wurde geschaffen, um die Bed\u00fcrfnisse vieler M\u00e4nner zu erf\u00fcllen, die ihre K\u00f6rpergr\u00f6sse erh\u00f6hen wollen, ohne auf bequeme und hochwertige Schuhe zu verzichten. Die Geschicklichkeit, die Liebe zum Detail und die feinsten Materialien, die in die Herstellung von Guidomaggi Schuhen einfliessen, erm\u00f6glichen Ihnen eine Auswahl an erh\u00f6hten Schuhen, welche [&hellip;]<\/p>\n","protected":false},"author":15,"featured_media":0,"parent":0,"menu_order":1,"comment_status":"closed","ping_status":"closed","template":"","meta":{"site-sidebar-layout":"default","site-content-layout":"","ast-site-content-layout":"","site-content-style":"default","site-sidebar-style":"default","ast-global-header-display":"","ast-banner-title-visibility":"","ast-main-header-display":"","ast-hfb-above-header-display":"","ast-hfb-below-header-display":"","ast-hfb-mobile-header-display":"","site-post-title":"","ast-breadcrumbs-content":"","ast-featured-img":"","footer-sml-layout":"","theme-transparent-header-meta":"","adv-header-id-meta":"","stick-header-meta":"","header-above-stick-meta":"","header-main-stick-meta":"","header-below-stick-meta":"","astra-migrate-meta-layouts":"default","ast-page-background-enabled":"default","ast-page-background-meta":{"desktop":{"background-color":"","background-image":"","background-repeat":"repeat","background-position":"center center","background-size":"auto","background-attachment":"scroll","background-type":"","background-media":"","overlay-type":"","overlay-color":"","overlay-gradient":""},"tablet":{"background-color":"","background-image":"","background-repeat":"repeat","background-position":"center center","background-size":"auto","background-attachment":"scroll","background-type":"","background-media":"","overlay-type":"","overlay-color":"","overlay-gradient":""},"mobile":{"background-color":"","background-image":"","background-repeat":"repeat","background-position":"center center","background-size":"auto","background-attachment":"scroll","background-type":"","background-media":"","overlay-type":"","overlay-color":"","overlay-gradient":""}},"ast-content-background-meta":{"desktop":{"background-color":"var(--ast-global-color-5)","background-image":"","background-repeat":"repeat","background-position":"center center","background-size":"auto","background-attachment":"scroll","background-type":"","background-media":"","overlay-type":"","overlay-color":"","overlay-gradient":""},"tablet":{"background-color":"var(--ast-global-color-5)","background-image":"","background-repeat":"repeat","background-position":"center center","background-size":"auto","background-attachment":"scroll","background-type":"","background-media":"","overlay-type":"","overlay-color":"","overlay-gradient":""},"mobile":{"background-color":"var(--ast-global-color-5)","background-image":"","background-repeat":"repeat","background-position":"center center","background-size":"auto","background-attachment":"scroll","background-type":"","background-media":"","overlay-type":"","overlay-color":"","overlay-gradient":""}},"footnotes":""},"class_list":["post-24505","page","type-page","status-publish","hentry"],"_links":{"self":[{"href":"https:\/\/www.guidomaggi.ch\/de\/wp-json\/wp\/v2\/pages\/24505","targetHints":{"allow":["GET"]}}],"collection":[{"href":"https:\/\/www.guidomaggi.ch\/de\/wp-json\/wp\/v2\/pages"}],"about":[{"href":"https:\/\/www.guidomaggi.ch\/de\/wp-json\/wp\/v2\/types\/page"}],"author":[{"embeddable":true,"href":"https:\/\/www.guidomaggi.ch\/de\/wp-json\/wp\/v2\/users\/15"}],"replies":[{"embeddable":true,"href":"https:\/\/www.guidomaggi.ch\/de\/wp-json\/wp\/v2\/comments?post=24505"}],"version-history":[{"count":0,"href":"https:\/\/www.guidomaggi.ch\/de\/wp-json\/wp\/v2\/pages\/24505\/revisions"}],"wp:attachment":[{"href":"https:\/\/www.guidomaggi.ch\/de\/wp-json\/wp\/v2\/media?parent=24505"}],"curies":[{"name":"wp","href":"https:\/\/api.w.org\/{rel}","templated":true}]}}