{"id":24525,"date":"2019-10-11T09:26:11","date_gmt":"2019-10-11T09:26:11","guid":{"rendered":"https:\/\/www.guidomaggi.ch\/playground\/ueber-gm\/faq\/"},"modified":"2025-11-12T18:22:46","modified_gmt":"2025-11-12T17:22:46","slug":"faq","status":"publish","type":"page","link":"https:\/\/www.guidomaggi.ch\/de\/ueber-gm\/faq\/","title":{"rendered":"FAQ"},"content":{"rendered":"\t\t<div data-elementor-type=\"wp-page\" data-elementor-id=\"24525\" class=\"elementor elementor-24525\" data-elementor-post-type=\"page\">\n\t\t\t\t\t\t<section class=\"elementor-section elementor-top-section elementor-element elementor-element-db03a0d elementor-section-boxed elementor-section-height-default elementor-section-height-default\" data-id=\"db03a0d\" data-element_type=\"section\">\n\t\t\t\t\t\t<div class=\"elementor-container elementor-column-gap-default\">\n\t\t\t\t\t<div class=\"elementor-column elementor-col-100 elementor-top-column elementor-element elementor-element-ff82098\" data-id=\"ff82098\" data-element_type=\"column\">\n\t\t\t<div class=\"elementor-widget-wrap elementor-element-populated\">\n\t\t\t\t\t\t<div class=\"elementor-element elementor-element-40bf84c elementor-widget elementor-widget-heading\" data-id=\"40bf84c\" data-element_type=\"widget\" data-widget_type=\"heading.default\">\n\t\t\t\t<div class=\"elementor-widget-container\">\n\t\t\t<h1 class=\"elementor-heading-title elementor-size-default\">H\u00e4ufig gestellte Fragen<\/h1>\t\t<\/div>\n\t\t\t\t<\/div>\n\t\t\t\t<div class=\"elementor-element elementor-element-3a42429 elementor-widget elementor-widget-text-editor\" data-id=\"3a42429\" data-element_type=\"widget\" data-widget_type=\"text-editor.default\">\n\t\t\t\t<div class=\"elementor-widget-container\">\n\t\t\t\t\t\t\t<h3>Wie viel H\u00f6he kann ich mit den GuidoMaggi luxuri\u00f6sen italienischen Schuhen gewinnen?<\/h3><p>Mithilfe unserer Schuhe wirken Sie zwischen 5 und 15 cm gr\u00f6sser, je nach Model.<\/p><h3>Sind sie bequem?<\/h3><p>Unsere Schuhe werden aus <strong>100% italienischem Leder<\/strong> und mit den hochwertigsten Einlegesohlen hergestellt, die Ihnen h\u00f6chsten Komfort garantieren.\u00a0Die speziell erh\u00f6hte Einlegesohle ist leicht, <strong>komfortabel und pr\u00e4zise strukturiert<\/strong>, damit Sie das Gleichgewicht halten k\u00f6nnen. Sie hat auch eine hohe Saugf\u00e4higkeit und Luftzirkulation.\u00a0Die Struktur der Schuhe sorgt daf\u00fcr, dass Ihre F\u00fcsse perfekt eingepackt werden und verhindert das Verrutschen. So k\u00f6nnen Sie unsere Spezialschuhe ohne Weiteres t\u00e4glich tragen.<\/p><h3>Warum sind die Luxusschuhe von GuidoMaggi etwas Besonderes?<\/h3><p>Neben der Erh\u00f6hung Ihrer Gr\u00f6sse bieten Ihnen die Schuhe von GuidoMaggi den besten Komfort und Stil mit h\u00f6chster Qualit\u00e4t aus 100% italienischen Materialien.<br \/><a href=\"https:\/\/www.guidomaggi.ch\/ueber-gm\/struktur-unserer-schuhe\/\">Mehr erfahren<\/a><\/p><h3>Welche Vorteile haben GuidoMaggi&#8217;s Schuhe?<\/h3><p>Unsere Spezialschuhe machen Sie nicht nur gr\u00f6sser, sondern helfen Ihnen auch, <strong>Ihre Haltung zu verbessern<\/strong>. Recherchen zeigen, dass gr\u00f6ssere Menschen mehr Erfolg haben in vielen Bereichen des Lebens und sie zudem <strong>selbstsicherer<\/strong> sind. Unsere exklusiven Designs sind auch sehr stilvoll und immer auf dem neuesten Stand der Mode.<br \/><a href=\"https:\/\/www.guidomaggi.ch\/ueber-gm\/die-vorteile-der-erhoeten-schuhe\/\">Mehr erfahren<\/a><\/p><h3>Kann man sehen, dass meine Schuhe erh\u00f6ht sind?<\/h3><p><strong>Sicherlich nicht<\/strong>. Die Form der Schuhe ist so gestaltet, dass sie genau wie alle anderen traditionellen Schuhe aussehen.<\/p><h3>Muss ich \u00c4nderungen an der L\u00e4nge meiner Hosen vornehmen?<\/h3><p>Wahrscheinlich nicht. Dies ist aber zu empfehlen, wenn Sie gerne ihre Schuhe mit Ihrer Hose bedecken, da diese durch die Schuhe k\u00fcrzer ausfallen k\u00f6nnen als sonst.<\/p><h3>Sollte ich die Luxusschuhe von GuidoMaggi in einer anderen Gr\u00f6sse bestellen als traditionelle Schuhe?<\/h3><p>Die Schuhe von GuidoMaggi werden in Italien hergestellt und nach italienischen Massen produziert. Die Gr\u00f6sse der Luxusschuhe von GuidoMaggi ist genau <strong>die gleiche wie bei traditionellen Schuhen<\/strong>.<\/p><h3>Was ist die R\u00fcckgabe- und Erstattungspolitik von GuidoMaggi?<\/h3><p><a href=\"https:\/\/www.guidomaggi.ch\/rueckgaberichtlinien\/\">Mehr lesen<\/a><\/p>\t\t\t\t\t\t<\/div>\n\t\t\t\t<\/div>\n\t\t\t\t\t<\/div>\n\t\t<\/div>\n\t\t\t\t\t<\/div>\n\t\t<\/section>\n\t\t\t\t<\/div>\n\t\t","protected":false},"excerpt":{"rendered":"<p>H\u00e4ufig gestellte Fragen Wie viel H\u00f6he kann ich mit den GuidoMaggi luxuri\u00f6sen italienischen Schuhen gewinnen? Mithilfe unserer Schuhe wirken Sie zwischen 5 und 15 cm gr\u00f6sser, je nach Model. Sind sie bequem? Unsere Schuhe werden aus 100% italienischem Leder und mit den hochwertigsten Einlegesohlen hergestellt, die Ihnen h\u00f6chsten Komfort garantieren.\u00a0Die speziell erh\u00f6hte Einlegesohle ist leicht, [&hellip;]<\/p>\n","protected":false},"author":15,"featured_media":0,"parent":24505,"menu_order":4,"comment_status":"closed","ping_status":"closed","template":"","meta":{"site-sidebar-layout":"default","site-content-layout":"","ast-site-content-layout":"","site-content-style":"default","site-sidebar-style":"default","ast-global-header-display":"","ast-banner-title-visibility":"","ast-main-header-display":"","ast-hfb-above-header-display":"","ast-hfb-below-header-display":"","ast-hfb-mobile-header-display":"","site-post-title":"","ast-breadcrumbs-content":"","ast-featured-img":"","footer-sml-layout":"","theme-transparent-header-meta":"","adv-header-id-meta":"","stick-header-meta":"","header-above-stick-meta":"","header-main-stick-meta":"","header-below-stick-meta":"","astra-migrate-meta-layouts":"default","ast-page-background-enabled":"default","ast-page-background-meta":{"desktop":{"background-color":"","background-image":"","background-repeat":"repeat","background-position":"center center","background-size":"auto","background-attachment":"scroll","background-type":"","background-media":"","overlay-type":"","overlay-color":"","overlay-gradient":""},"tablet":{"background-color":"","background-image":"","background-repeat":"repeat","background-position":"center center","background-size":"auto","background-attachment":"scroll","background-type":"","background-media":"","overlay-type":"","overlay-color":"","overlay-gradient":""},"mobile":{"background-color":"","background-image":"","background-repeat":"repeat","background-position":"center center","background-size":"auto","background-attachment":"scroll","background-type":"","background-media":"","overlay-type":"","overlay-color":"","overlay-gradient":""}},"ast-content-background-meta":{"desktop":{"background-color":"var(--ast-global-color-5)","background-image":"","background-repeat":"repeat","background-position":"center center","background-size":"auto","background-attachment":"scroll","background-type":"","background-media":"","overlay-type":"","overlay-color":"","overlay-gradient":""},"tablet":{"background-color":"var(--ast-global-color-5)","background-image":"","background-repeat":"repeat","background-position":"center center","background-size":"auto","background-attachment":"scroll","background-type":"","background-media":"","overlay-type":"","overlay-color":"","overlay-gradient":""},"mobile":{"background-color":"var(--ast-global-color-5)","background-image":"","background-repeat":"repeat","background-position":"center center","background-size":"auto","background-attachment":"scroll","background-type":"","background-media":"","overlay-type":"","overlay-color":"","overlay-gradient":""}},"footnotes":""},"class_list":["post-24525","page","type-page","status-publish","hentry"],"_links":{"self":[{"href":"https:\/\/www.guidomaggi.ch\/de\/wp-json\/wp\/v2\/pages\/24525","targetHints":{"allow":["GET"]}}],"collection":[{"href":"https:\/\/www.guidomaggi.ch\/de\/wp-json\/wp\/v2\/pages"}],"about":[{"href":"https:\/\/www.guidomaggi.ch\/de\/wp-json\/wp\/v2\/types\/page"}],"author":[{"embeddable":true,"href":"https:\/\/www.guidomaggi.ch\/de\/wp-json\/wp\/v2\/users\/15"}],"replies":[{"embeddable":true,"href":"https:\/\/www.guidomaggi.ch\/de\/wp-json\/wp\/v2\/comments?post=24525"}],"version-history":[{"count":3,"href":"https:\/\/www.guidomaggi.ch\/de\/wp-json\/wp\/v2\/pages\/24525\/revisions"}],"predecessor-version":[{"id":490047,"href":"https:\/\/www.guidomaggi.ch\/de\/wp-json\/wp\/v2\/pages\/24525\/revisions\/490047"}],"up":[{"embeddable":true,"href":"https:\/\/www.guidomaggi.ch\/de\/wp-json\/wp\/v2\/pages\/24505"}],"wp:attachment":[{"href":"https:\/\/www.guidomaggi.ch\/de\/wp-json\/wp\/v2\/media?parent=24525"}],"curies":[{"name":"wp","href":"https:\/\/api.w.org\/{rel}","templated":true}]}}