{"id":24537,"date":"2019-10-07T07:45:07","date_gmt":"2019-10-07T07:45:07","guid":{"rendered":"https:\/\/www.guidomaggi.ch\/playground\/ueber-gm\/benefits-of-elevator-shoes\/"},"modified":"2021-07-27T17:57:37","modified_gmt":"2021-07-27T15:57:37","slug":"die-vorteile-der-erhoeten-schuhe","status":"publish","type":"page","link":"https:\/\/www.guidomaggi.ch\/de\/ueber-gm\/die-vorteile-der-erhoeten-schuhe\/","title":{"rendered":"Die Vorteile der erh\u00f6hten Schuhe"},"content":{"rendered":"\t\t<div data-elementor-type=\"wp-page\" data-elementor-id=\"24537\" class=\"elementor elementor-24537\" data-elementor-post-type=\"page\">\n\t\t\t\t\t\t<section class=\"elementor-section elementor-top-section elementor-element elementor-element-7734268 elementor-section-boxed elementor-section-height-default elementor-section-height-default\" data-id=\"7734268\" data-element_type=\"section\">\n\t\t\t\t\t\t<div class=\"elementor-container elementor-column-gap-default\">\n\t\t\t\t\t<div class=\"elementor-column elementor-col-50 elementor-top-column elementor-element elementor-element-dd752ce\" data-id=\"dd752ce\" data-element_type=\"column\">\n\t\t\t<div class=\"elementor-widget-wrap elementor-element-populated\">\n\t\t\t\t\t\t<div class=\"elementor-element elementor-element-b033de6 elementor-widget elementor-widget-heading\" data-id=\"b033de6\" data-element_type=\"widget\" data-widget_type=\"heading.default\">\n\t\t\t\t<div class=\"elementor-widget-container\">\n\t\t\t<h1 class=\"elementor-heading-title elementor-size-default\">Die Vorteile der\nLuxusschuen von\nGuidoMaggi<\/h1>\t\t<\/div>\n\t\t\t\t<\/div>\n\t\t\t\t\t<\/div>\n\t\t<\/div>\n\t\t\t\t<div class=\"elementor-column elementor-col-50 elementor-top-column elementor-element elementor-element-ec0dbdb\" data-id=\"ec0dbdb\" data-element_type=\"column\">\n\t\t\t<div class=\"elementor-widget-wrap elementor-element-populated\">\n\t\t\t\t\t\t<div class=\"elementor-element elementor-element-049b70c elementor-widget elementor-widget-text-editor\" data-id=\"049b70c\" data-element_type=\"widget\" data-widget_type=\"text-editor.default\">\n\t\t\t\t<div class=\"elementor-widget-container\">\n\t\t\t\t\t\t\t<p>Sie fragen sich vielleicht, wie gut <a href=\"https:\/\/www.guidomaggi.ch\/produkt-kategorie\/herren\/\">Guidomaggi-Luxusschuhe<\/a> Ihre Statur verbessern k\u00f6nnen, ohne dass sie einen Eindruck auf hohe Schuhe machen.<\/p><p>Sie werden sehen, wie diese aussergew\u00f6hnlichen Schuhe Ihre Statur und Ihren Komfort erh\u00f6hen k\u00f6nnen, ohne, dass sie Ihr Geheimnis enth\u00fcllen, dazu aber sehr modisch aussehen. <strong>Viele M\u00e4nner und Frauen, die erh\u00f6hte Schuhe kaufen, sind nicht unbedingt sehr klein<\/strong>: Tats\u00e4chlich ist der durchschnittliche Mann 179 cm, die durchschnittliche Frau 167 cm gross. Die meisten Kunden, welche Guidomaggi Luxusschuhe kaufen, haben Frauen oder Freundinnen, die regelm\u00e4ssig High Heels tragen. Andere arbeiten in Berufen, in denen die K\u00f6rpergr\u00f6sse ein wichtiger Erfolgsfaktor sein kann.<\/p><p>Dar\u00fcber hinaus helfen Guidomaggi Schuhe, <strong>eine Asymmetrie der Beine zu korrigieren<\/strong>: eine Beinl\u00e4ngendifferenz, sowie m\u00f6gliche schwerwiegende Erkrankungen wie Skoliose, Klumpfuss usw. k\u00f6nnen zu R\u00fcckenschmerzen und Fehlhaltungen f\u00fchren, wenn sie nicht richtig behandelt werden. GuidoMaggi bietet eine grosse Auswahl an Schuhen, die helfen k\u00f6nnen, diesen H\u00f6henunterschied zu korrigieren. Mit Hilfe von <a href=\"https:\/\/www.guidomaggi.ch\/ueber-gm\/struktur-unserer-schuhe\/\">italienischen Handwerkern<\/a> und Orthop\u00e4den sind wir in der Lage, die H\u00f6henasymmetrie jedes einzelnen Kunden zu untersuchen und ein System von massgeschneiderten Einlegesohlen zu entwickeln.<\/p>\t\t\t\t\t\t<\/div>\n\t\t\t\t<\/div>\n\t\t\t\t\t<\/div>\n\t\t<\/div>\n\t\t\t\t\t<\/div>\n\t\t<\/section>\n\t\t\t\t<section class=\"elementor-section elementor-top-section elementor-element elementor-element-9423946 elementor-section-content-middle elementor-section-stretched elementor-section-boxed elementor-section-height-default elementor-section-height-default\" data-id=\"9423946\" data-element_type=\"section\" data-settings=\"{&quot;stretch_section&quot;:&quot;section-stretched&quot;,&quot;background_background&quot;:&quot;classic&quot;}\">\n\t\t\t\t\t\t<div class=\"elementor-container elementor-column-gap-default\">\n\t\t\t\t\t<div class=\"elementor-column elementor-col-33 elementor-top-column elementor-element elementor-element-a28ef92\" data-id=\"a28ef92\" data-element_type=\"column\">\n\t\t\t<div class=\"elementor-widget-wrap elementor-element-populated\">\n\t\t\t\t\t\t<div class=\"elementor-element elementor-element-69fc4de elementor-widget elementor-widget-heading\" data-id=\"69fc4de\" data-element_type=\"widget\" data-widget_type=\"heading.default\">\n\t\t\t\t<div class=\"elementor-widget-container\">\n\t\t\t<h2 class=\"elementor-heading-title elementor-size-default\">Vor und nach Absatzsschuhen<\/h2>\t\t<\/div>\n\t\t\t\t<\/div>\n\t\t\t\t<div class=\"elementor-element elementor-element-dcb68bb elementor-widget elementor-widget-text-editor\" data-id=\"dcb68bb\" data-element_type=\"widget\" data-widget_type=\"text-editor.default\">\n\t\t\t\t<div class=\"elementor-widget-container\">\n\t\t\t\t\t\t\t<p>Am besten sehen Sie doch selber, wie die Guidomaggi Schuhe <strong>die Gr\u00f6sse ver\u00e4ndern und das Aussehen verbessern<\/strong> .<\/p><p>Auf dem Foto sehen Sie, wie die neue Gr\u00f6sse und die richtige Haltung des Mannes so einfach durch die innere Erh\u00f6hung der Guidomaggi Schuhe erreicht werden.<\/p><p>Mit traditionellen Herrenschuhen w\u00e4re das Model h\u00f6chstens 170cm, mit GuidoMaggi Schuhen ist eine Erh\u00f6hung bis 10 cm m\u00f6glich.<\/p><p>Der Herr auf dem Foto mit den GuidoMaggi Schuhen wirkt nicht nur gr\u00f6sser, er ist auch sichtbar schlanker und selbstsicherer. Mit den <a href=\"https:\/\/www.guidomaggi.ch\/shop\/\">erh\u00f6hten Guidomaggi Schuhen<\/a> bleibt er auch dann gr\u00f6sser als die neben ihm stehende Dame, wenn diese High Heels tr\u00e4gt.<\/p>\t\t\t\t\t\t<\/div>\n\t\t\t\t<\/div>\n\t\t\t\t<div class=\"elementor-element elementor-element-cd63dec elementor-widget elementor-widget-button\" data-id=\"cd63dec\" data-element_type=\"widget\" data-widget_type=\"button.default\">\n\t\t\t\t<div class=\"elementor-widget-container\">\n\t\t\t\t\t<div class=\"elementor-button-wrapper\">\n\t\t\t<a class=\"elementor-button elementor-button-link elementor-size-sm\" href=\"https:\/\/www.guidomaggi.ch\/shop\/\">\n\t\t\t\t\t\t<span class=\"elementor-button-content-wrapper\">\n\t\t\t\t\t\t<span class=\"elementor-button-text\">JETZT SHOPPEN<\/span>\n\t\t<\/span>\n\t\t\t\t\t<\/a>\n\t\t<\/div>\n\t\t\t\t<\/div>\n\t\t\t\t<\/div>\n\t\t\t\t\t<\/div>\n\t\t<\/div>\n\t\t\t\t<div class=\"elementor-column elementor-col-66 elementor-top-column elementor-element elementor-element-a8ffc53\" data-id=\"a8ffc53\" data-element_type=\"column\">\n\t\t\t<div class=\"elementor-widget-wrap elementor-element-populated\">\n\t\t\t\t\t\t<div class=\"elementor-element elementor-element-8cf8148 elementor-widget elementor-widget-image\" data-id=\"8cf8148\" data-element_type=\"widget\" data-widget_type=\"image.default\">\n\t\t\t\t<div class=\"elementor-widget-container\">\n\t\t\t\t\t\t\t\t\t\t\t\t\t<img fetchpriority=\"high\" decoding=\"async\" width=\"570\" height=\"450\" src=\"https:\/\/www.guidomaggi.ch\/wp-content\/uploads\/2021\/07\/Vor-und-nach-Absatzsschuhen\u200b-Guidomaggi.jpg\" class=\"attachment-medium_large size-medium_large wp-image-471231\" alt=\"Guidomaggi height increasing italian Shoes before after\" srcset=\"https:\/\/www.guidomaggi.ch\/wp-content\/uploads\/2021\/07\/Vor-und-nach-Absatzsschuhen\u200b-Guidomaggi.jpg 570w, https:\/\/www.guidomaggi.ch\/wp-content\/uploads\/2021\/07\/Vor-und-nach-Absatzsschuhen\u200b-Guidomaggi-300x237.jpg 300w\" sizes=\"(max-width: 570px) 100vw, 570px\" \/>\t\t\t\t\t\t\t\t\t\t\t\t\t<\/div>\n\t\t\t\t<\/div>\n\t\t\t\t\t<\/div>\n\t\t<\/div>\n\t\t\t\t\t<\/div>\n\t\t<\/section>\n\t\t\t\t<\/div>\n\t\t","protected":false},"excerpt":{"rendered":"<p>Die Vorteile der Luxusschuen von GuidoMaggi Sie fragen sich vielleicht, wie gut Guidomaggi-Luxusschuhe Ihre Statur verbessern k\u00f6nnen, ohne dass sie einen Eindruck auf hohe Schuhe machen. Sie werden sehen, wie diese aussergew\u00f6hnlichen Schuhe Ihre Statur und Ihren Komfort erh\u00f6hen k\u00f6nnen, ohne, dass sie Ihr Geheimnis enth\u00fcllen, dazu aber sehr modisch aussehen. Viele M\u00e4nner und Frauen, [&hellip;]<\/p>\n","protected":false},"author":15,"featured_media":27677,"parent":24505,"menu_order":2,"comment_status":"closed","ping_status":"closed","template":"","meta":{"site-sidebar-layout":"default","site-content-layout":"default","ast-site-content-layout":"","site-content-style":"default","site-sidebar-style":"default","ast-global-header-display":"","ast-banner-title-visibility":"","ast-main-header-display":"","ast-hfb-above-header-display":"","ast-hfb-below-header-display":"","ast-hfb-mobile-header-display":"","site-post-title":"","ast-breadcrumbs-content":"","ast-featured-img":"","footer-sml-layout":"","theme-transparent-header-meta":"default","adv-header-id-meta":"","stick-header-meta":"","header-above-stick-meta":"","header-main-stick-meta":"","header-below-stick-meta":"","astra-migrate-meta-layouts":"default","ast-page-background-enabled":"default","ast-page-background-meta":{"desktop":{"background-color":"","background-image":"","background-repeat":"repeat","background-position":"center center","background-size":"auto","background-attachment":"scroll","background-type":"","background-media":"","overlay-type":"","overlay-color":"","overlay-gradient":""},"tablet":{"background-color":"","background-image":"","background-repeat":"repeat","background-position":"center center","background-size":"auto","background-attachment":"scroll","background-type":"","background-media":"","overlay-type":"","overlay-color":"","overlay-gradient":""},"mobile":{"background-color":"","background-image":"","background-repeat":"repeat","background-position":"center center","background-size":"auto","background-attachment":"scroll","background-type":"","background-media":"","overlay-type":"","overlay-color":"","overlay-gradient":""}},"ast-content-background-meta":{"desktop":{"background-color":"var(--ast-global-color-5)","background-image":"","background-repeat":"repeat","background-position":"center center","background-size":"auto","background-attachment":"scroll","background-type":"","background-media":"","overlay-type":"","overlay-color":"","overlay-gradient":""},"tablet":{"background-color":"var(--ast-global-color-5)","background-image":"","background-repeat":"repeat","background-position":"center center","background-size":"auto","background-attachment":"scroll","background-type":"","background-media":"","overlay-type":"","overlay-color":"","overlay-gradient":""},"mobile":{"background-color":"var(--ast-global-color-5)","background-image":"","background-repeat":"repeat","background-position":"center center","background-size":"auto","background-attachment":"scroll","background-type":"","background-media":"","overlay-type":"","overlay-color":"","overlay-gradient":""}},"footnotes":""},"class_list":["post-24537","page","type-page","status-publish","has-post-thumbnail","hentry"],"_links":{"self":[{"href":"https:\/\/www.guidomaggi.ch\/de\/wp-json\/wp\/v2\/pages\/24537","targetHints":{"allow":["GET"]}}],"collection":[{"href":"https:\/\/www.guidomaggi.ch\/de\/wp-json\/wp\/v2\/pages"}],"about":[{"href":"https:\/\/www.guidomaggi.ch\/de\/wp-json\/wp\/v2\/types\/page"}],"author":[{"embeddable":true,"href":"https:\/\/www.guidomaggi.ch\/de\/wp-json\/wp\/v2\/users\/15"}],"replies":[{"embeddable":true,"href":"https:\/\/www.guidomaggi.ch\/de\/wp-json\/wp\/v2\/comments?post=24537"}],"version-history":[{"count":0,"href":"https:\/\/www.guidomaggi.ch\/de\/wp-json\/wp\/v2\/pages\/24537\/revisions"}],"up":[{"embeddable":true,"href":"https:\/\/www.guidomaggi.ch\/de\/wp-json\/wp\/v2\/pages\/24505"}],"wp:featuredmedia":[{"embeddable":true,"href":"https:\/\/www.guidomaggi.ch\/de\/wp-json\/wp\/v2\/media\/27677"}],"wp:attachment":[{"href":"https:\/\/www.guidomaggi.ch\/de\/wp-json\/wp\/v2\/media?parent=24537"}],"curies":[{"name":"wp","href":"https:\/\/api.w.org\/{rel}","templated":true}]}}