{"id":24553,"date":"2019-10-08T07:31:53","date_gmt":"2019-10-08T07:31:53","guid":{"rendered":"https:\/\/www.guidomaggi.ch\/playground\/ueber-gm\/structure-of-shoes\/"},"modified":"2021-04-26T14:56:09","modified_gmt":"2021-04-26T12:56:09","slug":"struktur-unserer-schuhe","status":"publish","type":"page","link":"https:\/\/www.guidomaggi.ch\/de\/ueber-gm\/struktur-unserer-schuhe\/","title":{"rendered":"Die Struktur unserer Schuhe"},"content":{"rendered":"\t\t<div data-elementor-type=\"wp-page\" data-elementor-id=\"24553\" class=\"elementor elementor-24553\" data-elementor-post-type=\"page\">\n\t\t\t\t\t\t<section class=\"elementor-section elementor-top-section elementor-element elementor-element-6e2ee34 elementor-section-boxed elementor-section-height-default elementor-section-height-default\" data-id=\"6e2ee34\" data-element_type=\"section\">\n\t\t\t\t\t\t<div class=\"elementor-container elementor-column-gap-default\">\n\t\t\t\t\t<div class=\"elementor-column elementor-col-50 elementor-top-column elementor-element elementor-element-a6ddeba\" data-id=\"a6ddeba\" data-element_type=\"column\">\n\t\t\t<div class=\"elementor-widget-wrap elementor-element-populated\">\n\t\t\t\t\t\t<div class=\"elementor-element elementor-element-7680263 elementor-widget elementor-widget-heading\" data-id=\"7680263\" data-element_type=\"widget\" data-widget_type=\"heading.default\">\n\t\t\t\t<div class=\"elementor-widget-container\">\n\t\t\t<h1 class=\"elementor-heading-title elementor-size-default\">Wie wir unsere erh\u00f6ten Schuhe herstellen<\/h1>\t\t<\/div>\n\t\t\t\t<\/div>\n\t\t\t\t\t<\/div>\n\t\t<\/div>\n\t\t\t\t<div class=\"elementor-column elementor-col-50 elementor-top-column elementor-element elementor-element-63c2877\" data-id=\"63c2877\" data-element_type=\"column\">\n\t\t\t<div class=\"elementor-widget-wrap elementor-element-populated\">\n\t\t\t\t\t\t<div class=\"elementor-element elementor-element-01f0063 elementor-widget elementor-widget-text-editor\" data-id=\"01f0063\" data-element_type=\"widget\" data-widget_type=\"text-editor.default\">\n\t\t\t\t<div class=\"elementor-widget-container\">\n\t\t\t\t\t\t\t<p>F\u00fcr diejenigen, die sich <a href=\"https:\/\/www.guidomaggi.ch\/ueber-gm\/farbe-fertigung\/\">h\u00f6chste Qualit\u00e4t<\/a>, anspruchsvolles Design, dauerhaften Komfort und bestes handgen\u00e4htes Leder w\u00fcnschen: diese Luxusschuhe erm\u00f6glichen nicht nur eine neue Gr\u00f6sse, sondern auch modisches und <a href=\"https:\/\/www.guidomaggi.ch\/ueber-gm\/die-vorteile-der-erhoeten-schuhe\/\">selbstbewusstes<\/a> Aussehen.<\/p>\t\t\t\t\t\t<\/div>\n\t\t\t\t<\/div>\n\t\t\t\t\t<\/div>\n\t\t<\/div>\n\t\t\t\t\t<\/div>\n\t\t<\/section>\n\t\t\t\t<section class=\"elementor-section elementor-top-section elementor-element elementor-element-691ff81 elementor-hidden-phone elementor-section-stretched elementor-hidden-tablet elementor-section-boxed elementor-section-height-default elementor-section-height-default\" data-id=\"691ff81\" data-element_type=\"section\" data-settings=\"{&quot;stretch_section&quot;:&quot;section-stretched&quot;}\">\n\t\t\t\t\t\t<div class=\"elementor-container elementor-column-gap-default\">\n\t\t\t\t\t<div class=\"elementor-column elementor-col-100 elementor-top-column elementor-element elementor-element-a94b4bb\" data-id=\"a94b4bb\" data-element_type=\"column\">\n\t\t\t<div class=\"elementor-widget-wrap elementor-element-populated\">\n\t\t\t\t\t\t<div class=\"elementor-element elementor-element-93df49a shoe-structure elementor-widget elementor-widget-html\" data-id=\"93df49a\" data-element_type=\"widget\" data-widget_type=\"html.default\">\n\t\t\t\t<div class=\"elementor-widget-container\">\n\t\t\t<div class=\"con\">\n<!-- Tooltip-->\n<div class=\"con-tip tip1\"><div class=\"tip \"><p>\nBaumwollgewachste Schn\u00fcrb\u00e4nder\n<\/p><\/div><\/div>\n<!--End-->\n<!-- Tooltip-->\n<div class=\"con-tip tip2\"><div class=\"tip \"><p>\nWeichlederfutter\n<\/p><\/div><\/div>\n<!--End-->\n<!-- Tooltip-->\n<div class=\"con-tip tip3\"><div class=\"tip \"><p>\nFersen- und Zehenkappe  <br\/><i>Hochwertiges Material f\u00fcr lang anhaltenden Tragekomfort<\/i>\n<\/p><\/div><\/div>\n<!--End-->\n<!-- Tooltip-->\n<div class=\"con-tip tip4\"><div class=\"tip \"><p>\nErh\u00f6hte Innensohle<br\/><i>Hochentwickeltes, ergonomisches Design kombiniert mit einzigartigen innovativen Materialien sorgen f\u00fcr lang anhaltenden Komfort, quetschfest und leicht.<\/i>\n<\/p><\/div><\/div>\n<!--End-->\n<!-- Tooltip-->\n<div class=\"con-tip tip5\"><div class=\"tip \"><p>\nLederabsatz <br\/><i>Mit rutschfestem Gummi<\/i>\n<\/p><\/div><\/div>\n<!--End-->\n<!-- Tooltip-->\n<div class=\"con-tip tip6\"><div class=\"tip \"><p>\nSchuhd\u00e4mpfungssystem<br\/><i>Gew\u00e4hrleistet maximalen Komfort<\/i>\n<\/p><\/div><\/div>\n<!--End-->\n<!-- Tooltip-->\n<div class=\"con-tip tip7\"><div class=\"tip \"><p>\nInnensohle <br\/><i>100% Echtleder<\/i>\n<\/p><\/div><\/div>\n<!--End-->\n<!-- Tooltip-->\n<div class=\"con-tip tip8\"><div class=\"tip \"><p>\nZwischensohle<br\/><i>100% Echtleder<\/i>\n<\/p><\/div><\/div>\n<!--End-->\n<!-- Tooltip-->\n<div class=\"con-tip tip9\"><div class=\"tip \"><p>\nLeder-Laufsohle <br\/><i>mit rutschfestem Gummi<\/i>\n<\/p><\/div><\/div>\n<!--End-->\n<!-- Tooltip-->\n<div class=\"con-tip tip10\"><div class=\"tip \"><p>\nSchuhd\u00e4mpfungssystem<br\/><i>Gew\u00e4hrleistet maximalen Komfort<\/i>\n<\/p><\/div><\/div>\n<!--End-->\n<!-- Tooltip-->\n<div class=\"con-tip tip11\"><div class=\"tip \"><p>\nAussenleder, Laufsohle und Zwischensohle<br\/><i>Auf den ersten Blick vern\u00e4ht<\/i>\n<\/p><\/div><\/div>\n<!--End-->\n<!-- Tooltip-->\n<div class=\"con-tip tip12\"><div class=\"tip \"><p>\nFersen- und Zehenkappe  <br\/><i>Hochwertiges Material f\u00fcr lang anhaltenden Tragekomfort<\/i>\n<\/p><\/div><\/div>\n<!--End-->\n<!-- Tooltip-->\n<div class=\"con-tip tip13\"><div class=\"tip \"><p>\nAussenmaterial<br\/><i>Aus vollnarbigem Leder<\/i>\n<\/p><\/div><\/div>\n<!--End-->\n<!-- Tooltip-->\n<div class=\"con-tip tip14\"><div class=\"tip \"><p>\nAussenleder, Laufsohle und Zwischensohle<br\/><i>mit sichtbarer Naht<\/i>\n<\/p><\/div><\/div>\n<!--End-->\n<\/div><!--end container-->\t\t<\/div>\n\t\t\t\t<\/div>\n\t\t\t\t\t<\/div>\n\t\t<\/div>\n\t\t\t\t\t<\/div>\n\t\t<\/section>\n\t\t\t\t<section class=\"elementor-section elementor-top-section elementor-element elementor-element-b14a06d elementor-hidden-desktop elementor-hidden-tablet elementor-section-boxed elementor-section-height-default elementor-section-height-default\" data-id=\"b14a06d\" data-element_type=\"section\">\n\t\t\t\t\t\t<div class=\"elementor-container elementor-column-gap-default\">\n\t\t\t\t\t<div class=\"elementor-column elementor-col-100 elementor-top-column elementor-element elementor-element-cc8cc37\" data-id=\"cc8cc37\" data-element_type=\"column\">\n\t\t\t<div class=\"elementor-widget-wrap elementor-element-populated\">\n\t\t\t\t\t\t<div class=\"elementor-element elementor-element-d9f28d4 elementor-widget elementor-widget-image\" data-id=\"d9f28d4\" data-element_type=\"widget\" data-widget_type=\"image.default\">\n\t\t\t\t<div class=\"elementor-widget-container\">\n\t\t\t\t\t\t\t\t\t\t\t\t\t<img fetchpriority=\"high\" decoding=\"async\" width=\"1024\" height=\"427\" src=\"https:\/\/www.guidomaggi.ch\/wp-content\/uploads\/2019\/10\/Guido-Maggi-Elevator-shoes-structure-1024x427.jpg\" class=\"attachment-large size-large wp-image-14853\" alt=\"customized pair of black men&#039;s oxford shoes with shoemaker label - Guidomaggi Switzerland\" srcset=\"https:\/\/www.guidomaggi.ch\/wp-content\/uploads\/2019\/10\/Guido-Maggi-Elevator-shoes-structure-1024x427.jpg 1024w, https:\/\/www.guidomaggi.ch\/wp-content\/uploads\/2019\/10\/Guido-Maggi-Elevator-shoes-structure-800x333.jpg 800w, https:\/\/www.guidomaggi.ch\/wp-content\/uploads\/2019\/10\/Guido-Maggi-Elevator-shoes-structure-300x125.jpg 300w, https:\/\/www.guidomaggi.ch\/wp-content\/uploads\/2019\/10\/Guido-Maggi-Elevator-shoes-structure-768x320.jpg 768w, https:\/\/www.guidomaggi.ch\/wp-content\/uploads\/2019\/10\/Guido-Maggi-Elevator-shoes-structure.jpg 1920w\" sizes=\"(max-width: 1024px) 100vw, 1024px\" \/>\t\t\t\t\t\t\t\t\t\t\t\t\t<\/div>\n\t\t\t\t<\/div>\n\t\t\t\t\t<\/div>\n\t\t<\/div>\n\t\t\t\t\t<\/div>\n\t\t<\/section>\n\t\t\t\t<section class=\"elementor-section elementor-top-section elementor-element elementor-element-14f5739 elementor-section-boxed elementor-section-height-default elementor-section-height-default\" data-id=\"14f5739\" data-element_type=\"section\">\n\t\t\t\t\t\t<div class=\"elementor-container elementor-column-gap-default\">\n\t\t\t\t\t<div class=\"elementor-column elementor-col-33 elementor-top-column elementor-element elementor-element-b32d96a\" data-id=\"b32d96a\" data-element_type=\"column\">\n\t\t\t<div class=\"elementor-widget-wrap elementor-element-populated\">\n\t\t\t\t\t\t<div class=\"elementor-element elementor-element-415c86b elementor-widget elementor-widget-heading\" data-id=\"415c86b\" data-element_type=\"widget\" data-widget_type=\"heading.default\">\n\t\t\t\t<div class=\"elementor-widget-container\">\n\t\t\t<h2 class=\"elementor-heading-title elementor-size-default\">Struktur unserer Schuhe\n<\/h2>\t\t<\/div>\n\t\t\t\t<\/div>\n\t\t\t\t\t<\/div>\n\t\t<\/div>\n\t\t\t\t<div class=\"elementor-column elementor-col-33 elementor-top-column elementor-element elementor-element-5fd09ef\" data-id=\"5fd09ef\" data-element_type=\"column\">\n\t\t\t<div class=\"elementor-widget-wrap elementor-element-populated\">\n\t\t\t\t\t\t<div class=\"elementor-element elementor-element-2e623d0 elementor-widget elementor-widget-text-editor\" data-id=\"2e623d0\" data-element_type=\"widget\" data-widget_type=\"text-editor.default\">\n\t\t\t\t<div class=\"elementor-widget-container\">\n\t\t\t\t\t\t\t<ul><li>Weichlederfutter<\/li><li>Aussenmaterial aus vollnarbigem Leder<\/li><li>Aussenleder, Laufsohle und Zwischensohle mit sichtbarer Naht<\/li><li>Innensohle &#8211; 100% Echtleder<\/li><\/ul>\t\t\t\t\t\t<\/div>\n\t\t\t\t<\/div>\n\t\t\t\t\t<\/div>\n\t\t<\/div>\n\t\t\t\t<div class=\"elementor-column elementor-col-33 elementor-top-column elementor-element elementor-element-1c6087a\" data-id=\"1c6087a\" data-element_type=\"column\">\n\t\t\t<div class=\"elementor-widget-wrap elementor-element-populated\">\n\t\t\t\t\t\t<div class=\"elementor-element elementor-element-f7f9a7e elementor-widget elementor-widget-text-editor\" data-id=\"f7f9a7e\" data-element_type=\"widget\" data-widget_type=\"text-editor.default\">\n\t\t\t\t<div class=\"elementor-widget-container\">\n\t\t\t\t\t\t\t<ul><li>Polsterung sorgt f\u00fcr maximalen Komfort<\/li><li>Fersenkappe und Zehenkappe aus hochwertigem Material, um einen langanhaltenden Komfort zu gew\u00e4hrleisten.<\/li><li>Leder-Aussensohle und Ferse mit speziellem Anti-Rutsch-Gummi<\/li><li>Baumwollgewachste Schuhb\u00e4nder<\/li><\/ul>\t\t\t\t\t\t<\/div>\n\t\t\t\t<\/div>\n\t\t\t\t\t<\/div>\n\t\t<\/div>\n\t\t\t\t\t<\/div>\n\t\t<\/section>\n\t\t\t\t<section class=\"elementor-section elementor-top-section elementor-element elementor-element-09efa48 elementor-section-boxed elementor-section-height-default elementor-section-height-default\" data-id=\"09efa48\" data-element_type=\"section\">\n\t\t\t\t\t\t<div class=\"elementor-container elementor-column-gap-default\">\n\t\t\t\t\t<div class=\"elementor-column elementor-col-100 elementor-top-column elementor-element elementor-element-8564377\" data-id=\"8564377\" data-element_type=\"column\">\n\t\t\t<div class=\"elementor-widget-wrap elementor-element-populated\">\n\t\t\t\t\t\t<div class=\"elementor-element elementor-element-9329f83 elementor-align-center elementor-widget elementor-widget-button\" data-id=\"9329f83\" data-element_type=\"widget\" data-widget_type=\"button.default\">\n\t\t\t\t<div class=\"elementor-widget-container\">\n\t\t\t\t\t<div class=\"elementor-button-wrapper\">\n\t\t\t<a class=\"elementor-button elementor-button-link elementor-size-sm\" href=\"https:\/\/www.guidomaggi.ch\/shop\/\">\n\t\t\t\t\t\t<span class=\"elementor-button-content-wrapper\">\n\t\t\t\t\t\t<span class=\"elementor-button-text\">JETZT SHOPPEN<\/span>\n\t\t<\/span>\n\t\t\t\t\t<\/a>\n\t\t<\/div>\n\t\t\t\t<\/div>\n\t\t\t\t<\/div>\n\t\t\t\t\t<\/div>\n\t\t<\/div>\n\t\t\t\t\t<\/div>\n\t\t<\/section>\n\t\t\t\t<\/div>\n\t\t","protected":false},"excerpt":{"rendered":"<p>Wie wir unsere erh\u00f6ten Schuhe herstellen F\u00fcr diejenigen, die sich h\u00f6chste Qualit\u00e4t, anspruchsvolles Design, dauerhaften Komfort und bestes handgen\u00e4htes Leder w\u00fcnschen: diese Luxusschuhe erm\u00f6glichen nicht nur eine neue Gr\u00f6sse, sondern auch modisches und selbstbewusstes Aussehen. Baumwollgewachste Schn\u00fcrb\u00e4nder Weichlederfutter Fersen- und Zehenkappe Hochwertiges Material f\u00fcr lang anhaltenden Tragekomfort Erh\u00f6hte InnensohleHochentwickeltes, ergonomisches Design kombiniert mit einzigartigen innovativen [&hellip;]<\/p>\n","protected":false},"author":15,"featured_media":0,"parent":24505,"menu_order":1,"comment_status":"closed","ping_status":"closed","template":"","meta":{"site-sidebar-layout":"default","site-content-layout":"","ast-site-content-layout":"","site-content-style":"default","site-sidebar-style":"default","ast-global-header-display":"","ast-banner-title-visibility":"","ast-main-header-display":"","ast-hfb-above-header-display":"","ast-hfb-below-header-display":"","ast-hfb-mobile-header-display":"","site-post-title":"","ast-breadcrumbs-content":"","ast-featured-img":"","footer-sml-layout":"","theme-transparent-header-meta":"","adv-header-id-meta":"","stick-header-meta":"","header-above-stick-meta":"","header-main-stick-meta":"","header-below-stick-meta":"","astra-migrate-meta-layouts":"default","ast-page-background-enabled":"default","ast-page-background-meta":{"desktop":{"background-color":"","background-image":"","background-repeat":"repeat","background-position":"center center","background-size":"auto","background-attachment":"scroll","background-type":"","background-media":"","overlay-type":"","overlay-color":"","overlay-gradient":""},"tablet":{"background-color":"","background-image":"","background-repeat":"repeat","background-position":"center center","background-size":"auto","background-attachment":"scroll","background-type":"","background-media":"","overlay-type":"","overlay-color":"","overlay-gradient":""},"mobile":{"background-color":"","background-image":"","background-repeat":"repeat","background-position":"center center","background-size":"auto","background-attachment":"scroll","background-type":"","background-media":"","overlay-type":"","overlay-color":"","overlay-gradient":""}},"ast-content-background-meta":{"desktop":{"background-color":"var(--ast-global-color-5)","background-image":"","background-repeat":"repeat","background-position":"center center","background-size":"auto","background-attachment":"scroll","background-type":"","background-media":"","overlay-type":"","overlay-color":"","overlay-gradient":""},"tablet":{"background-color":"var(--ast-global-color-5)","background-image":"","background-repeat":"repeat","background-position":"center center","background-size":"auto","background-attachment":"scroll","background-type":"","background-media":"","overlay-type":"","overlay-color":"","overlay-gradient":""},"mobile":{"background-color":"var(--ast-global-color-5)","background-image":"","background-repeat":"repeat","background-position":"center center","background-size":"auto","background-attachment":"scroll","background-type":"","background-media":"","overlay-type":"","overlay-color":"","overlay-gradient":""}},"footnotes":""},"class_list":["post-24553","page","type-page","status-publish","hentry"],"_links":{"self":[{"href":"https:\/\/www.guidomaggi.ch\/de\/wp-json\/wp\/v2\/pages\/24553","targetHints":{"allow":["GET"]}}],"collection":[{"href":"https:\/\/www.guidomaggi.ch\/de\/wp-json\/wp\/v2\/pages"}],"about":[{"href":"https:\/\/www.guidomaggi.ch\/de\/wp-json\/wp\/v2\/types\/page"}],"author":[{"embeddable":true,"href":"https:\/\/www.guidomaggi.ch\/de\/wp-json\/wp\/v2\/users\/15"}],"replies":[{"embeddable":true,"href":"https:\/\/www.guidomaggi.ch\/de\/wp-json\/wp\/v2\/comments?post=24553"}],"version-history":[{"count":0,"href":"https:\/\/www.guidomaggi.ch\/de\/wp-json\/wp\/v2\/pages\/24553\/revisions"}],"up":[{"embeddable":true,"href":"https:\/\/www.guidomaggi.ch\/de\/wp-json\/wp\/v2\/pages\/24505"}],"wp:attachment":[{"href":"https:\/\/www.guidomaggi.ch\/de\/wp-json\/wp\/v2\/media?parent=24553"}],"curies":[{"name":"wp","href":"https:\/\/api.w.org\/{rel}","templated":true}]}}