{"id":24587,"date":"2019-10-16T08:44:55","date_gmt":"2019-10-16T08:44:55","guid":{"rendered":"https:\/\/www.guidomaggi.ch\/playground\/return-policy\/"},"modified":"2025-11-11T17:32:56","modified_gmt":"2025-11-11T16:32:56","slug":"rueckgaberichtlinien","status":"publish","type":"page","link":"https:\/\/www.guidomaggi.ch\/de\/rueckgaberichtlinien\/","title":{"rendered":"R\u00fcckgaberichtlinien"},"content":{"rendered":"\t\t<div data-elementor-type=\"wp-page\" data-elementor-id=\"24587\" class=\"elementor elementor-24587\" data-elementor-post-type=\"page\">\n\t\t\t\t\t\t<section class=\"elementor-section elementor-top-section elementor-element elementor-element-718c429 elementor-section-boxed elementor-section-height-default elementor-section-height-default\" data-id=\"718c429\" data-element_type=\"section\">\n\t\t\t\t\t\t<div class=\"elementor-container elementor-column-gap-default\">\n\t\t\t\t\t<div class=\"elementor-column elementor-col-50 elementor-top-column elementor-element elementor-element-6a87341\" data-id=\"6a87341\" data-element_type=\"column\">\n\t\t\t<div class=\"elementor-widget-wrap elementor-element-populated\">\n\t\t\t\t\t\t<div class=\"elementor-element elementor-element-bc53952 elementor-widget elementor-widget-text-editor\" data-id=\"bc53952\" data-element_type=\"widget\" data-widget_type=\"text-editor.default\">\n\t\t\t\t<div class=\"elementor-widget-container\">\n\t\t\t\t\t\t\t<h1 style=\"text-align: right;\">R\u00fcckgabebedingungen<\/h1>\t\t\t\t\t\t<\/div>\n\t\t\t\t<\/div>\n\t\t\t\t\t<\/div>\n\t\t<\/div>\n\t\t\t\t<div class=\"elementor-column elementor-col-50 elementor-top-column elementor-element elementor-element-5142b32\" data-id=\"5142b32\" data-element_type=\"column\">\n\t\t\t<div class=\"elementor-widget-wrap elementor-element-populated\">\n\t\t\t\t\t\t<div class=\"elementor-element elementor-element-5907baf elementor-widget elementor-widget-text-editor\" data-id=\"5907baf\" data-element_type=\"widget\" data-widget_type=\"text-editor.default\">\n\t\t\t\t<div class=\"elementor-widget-container\">\n\t\t\t\t\t\t\t<h2>R\u00dcCKGABERECHT<\/h2><p>Sie haben das Recht, Ihr Produkt innerhalb von 14 Tagen ohne Angabe von Gr\u00fcnden zur\u00fcckzugeben. Die R\u00fcckgabefrist endet nach 14 Tagen ab dem Tag, an dem Sie, ein Dritter oder der Spediteur, den Sie angegeben haben, den physischen Besitz der letzten Ware erworben hat. Um von dem Recht zur R\u00fcckgabe eines Produkts Gebrauch zu machen, m\u00fcssen Sie uns innerhalb von 14 Tagen nach der Auslieferung der Ware per E-Mail an <a href=\"mailto:guidomaggilv@gmail.com\">guidomaggilv@gmail.com<\/a><a href=\"mailto:info@guidomaggi.ch\" target=\"_blank\" rel=\"noopener\">\u00a0<\/a>informieren. Sie erhalten eine Best\u00e4tigungs-E-Mail mit den Instruktionen zur R\u00fccksendung der Ware.<\/p><p><strong>AUSWIRKUNGEN DER R\u00dcCKGABE<\/strong><\/p><p>Wenn Sie ein Produkt zur\u00fccksenden, erstattet die Safijen Fashion International GmbH den gezahlten Betrag zur\u00fcck. Wir werden die R\u00fcckerstattung mit dem gleichen Zahlungsmittel vornehmen, welches Sie bei der urspr\u00fcnglichen Bestellung ausw\u00e4hlten, sofern Sie nicht ausdr\u00fccklich eine andere Zahlungsmethode angegeben und vereinbart haben.<\/p><p><strong>Die R\u00fcckerstattung erfolgt so schnell wie m\u00f6glich, doch innerhalb von 14 Tagen nach Erhalt Ihrer Mitteilung.<\/strong> Wir behalten uns das Recht vor, mit der R\u00fcckerstattung zu warten, bis wir die Ware zur\u00fcckerhalten haben. Sie sind verpflichtet, die Ware unverz\u00fcglich, sp\u00e4testens jedoch 14 Tage nach dem Tag, an dem Sie uns Ihren Wunsch zur R\u00fccksendung eines Produkts mitgeteilt haben, an uns zur\u00fcckzusenden oder an uns zu \u00fcbergeben.\u00a0<b>Kostenlose R\u00fccksendung.<\/b><\/p><p>Bitte stellen Sie sicher, dass die Ware ungetragen ist (au\u00dfer zur Anprobe), komplett mit allem Zubeh\u00f6r und in der Originalverpackung. Sie k\u00f6nnen an unseren Kurier DPD oder an andere, die Sie bevorzugen, zur\u00fcckgegeben werden.<\/p><p><strong>Das Widerrufsrecht besteht nicht bei der Lieferung von Waren, die nach Ma\u00df angefertigt werden, nach den W\u00fcnschen des Kunden angefertigt werden oder eindeutig auf den Kunden zugeschnitten oder personalisiert sind. Es liegt jedoch im Ermessen des Verk\u00e4ufers, 70% des bezahlten Betrages zur\u00fcckzuerstatten.<\/strong><\/p><h2>Umtauschrecht<\/h2><p>Sie k\u00f6nnen innerhalb von 14 Tagen nach der Warenlieferung einen Umtausch beantragen. Sie m\u00fcssen uns per E-Mail an <a href=\"mailto:guidomaggilv@gmail.com\">guidomaggilv@gmail.com<\/a>\u00a0innerhalb von 14 Tagen nach der Warenlieferung informieren.<\/p><p>Die Ware kann durch Produkte mit dem gleichen Preis oder durch einen anderen Artikel ersetzt werden, in dem der K\u00e4ufer die Differenz bezahlt, falls er mehr kostet, zus\u00e4tzlich zu den Versandkosten.<\/p><p>F\u00fcr jeden gekauften Artikel hat der Kunde Anspruch auf 1 Umtausch gegen den gleichen Stil\/Preis.<\/p><p>Massgeschneiderte Artikel oder Artikel, die mit spezifischen \u00c4nderungsw\u00fcnschen hergestellt werden, sind vom Umtausch ausgeschlossen.<br \/>Wenn die zur\u00fcckgegebene Ware nicht angenommen werden kann, weil sie nicht mit den oben genannten Angaben \u00fcbereinstimmt, wird der Kunde kontaktiert und informiert. In diesem Fall werden Ihnen die gekauften Produkte gegen Zahlung der Versandkosten zur\u00fcckerstattet.<\/p><p>Wenn Sie diesen Bedingungen widersprechen, beh\u00e4lt sich die Safijen Fashion International GmbH das Recht vor, das Produkt und seinen Betrag zu behalten.<\/p>\t\t\t\t\t\t<\/div>\n\t\t\t\t<\/div>\n\t\t\t\t\t<\/div>\n\t\t<\/div>\n\t\t\t\t\t<\/div>\n\t\t<\/section>\n\t\t\t\t<\/div>\n\t\t","protected":false},"excerpt":{"rendered":"<p>R\u00fcckgabebedingungen R\u00dcCKGABERECHT Sie haben das Recht, Ihr Produkt innerhalb von 14 Tagen ohne Angabe von Gr\u00fcnden zur\u00fcckzugeben. Die R\u00fcckgabefrist endet nach 14 Tagen ab dem Tag, an dem Sie, ein Dritter oder der Spediteur, den Sie angegeben haben, den physischen Besitz der letzten Ware erworben hat. Um von dem Recht zur R\u00fcckgabe eines Produkts Gebrauch [&hellip;]<\/p>\n","protected":false},"author":15,"featured_media":0,"parent":0,"menu_order":5,"comment_status":"closed","ping_status":"closed","template":"","meta":{"site-sidebar-layout":"default","site-content-layout":"","ast-site-content-layout":"","site-content-style":"default","site-sidebar-style":"default","ast-global-header-display":"","ast-banner-title-visibility":"","ast-main-header-display":"","ast-hfb-above-header-display":"","ast-hfb-below-header-display":"","ast-hfb-mobile-header-display":"","site-post-title":"","ast-breadcrumbs-content":"","ast-featured-img":"","footer-sml-layout":"","theme-transparent-header-meta":"","adv-header-id-meta":"","stick-header-meta":"","header-above-stick-meta":"","header-main-stick-meta":"","header-below-stick-meta":"","astra-migrate-meta-layouts":"default","ast-page-background-enabled":"default","ast-page-background-meta":{"desktop":{"background-color":"","background-image":"","background-repeat":"repeat","background-position":"center center","background-size":"auto","background-attachment":"scroll","background-type":"","background-media":"","overlay-type":"","overlay-color":"","overlay-gradient":""},"tablet":{"background-color":"","background-image":"","background-repeat":"repeat","background-position":"center center","background-size":"auto","background-attachment":"scroll","background-type":"","background-media":"","overlay-type":"","overlay-color":"","overlay-gradient":""},"mobile":{"background-color":"","background-image":"","background-repeat":"repeat","background-position":"center center","background-size":"auto","background-attachment":"scroll","background-type":"","background-media":"","overlay-type":"","overlay-color":"","overlay-gradient":""}},"ast-content-background-meta":{"desktop":{"background-color":"var(--ast-global-color-5)","background-image":"","background-repeat":"repeat","background-position":"center center","background-size":"auto","background-attachment":"scroll","background-type":"","background-media":"","overlay-type":"","overlay-color":"","overlay-gradient":""},"tablet":{"background-color":"var(--ast-global-color-5)","background-image":"","background-repeat":"repeat","background-position":"center center","background-size":"auto","background-attachment":"scroll","background-type":"","background-media":"","overlay-type":"","overlay-color":"","overlay-gradient":""},"mobile":{"background-color":"var(--ast-global-color-5)","background-image":"","background-repeat":"repeat","background-position":"center center","background-size":"auto","background-attachment":"scroll","background-type":"","background-media":"","overlay-type":"","overlay-color":"","overlay-gradient":""}},"footnotes":""},"class_list":["post-24587","page","type-page","status-publish","hentry"],"_links":{"self":[{"href":"https:\/\/www.guidomaggi.ch\/de\/wp-json\/wp\/v2\/pages\/24587","targetHints":{"allow":["GET"]}}],"collection":[{"href":"https:\/\/www.guidomaggi.ch\/de\/wp-json\/wp\/v2\/pages"}],"about":[{"href":"https:\/\/www.guidomaggi.ch\/de\/wp-json\/wp\/v2\/types\/page"}],"author":[{"embeddable":true,"href":"https:\/\/www.guidomaggi.ch\/de\/wp-json\/wp\/v2\/users\/15"}],"replies":[{"embeddable":true,"href":"https:\/\/www.guidomaggi.ch\/de\/wp-json\/wp\/v2\/comments?post=24587"}],"version-history":[{"count":5,"href":"https:\/\/www.guidomaggi.ch\/de\/wp-json\/wp\/v2\/pages\/24587\/revisions"}],"predecessor-version":[{"id":489970,"href":"https:\/\/www.guidomaggi.ch\/de\/wp-json\/wp\/v2\/pages\/24587\/revisions\/489970"}],"wp:attachment":[{"href":"https:\/\/www.guidomaggi.ch\/de\/wp-json\/wp\/v2\/media?parent=24587"}],"curies":[{"name":"wp","href":"https:\/\/api.w.org\/{rel}","templated":true}]}}