{"id":24611,"date":"2019-05-16T06:07:35","date_gmt":"2019-05-16T06:07:35","guid":{"rendered":"https:\/\/www.guidomaggi.ch\/playground\/privacy-policy\/"},"modified":"2025-11-11T18:08:48","modified_gmt":"2025-11-11T17:08:48","slug":"datenschutz","status":"publish","type":"page","link":"https:\/\/www.guidomaggi.ch\/de\/datenschutz\/","title":{"rendered":"Datenschutz"},"content":{"rendered":"\t\t<div data-elementor-type=\"wp-page\" data-elementor-id=\"24611\" class=\"elementor elementor-24611\" data-elementor-post-type=\"page\">\n\t\t\t\t\t\t<section class=\"elementor-section elementor-top-section elementor-element elementor-element-44b9211b elementor-section-boxed elementor-section-height-default elementor-section-height-default\" data-id=\"44b9211b\" data-element_type=\"section\">\n\t\t\t\t\t\t<div class=\"elementor-container elementor-column-gap-default\">\n\t\t\t\t\t<div class=\"elementor-column elementor-col-50 elementor-top-column elementor-element elementor-element-1aa4fa55\" data-id=\"1aa4fa55\" data-element_type=\"column\">\n\t\t\t<div class=\"elementor-widget-wrap elementor-element-populated\">\n\t\t\t\t\t\t<div class=\"elementor-element elementor-element-4647d467 elementor-widget elementor-widget-text-editor\" data-id=\"4647d467\" data-element_type=\"widget\" data-widget_type=\"text-editor.default\">\n\t\t\t\t<div class=\"elementor-widget-container\">\n\t\t\t\t\t\t\t<h1 style=\"text-align: right;\">Datenschutz<\/h1>\t\t\t\t\t\t<\/div>\n\t\t\t\t<\/div>\n\t\t\t\t\t<\/div>\n\t\t<\/div>\n\t\t\t\t<div class=\"elementor-column elementor-col-50 elementor-top-column elementor-element elementor-element-9159a16\" data-id=\"9159a16\" data-element_type=\"column\">\n\t\t\t<div class=\"elementor-widget-wrap elementor-element-populated\">\n\t\t\t\t\t\t<div class=\"elementor-element elementor-element-677ee81 elementor-widget elementor-widget-text-editor\" data-id=\"677ee81\" data-element_type=\"widget\" data-widget_type=\"text-editor.default\">\n\t\t\t\t<div class=\"elementor-widget-container\">\n\t\t\t\t\t\t\t<p><strong>WER SIND WIR<br \/><\/strong>Unsere Website-Adresse lautet: https:\/\/www.guidomaggi.ch\/<\/p><p><strong>WELCHE PERSONENBEZOGENEN DATEN WIR ERHEBEN UND WARUM WIR SIE ANFORDERN<\/strong><br \/><strong>KONTAKTFORMULARE<br \/><\/strong>Die von Ihnen in unseren Kontaktformularen angegebenen Daten werden nur zur Erf\u00fcllung der ersten Anfrage verwendet. Die GUIDOMAGGI SIA speichert Ihre Daten nicht und wird sie auch nicht f\u00fcr andere Zwecke verwenden.<\/p><p><strong>COOKIES<\/strong><br \/>Wenn Sie unsere Kontaktformulare auf unserer Website verwenden, k\u00f6nnen Sie sich daf\u00fcr entscheiden, Ihren Namen, Ihre E-Mail-Adresse und Ihre Website in Form von Cookies zu speichern. Diese dienen Ihrer Bequemlichkeit, damit Sie Ihre Daten nicht noch einmal eingeben m\u00fcssen, wenn Sie uns erneut kontaktieren oder einen anderen Kommentar abgeben. Diese Cookies bleiben ein Jahr erhalten.<\/p><p>Wenn Sie unsere Login-Seite besuchen, setzen wir ein tempor\u00e4res Cookie, um festzustellen, ob Ihr Browser Cookies akzeptiert. Dieses Cookie enth\u00e4lt keine personenbezogenen Daten und wird beim Schlie\u00dfen Ihres Browsers automatisch gel\u00f6scht.<\/p><p>Wenn Sie sich einloggen, richten wir auch mehrere Cookies ein, um Ihre Login-Daten und Ihre Bildschirmanzeigeoptionen zu speichern. Login-Cookies dauern zwei Tage, und Cookies f\u00fcr Bildschirmoptionen gelten ein Jahr lang. <br \/>Wenn Sie &#8220;Merken&#8221; w\u00e4hlen, bleibt Ihr Login zwei Wochen lang bestehen. Wenn Sie sich von Ihrem Konto abmelden, werden die Login-Cookies deaktiviert.<\/p><p><strong>GOOGLE ANALYTICS<\/strong><br \/>Wir verwenden Google Analytics, um die Nutzung der Website zu analysieren. Wir verwenden die erhaltenen Daten, um unsere Website f\u00fcr Sie laufend zu optimieren.<\/p><p>Google Analytics ist ein Webanalysedienstleistung, der von der Google Inc. betrieben und bereitgestellt wird. (1600 Amphitheater Parkway, Mountain View, CA 94043, Vereinigte Staaten). Google wertet die Daten der Website-Nutzung in unserem Auftrag aus und ist vertraglich verpflichtet, Ma\u00dfnahmen zu ergreifen, um die Vertraulichkeit der Daten zu gew\u00e4hrleisten.<\/p><p>W\u00e4hrend Ihres Besuchs auf der Website wurden unter anderem folgende Daten erfasst:<\/p><p>Aufgerufene Seiten<br \/>Ihr Verhalten auf den Internetseiten (z.B. Klicks, Scrollverhalten und Verweildauer)<br \/>Ihre ungef\u00e4hre Position (Land und Stadt)<br \/>Ihre IP-Adresse (in anonymer Form, so dass keine eindeutige Zuordnung m\u00f6glich ist)<br \/>Technische Informationen wie Browser, Internet-Anbieter, Terminal und Bildschirmaufl\u00f6sung, Herkunft Ihres Besuchs (d.h. \u00fcber welche Website oder \u00fcber welches Werbematerial Sie zu uns gekommen sind) Google Analytics speichert Cookies in Ihrem Webbrowser f\u00fcr einen Zeitraum von zwei Jahren seit Ihrem letzten Besuch. Diese Cookies enthalten eine zuf\u00e4llig generierte Benutzer-ID, die es Ihnen erm\u00f6glicht, bei zuk\u00fcnftigen Besuchen der Website erkannt zu werden.<\/p><p>Die erfassten Daten werden zusammen mit der zuf\u00e4llig generierten Benutzer-ID gespeichert, die die Auswertung pseudonymer Benutzerprofile erm\u00f6glicht. Diese nutzerbezogenen Daten werden nach 26 Monaten automatisch gel\u00f6scht. Andere Daten bleiben in aggregierter Form auf unbestimmte Zeit gespeichert.<\/p><p>Wenn Sie mit der Datenerhebung nicht einverstanden sind, k\u00f6nnen Sie dies tun, indem Sie das Browser-Add-on installieren, um Google Analytics zu deaktivieren.<\/p><p><strong>WELCHE RECHTE SIE AN IHREN DATEN HABEN.<\/strong><br \/>Wenn Sie ein Benutzerkonto auf dieser Website haben oder Kommentare hinterlassen haben, k\u00f6nnen Sie eine exportierte Datei mit den personenbezogenen Daten, die wir \u00fcber Sie gespeichert haben, anfordern, einschlie\u00dflich aller Daten, die Sie uns zur Verf\u00fcgung gestellt haben. Sie k\u00f6nnen auch verlangen, dass wir alle personenbezogenen Daten, die wir \u00fcber Sie gespeichert haben, l\u00f6schen. Ausgenommen hiervon sind Daten, zu deren Aufbewahrung wir aus administrativen, rechtlichen oder sicherheitsrelevanten Gr\u00fcnden verpflichtet sind.<\/p>\t\t\t\t\t\t<\/div>\n\t\t\t\t<\/div>\n\t\t\t\t\t<\/div>\n\t\t<\/div>\n\t\t\t\t\t<\/div>\n\t\t<\/section>\n\t\t\t\t<\/div>\n\t\t","protected":false},"excerpt":{"rendered":"<p>Datenschutz WER SIND WIRUnsere Website-Adresse lautet: https:\/\/www.guidomaggi.ch\/ WELCHE PERSONENBEZOGENEN DATEN WIR ERHEBEN UND WARUM WIR SIE ANFORDERNKONTAKTFORMULAREDie von Ihnen in unseren Kontaktformularen angegebenen Daten werden nur zur Erf\u00fcllung der ersten Anfrage verwendet. Die GUIDOMAGGI SIA speichert Ihre Daten nicht und wird sie auch nicht f\u00fcr andere Zwecke verwenden. COOKIESWenn Sie unsere Kontaktformulare auf unserer Website [&hellip;]<\/p>\n","protected":false},"author":15,"featured_media":0,"parent":0,"menu_order":6,"comment_status":"closed","ping_status":"closed","template":"","meta":{"site-sidebar-layout":"default","site-content-layout":"","ast-site-content-layout":"","site-content-style":"default","site-sidebar-style":"default","ast-global-header-display":"","ast-banner-title-visibility":"","ast-main-header-display":"","ast-hfb-above-header-display":"","ast-hfb-below-header-display":"","ast-hfb-mobile-header-display":"","site-post-title":"","ast-breadcrumbs-content":"","ast-featured-img":"","footer-sml-layout":"","theme-transparent-header-meta":"","adv-header-id-meta":"","stick-header-meta":"","header-above-stick-meta":"","header-main-stick-meta":"","header-below-stick-meta":"","astra-migrate-meta-layouts":"default","ast-page-background-enabled":"default","ast-page-background-meta":{"desktop":{"background-color":"","background-image":"","background-repeat":"repeat","background-position":"center center","background-size":"auto","background-attachment":"scroll","background-type":"","background-media":"","overlay-type":"","overlay-color":"","overlay-gradient":""},"tablet":{"background-color":"","background-image":"","background-repeat":"repeat","background-position":"center center","background-size":"auto","background-attachment":"scroll","background-type":"","background-media":"","overlay-type":"","overlay-color":"","overlay-gradient":""},"mobile":{"background-color":"","background-image":"","background-repeat":"repeat","background-position":"center center","background-size":"auto","background-attachment":"scroll","background-type":"","background-media":"","overlay-type":"","overlay-color":"","overlay-gradient":""}},"ast-content-background-meta":{"desktop":{"background-color":"var(--ast-global-color-5)","background-image":"","background-repeat":"repeat","background-position":"center center","background-size":"auto","background-attachment":"scroll","background-type":"","background-media":"","overlay-type":"","overlay-color":"","overlay-gradient":""},"tablet":{"background-color":"var(--ast-global-color-5)","background-image":"","background-repeat":"repeat","background-position":"center center","background-size":"auto","background-attachment":"scroll","background-type":"","background-media":"","overlay-type":"","overlay-color":"","overlay-gradient":""},"mobile":{"background-color":"var(--ast-global-color-5)","background-image":"","background-repeat":"repeat","background-position":"center center","background-size":"auto","background-attachment":"scroll","background-type":"","background-media":"","overlay-type":"","overlay-color":"","overlay-gradient":""}},"footnotes":""},"class_list":["post-24611","page","type-page","status-publish","hentry"],"_links":{"self":[{"href":"https:\/\/www.guidomaggi.ch\/de\/wp-json\/wp\/v2\/pages\/24611","targetHints":{"allow":["GET"]}}],"collection":[{"href":"https:\/\/www.guidomaggi.ch\/de\/wp-json\/wp\/v2\/pages"}],"about":[{"href":"https:\/\/www.guidomaggi.ch\/de\/wp-json\/wp\/v2\/types\/page"}],"author":[{"embeddable":true,"href":"https:\/\/www.guidomaggi.ch\/de\/wp-json\/wp\/v2\/users\/15"}],"replies":[{"embeddable":true,"href":"https:\/\/www.guidomaggi.ch\/de\/wp-json\/wp\/v2\/comments?post=24611"}],"version-history":[{"count":3,"href":"https:\/\/www.guidomaggi.ch\/de\/wp-json\/wp\/v2\/pages\/24611\/revisions"}],"predecessor-version":[{"id":490028,"href":"https:\/\/www.guidomaggi.ch\/de\/wp-json\/wp\/v2\/pages\/24611\/revisions\/490028"}],"wp:attachment":[{"href":"https:\/\/www.guidomaggi.ch\/de\/wp-json\/wp\/v2\/media?parent=24611"}],"curies":[{"name":"wp","href":"https:\/\/api.w.org\/{rel}","templated":true}]}}