{"id":27661,"date":"2019-12-12T14:27:50","date_gmt":"2019-12-12T14:27:50","guid":{"rendered":"https:\/\/www.guidomaggi.ch\/playground\/?page_id=27661"},"modified":"2021-07-27T17:57:40","modified_gmt":"2021-07-27T15:57:40","slug":"avantages-des-chaussures-rehaussantes","status":"publish","type":"page","link":"https:\/\/www.guidomaggi.ch\/fr\/a-propos-de-nous\/avantages-des-chaussures-rehaussantes\/","title":{"rendered":"Avantages des chaussures rehaussantes"},"content":{"rendered":"\t\t<div data-elementor-type=\"wp-page\" data-elementor-id=\"27661\" class=\"elementor elementor-27661 elementor-24537\" data-elementor-post-type=\"page\">\n\t\t\t\t\t\t<section class=\"elementor-section elementor-top-section elementor-element elementor-element-7734268 elementor-section-boxed elementor-section-height-default elementor-section-height-default\" data-id=\"7734268\" data-element_type=\"section\">\n\t\t\t\t\t\t<div class=\"elementor-container elementor-column-gap-default\">\n\t\t\t\t\t<div class=\"elementor-column elementor-col-50 elementor-top-column elementor-element elementor-element-dd752ce\" data-id=\"dd752ce\" data-element_type=\"column\">\n\t\t\t<div class=\"elementor-widget-wrap elementor-element-populated\">\n\t\t\t\t\t\t<div class=\"elementor-element elementor-element-962944f elementor-widget elementor-widget-heading\" data-id=\"962944f\" data-element_type=\"widget\" data-widget_type=\"heading.default\">\n\t\t\t\t<div class=\"elementor-widget-container\">\n\t\t\t<h1 class=\"elementor-heading-title elementor-size-default\">Les avantages des chaussures rehaussantes Guidomaggi<\/h1>\t\t<\/div>\n\t\t\t\t<\/div>\n\t\t\t\t\t<\/div>\n\t\t<\/div>\n\t\t\t\t<div class=\"elementor-column elementor-col-50 elementor-top-column elementor-element elementor-element-ec0dbdb\" data-id=\"ec0dbdb\" data-element_type=\"column\">\n\t\t\t<div class=\"elementor-widget-wrap elementor-element-populated\">\n\t\t\t\t\t\t<div class=\"elementor-element elementor-element-049b70c elementor-widget elementor-widget-text-editor\" data-id=\"049b70c\" data-element_type=\"widget\" data-widget_type=\"text-editor.default\">\n\t\t\t\t<div class=\"elementor-widget-container\">\n\t\t\t\t\t\t\t<p>Vous vous demandez peut-\u00eatre dans quelle mesure les chaussures de luxe Guidomaggi peuvent am\u00e9liorer votre stature, sans attirer l&#8217;attention sur elles en tant que <a href=\"https:\/\/www.guidomaggi.ch\/fr\/\">chaussures sur\u00e9lev\u00e9es<\/a>.<\/p><p>Vous verrez comment ces chaussures extraordinaires peuvent \u00e9lever votre stature et votre confort sans sacrifier la mode ni r\u00e9v\u00e9ler votre secret. Beaucoup d&#8217;hommes et de femmes qui ach\u00e8tent des souliers rehaussantes ne sont pas n\u00e9cessairement tr\u00e8s courts (en fait, l&#8217;homme moyen mesure 179 cm de hauteur; la femme moyenne mesure 167 cm). <strong>La plupart des clients qui ach\u00e8tent des chaussures de luxe Guidomaggi ont des femmes qui portent r\u00e9guli\u00e8rement des talons hauts.<\/strong> Certains travaillent en fait dans des <strong>professions o\u00f9 se tenir debout est important<\/strong> pour leur r\u00e9ussite.<\/p><p>De plus, les chaussures Guidomaggi <strong>aident \u00e0 corriger une asym\u00e9trie dans les membres inf\u00e9rieurs<\/strong>: une diff\u00e9rence de longueur des jambes, ainsi que des conditions potentiellement graves telles que la scoliose, le pied bot, etc. peuvent entra\u00eener des maux de dos et une mauvaise posture, si elles ne sont pas trait\u00e9es correctement. GuidoMaggi propose une large collection de chaussures qui peuvent aider \u00e0 corriger cette diff\u00e9rence de hauteur. Avec l&#8217;aide d&#8217;<a href=\"https:\/\/www.guidomaggi.ch\/fr\/a-propos-de-nous\/structure-de-nos-chaussures\/\">artisans<\/a> et de m\u00e9decins orthop\u00e9distes italiens, nous sommes en mesure d&#8217;\u00e9tudier l&#8217;asym\u00e9trie de chaque client pour d\u00e9velopper un syst\u00e8me de semelles personnalis\u00e9es.<\/p>\t\t\t\t\t\t<\/div>\n\t\t\t\t<\/div>\n\t\t\t\t\t<\/div>\n\t\t<\/div>\n\t\t\t\t\t<\/div>\n\t\t<\/section>\n\t\t\t\t<section class=\"elementor-section elementor-top-section elementor-element elementor-element-9423946 elementor-section-content-middle elementor-section-stretched elementor-section-boxed elementor-section-height-default elementor-section-height-default\" data-id=\"9423946\" data-element_type=\"section\" data-settings=\"{&quot;stretch_section&quot;:&quot;section-stretched&quot;,&quot;background_background&quot;:&quot;classic&quot;}\">\n\t\t\t\t\t\t<div class=\"elementor-container elementor-column-gap-default\">\n\t\t\t\t\t<div class=\"elementor-column elementor-col-33 elementor-top-column elementor-element elementor-element-a28ef92\" data-id=\"a28ef92\" data-element_type=\"column\">\n\t\t\t<div class=\"elementor-widget-wrap elementor-element-populated\">\n\t\t\t\t\t\t<div class=\"elementor-element elementor-element-69fc4de elementor-widget elementor-widget-heading\" data-id=\"69fc4de\" data-element_type=\"widget\" data-widget_type=\"heading.default\">\n\t\t\t\t<div class=\"elementor-widget-container\">\n\t\t\t<h2 class=\"elementor-heading-title elementor-size-default\">Avant et apr\u00e8s les chaussures rehaussantes<\/h2>\t\t<\/div>\n\t\t\t\t<\/div>\n\t\t\t\t<div class=\"elementor-element elementor-element-dcb68bb elementor-widget elementor-widget-text-editor\" data-id=\"dcb68bb\" data-element_type=\"widget\" data-widget_type=\"text-editor.default\">\n\t\t\t\t<div class=\"elementor-widget-container\">\n\t\t\t\t\t\t\t<p>La meilleure fa\u00e7on est de voir de vos propres yeux comment les chaussures \u00e9l\u00e9vatrices de GuidoMaggi peuvent <strong>augmenter votre taille et <\/strong><strong>am\u00e9liorer votre apparence<\/strong>. Dans l&#8217;image, vous pouvez voir comment la taille et la posture des hommes changent simplement en portant une paire de chaussures GuidoMaggi avec un soul\u00e8vement int\u00e9rieur.<\/p><p>Avec les chaussures traditionnelles pour hommes, le mod\u00e8le atteindrait un maximum de 170 cm, tout en portant les <a href=\"https:\/\/www.guidomaggi.ch\/fr\/shop\/\">chaussures rehaussantes de GuidoMaggi<\/a>, il atteint une nouvelle hauteur de 180 cm.<\/p><p>En plus d&#8217;augmenter la hauteur, le mod\u00e8le est visiblement <strong>plus mince et plus autoritaire<\/strong>. Il reste plus <br \/>grand que le mod\u00e8le m\u00eame lorsqu&#8217;elle porte une paire de talons hauts.<\/p>\t\t\t\t\t\t<\/div>\n\t\t\t\t<\/div>\n\t\t\t\t<div class=\"elementor-element elementor-element-cd63dec elementor-widget elementor-widget-button\" data-id=\"cd63dec\" data-element_type=\"widget\" data-widget_type=\"button.default\">\n\t\t\t\t<div class=\"elementor-widget-container\">\n\t\t\t\t\t<div class=\"elementor-button-wrapper\">\n\t\t\t<a class=\"elementor-button elementor-button-link elementor-size-sm\" href=\"https:\/\/www.guidomaggi.ch\/fr\/shop\/\">\n\t\t\t\t\t\t<span class=\"elementor-button-content-wrapper\">\n\t\t\t\t\t\t<span class=\"elementor-button-text\">ACHETER MAINTENANT<\/span>\n\t\t<\/span>\n\t\t\t\t\t<\/a>\n\t\t<\/div>\n\t\t\t\t<\/div>\n\t\t\t\t<\/div>\n\t\t\t\t\t<\/div>\n\t\t<\/div>\n\t\t\t\t<div class=\"elementor-column elementor-col-66 elementor-top-column elementor-element elementor-element-a8ffc53\" data-id=\"a8ffc53\" data-element_type=\"column\">\n\t\t\t<div class=\"elementor-widget-wrap elementor-element-populated\">\n\t\t\t\t\t\t<div class=\"elementor-element elementor-element-903c15f elementor-widget elementor-widget-image\" data-id=\"903c15f\" data-element_type=\"widget\" data-widget_type=\"image.default\">\n\t\t\t\t<div class=\"elementor-widget-container\">\n\t\t\t\t\t\t\t\t\t\t\t\t\t<img fetchpriority=\"high\" decoding=\"async\" width=\"570\" height=\"450\" src=\"https:\/\/www.guidomaggi.ch\/wp-content\/uploads\/2021\/07\/Vor-und-nach-Absatzsschuhen\u200b-Guidomaggi.jpg\" class=\"attachment-medium_large size-medium_large wp-image-471231\" alt=\"Guidomaggi height increasing italian Shoes before after\" srcset=\"https:\/\/www.guidomaggi.ch\/wp-content\/uploads\/2021\/07\/Vor-und-nach-Absatzsschuhen\u200b-Guidomaggi.jpg 570w, https:\/\/www.guidomaggi.ch\/wp-content\/uploads\/2021\/07\/Vor-und-nach-Absatzsschuhen\u200b-Guidomaggi-300x237.jpg 300w\" sizes=\"(max-width: 570px) 100vw, 570px\" \/>\t\t\t\t\t\t\t\t\t\t\t\t\t<\/div>\n\t\t\t\t<\/div>\n\t\t\t\t\t<\/div>\n\t\t<\/div>\n\t\t\t\t\t<\/div>\n\t\t<\/section>\n\t\t\t\t<\/div>\n\t\t","protected":false},"excerpt":{"rendered":"<p>Les avantages des chaussures rehaussantes Guidomaggi Vous vous demandez peut-\u00eatre dans quelle mesure les chaussures de luxe Guidomaggi peuvent am\u00e9liorer votre stature, sans attirer l&#8217;attention sur elles en tant que chaussures sur\u00e9lev\u00e9es. Vous verrez comment ces chaussures extraordinaires peuvent \u00e9lever votre stature et votre confort sans sacrifier la mode ni r\u00e9v\u00e9ler votre secret. Beaucoup d&#8217;hommes [&hellip;]<\/p>\n","protected":false},"author":15,"featured_media":378855,"parent":27951,"menu_order":2,"comment_status":"closed","ping_status":"closed","template":"","meta":{"site-sidebar-layout":"default","site-content-layout":"default","ast-site-content-layout":"","site-content-style":"default","site-sidebar-style":"default","ast-global-header-display":"","ast-banner-title-visibility":"","ast-main-header-display":"","ast-hfb-above-header-display":"","ast-hfb-below-header-display":"","ast-hfb-mobile-header-display":"","site-post-title":"","ast-breadcrumbs-content":"","ast-featured-img":"","footer-sml-layout":"","theme-transparent-header-meta":"default","adv-header-id-meta":"","stick-header-meta":"","header-above-stick-meta":"","header-main-stick-meta":"","header-below-stick-meta":"","astra-migrate-meta-layouts":"default","ast-page-background-enabled":"default","ast-page-background-meta":{"desktop":{"background-color":"","background-image":"","background-repeat":"repeat","background-position":"center center","background-size":"auto","background-attachment":"scroll","background-type":"","background-media":"","overlay-type":"","overlay-color":"","overlay-gradient":""},"tablet":{"background-color":"","background-image":"","background-repeat":"repeat","background-position":"center center","background-size":"auto","background-attachment":"scroll","background-type":"","background-media":"","overlay-type":"","overlay-color":"","overlay-gradient":""},"mobile":{"background-color":"","background-image":"","background-repeat":"repeat","background-position":"center center","background-size":"auto","background-attachment":"scroll","background-type":"","background-media":"","overlay-type":"","overlay-color":"","overlay-gradient":""}},"ast-content-background-meta":{"desktop":{"background-color":"var(--ast-global-color-5)","background-image":"","background-repeat":"repeat","background-position":"center center","background-size":"auto","background-attachment":"scroll","background-type":"","background-media":"","overlay-type":"","overlay-color":"","overlay-gradient":""},"tablet":{"background-color":"var(--ast-global-color-5)","background-image":"","background-repeat":"repeat","background-position":"center center","background-size":"auto","background-attachment":"scroll","background-type":"","background-media":"","overlay-type":"","overlay-color":"","overlay-gradient":""},"mobile":{"background-color":"var(--ast-global-color-5)","background-image":"","background-repeat":"repeat","background-position":"center center","background-size":"auto","background-attachment":"scroll","background-type":"","background-media":"","overlay-type":"","overlay-color":"","overlay-gradient":""}},"footnotes":""},"class_list":["post-27661","page","type-page","status-publish","has-post-thumbnail","hentry"],"_links":{"self":[{"href":"https:\/\/www.guidomaggi.ch\/fr\/wp-json\/wp\/v2\/pages\/27661","targetHints":{"allow":["GET"]}}],"collection":[{"href":"https:\/\/www.guidomaggi.ch\/fr\/wp-json\/wp\/v2\/pages"}],"about":[{"href":"https:\/\/www.guidomaggi.ch\/fr\/wp-json\/wp\/v2\/types\/page"}],"author":[{"embeddable":true,"href":"https:\/\/www.guidomaggi.ch\/fr\/wp-json\/wp\/v2\/users\/15"}],"replies":[{"embeddable":true,"href":"https:\/\/www.guidomaggi.ch\/fr\/wp-json\/wp\/v2\/comments?post=27661"}],"version-history":[{"count":0,"href":"https:\/\/www.guidomaggi.ch\/fr\/wp-json\/wp\/v2\/pages\/27661\/revisions"}],"up":[{"embeddable":true,"href":"https:\/\/www.guidomaggi.ch\/fr\/wp-json\/wp\/v2\/pages\/27951"}],"wp:featuredmedia":[{"embeddable":true,"href":"https:\/\/www.guidomaggi.ch\/fr\/wp-json\/wp\/v2\/media\/378855"}],"wp:attachment":[{"href":"https:\/\/www.guidomaggi.ch\/fr\/wp-json\/wp\/v2\/media?parent=27661"}],"curies":[{"name":"wp","href":"https:\/\/api.w.org\/{rel}","templated":true}]}}