{"id":27951,"date":"2019-10-11T10:01:59","date_gmt":"2019-10-11T10:01:59","guid":{"rendered":"https:\/\/www.guidomaggi.ch\/playground\/about-us\/"},"modified":"2022-09-13T09:40:56","modified_gmt":"2022-09-13T07:40:56","slug":"a-propos-de-nous","status":"publish","type":"page","link":"https:\/\/www.guidomaggi.ch\/fr\/a-propos-de-nous\/","title":{"rendered":"\u00c0 propos de Guidomaggi"},"content":{"rendered":"\t\t<div data-elementor-type=\"wp-page\" data-elementor-id=\"27951\" class=\"elementor elementor-27951 elementor-24505\" data-elementor-post-type=\"page\">\n\t\t\t\t\t\t<section class=\"elementor-section elementor-top-section elementor-element elementor-element-f2befef elementor-section-boxed elementor-section-height-default elementor-section-height-default\" data-id=\"f2befef\" data-element_type=\"section\">\n\t\t\t\t\t\t<div class=\"elementor-container elementor-column-gap-default\">\n\t\t\t\t\t<div class=\"elementor-column elementor-col-50 elementor-top-column elementor-element elementor-element-8883263\" data-id=\"8883263\" data-element_type=\"column\">\n\t\t\t<div class=\"elementor-widget-wrap elementor-element-populated\">\n\t\t\t\t\t\t<div class=\"elementor-element elementor-element-7e80065 elementor-widget elementor-widget-heading\" data-id=\"7e80065\" data-element_type=\"widget\" data-widget_type=\"heading.default\">\n\t\t\t\t<div class=\"elementor-widget-container\">\n\t\t\t<h1 class=\"elementor-heading-title elementor-size-default\">100 ans d'artisanat italien\nde la chaussure<\/h1>\t\t<\/div>\n\t\t\t\t<\/div>\n\t\t\t\t\t<\/div>\n\t\t<\/div>\n\t\t\t\t<div class=\"elementor-column elementor-col-50 elementor-top-column elementor-element elementor-element-002fdb0\" data-id=\"002fdb0\" data-element_type=\"column\">\n\t\t\t<div class=\"elementor-widget-wrap elementor-element-populated\">\n\t\t\t\t\t\t<div class=\"elementor-element elementor-element-355081f elementor-widget elementor-widget-text-editor\" data-id=\"355081f\" data-element_type=\"widget\" data-widget_type=\"text-editor.default\">\n\t\t\t\t<div class=\"elementor-widget-container\">\n\t\t\t\t\t\t\t<p>La marque GuidoMaggi a \u00e9t\u00e9 cr\u00e9\u00e9e pour r\u00e9pondre aux besoins de nombreux hommes qui souhaitent augmenter leur taille sans renoncer \u00e0 des <strong>chaussures confortables et de haute qualit\u00e9<\/strong>.<\/p><p>Le talent, le souci du d\u00e9tail et <a href=\"https:\/\/www.guidomaggi.ch\/fr\/a-propos-de-nous\/guide-de-couleur-et-de-finition\/\">les meilleurs mat\u00e9riaux<\/a> qui entrent dans la fabrication de chaussures \u00e9l\u00e9vatrice de GuidoMaggi vous offre un choix sup\u00e9rieur qui n&#8217;\u00e9tait tout simplement pas disponible jusqu&#8217;\u00e0 pr\u00e9sent.<\/p><h2>Fabriqu\u00e9 \u00e0 la main en Italie<\/h2><p>Les chaussures GuidoMaggi sont fabriqu\u00e9es avec des tiges en <strong>cuir pleine fleur<\/strong> et des doublures en cuir souple. Ils utilisent des coutures <strong>\u00ab<a href=\"https:\/\/www.guidomaggi.ch\/fr\/a-propos-de-nous\/structure-de-nos-chaussures\/\">cousues \u00e0 vue<\/a>\u00bb<\/strong> \u00e0 la main pour plus de solidit\u00e9, de flexibilit\u00e9 et une tenue longue dur\u00e9e; ce ne sont que quelques-uns des <a href=\"https:\/\/www.guidomaggi.ch\/fr\/a-propos-de-nous\/avantages-des-chaussures-rehaussantes\/\">avantages de poss\u00e9der ces chaussures<\/a> qui augmentent la hauteur.<\/p><p>Les produits sont vendus en ligne et en magasin. Le <a href=\"https:\/\/www.guidomaggi.ch\/fr\/ouverture-boutique-2020\/\">magasin GuidoMaggi de Safijen<\/a> est situ\u00e9 dans le centre d&#8217;affaires futuriste <a href=\"https:\/\/www.halten-8808.ch\/\" target=\"_blank\" rel=\"noopener\">Halten Business Center<\/a>, r\u00e9cemment construit et abrite de nombreuses activit\u00e9s commerciales, bureaux et services publics en Suisse centrale..<\/p><h4 style=\"text-align: right;\"><em>Pour faire bien marcher les gens, les chaussures doivent \u00eatre fabriqu\u00e9es \u00e0 la main<\/em><\/h4><p style=\"text-align: right;\"><em>Guido Maggi<\/em><\/p>\t\t\t\t\t\t<\/div>\n\t\t\t\t<\/div>\n\t\t\t\t<div class=\"elementor-element elementor-element-6b4d683 elementor-widget elementor-widget-button\" data-id=\"6b4d683\" data-element_type=\"widget\" data-widget_type=\"button.default\">\n\t\t\t\t<div class=\"elementor-widget-container\">\n\t\t\t\t\t<div class=\"elementor-button-wrapper\">\n\t\t\t<a class=\"elementor-button elementor-button-link elementor-size-sm\" href=\"https:\/\/www.guidomaggi.ch\/fr\/shop\/\">\n\t\t\t\t\t\t<span class=\"elementor-button-content-wrapper\">\n\t\t\t\t\t\t<span class=\"elementor-button-text\">ACHETER MAINTENANT<\/span>\n\t\t<\/span>\n\t\t\t\t\t<\/a>\n\t\t<\/div>\n\t\t\t\t<\/div>\n\t\t\t\t<\/div>\n\t\t\t\t\t<\/div>\n\t\t<\/div>\n\t\t\t\t\t<\/div>\n\t\t<\/section>\n\t\t\t\t<\/div>\n\t\t","protected":false},"excerpt":{"rendered":"<p>100 ans d&#8217;artisanat italien de la chaussure La marque GuidoMaggi a \u00e9t\u00e9 cr\u00e9\u00e9e pour r\u00e9pondre aux besoins de nombreux hommes qui souhaitent augmenter leur taille sans renoncer \u00e0 des chaussures confortables et de haute qualit\u00e9. Le talent, le souci du d\u00e9tail et les meilleurs mat\u00e9riaux qui entrent dans la fabrication de chaussures \u00e9l\u00e9vatrice de GuidoMaggi [&hellip;]<\/p>\n","protected":false},"author":15,"featured_media":0,"parent":0,"menu_order":1,"comment_status":"closed","ping_status":"closed","template":"","meta":{"site-sidebar-layout":"default","site-content-layout":"","ast-site-content-layout":"","site-content-style":"default","site-sidebar-style":"default","ast-global-header-display":"","ast-banner-title-visibility":"","ast-main-header-display":"","ast-hfb-above-header-display":"","ast-hfb-below-header-display":"","ast-hfb-mobile-header-display":"","site-post-title":"","ast-breadcrumbs-content":"","ast-featured-img":"","footer-sml-layout":"","theme-transparent-header-meta":"","adv-header-id-meta":"","stick-header-meta":"","header-above-stick-meta":"","header-main-stick-meta":"","header-below-stick-meta":"","astra-migrate-meta-layouts":"default","ast-page-background-enabled":"default","ast-page-background-meta":{"desktop":{"background-color":"","background-image":"","background-repeat":"repeat","background-position":"center center","background-size":"auto","background-attachment":"scroll","background-type":"","background-media":"","overlay-type":"","overlay-color":"","overlay-gradient":""},"tablet":{"background-color":"","background-image":"","background-repeat":"repeat","background-position":"center center","background-size":"auto","background-attachment":"scroll","background-type":"","background-media":"","overlay-type":"","overlay-color":"","overlay-gradient":""},"mobile":{"background-color":"","background-image":"","background-repeat":"repeat","background-position":"center center","background-size":"auto","background-attachment":"scroll","background-type":"","background-media":"","overlay-type":"","overlay-color":"","overlay-gradient":""}},"ast-content-background-meta":{"desktop":{"background-color":"var(--ast-global-color-5)","background-image":"","background-repeat":"repeat","background-position":"center center","background-size":"auto","background-attachment":"scroll","background-type":"","background-media":"","overlay-type":"","overlay-color":"","overlay-gradient":""},"tablet":{"background-color":"var(--ast-global-color-5)","background-image":"","background-repeat":"repeat","background-position":"center center","background-size":"auto","background-attachment":"scroll","background-type":"","background-media":"","overlay-type":"","overlay-color":"","overlay-gradient":""},"mobile":{"background-color":"var(--ast-global-color-5)","background-image":"","background-repeat":"repeat","background-position":"center center","background-size":"auto","background-attachment":"scroll","background-type":"","background-media":"","overlay-type":"","overlay-color":"","overlay-gradient":""}},"footnotes":""},"class_list":["post-27951","page","type-page","status-publish","hentry"],"_links":{"self":[{"href":"https:\/\/www.guidomaggi.ch\/fr\/wp-json\/wp\/v2\/pages\/27951","targetHints":{"allow":["GET"]}}],"collection":[{"href":"https:\/\/www.guidomaggi.ch\/fr\/wp-json\/wp\/v2\/pages"}],"about":[{"href":"https:\/\/www.guidomaggi.ch\/fr\/wp-json\/wp\/v2\/types\/page"}],"author":[{"embeddable":true,"href":"https:\/\/www.guidomaggi.ch\/fr\/wp-json\/wp\/v2\/users\/15"}],"replies":[{"embeddable":true,"href":"https:\/\/www.guidomaggi.ch\/fr\/wp-json\/wp\/v2\/comments?post=27951"}],"version-history":[{"count":0,"href":"https:\/\/www.guidomaggi.ch\/fr\/wp-json\/wp\/v2\/pages\/27951\/revisions"}],"wp:attachment":[{"href":"https:\/\/www.guidomaggi.ch\/fr\/wp-json\/wp\/v2\/media?parent=27951"}],"curies":[{"name":"wp","href":"https:\/\/api.w.org\/{rel}","templated":true}]}}