{"id":27971,"date":"2019-10-08T07:31:53","date_gmt":"2019-10-08T07:31:53","guid":{"rendered":"https:\/\/www.guidomaggi.ch\/playground\/a-propos-de-nous\/structure-of-shoes\/"},"modified":"2021-04-26T15:28:30","modified_gmt":"2021-04-26T13:28:30","slug":"structure-de-nos-chaussures","status":"publish","type":"page","link":"https:\/\/www.guidomaggi.ch\/fr\/a-propos-de-nous\/structure-de-nos-chaussures\/","title":{"rendered":"Structure de nos chaussures"},"content":{"rendered":"\t\t<div data-elementor-type=\"wp-page\" data-elementor-id=\"27971\" class=\"elementor elementor-27971 elementor-24553\" data-elementor-post-type=\"page\">\n\t\t\t\t\t\t<section class=\"elementor-section elementor-top-section elementor-element elementor-element-6e2ee34 elementor-section-boxed elementor-section-height-default elementor-section-height-default\" data-id=\"6e2ee34\" data-element_type=\"section\">\n\t\t\t\t\t\t<div class=\"elementor-container elementor-column-gap-default\">\n\t\t\t\t\t<div class=\"elementor-column elementor-col-50 elementor-top-column elementor-element elementor-element-a6ddeba\" data-id=\"a6ddeba\" data-element_type=\"column\">\n\t\t\t<div class=\"elementor-widget-wrap elementor-element-populated\">\n\t\t\t\t\t\t<div class=\"elementor-element elementor-element-bb5d5d9 elementor-widget elementor-widget-text-editor\" data-id=\"bb5d5d9\" data-element_type=\"widget\" data-widget_type=\"text-editor.default\">\n\t\t\t\t<div class=\"elementor-widget-container\">\n\t\t\t\t\t\t\t<h1>Comment nous fabriquons <br \/>nos chaussures rehaussantes<\/h1>\t\t\t\t\t\t<\/div>\n\t\t\t\t<\/div>\n\t\t\t\t\t<\/div>\n\t\t<\/div>\n\t\t\t\t<div class=\"elementor-column elementor-col-50 elementor-top-column elementor-element elementor-element-63c2877\" data-id=\"63c2877\" data-element_type=\"column\">\n\t\t\t<div class=\"elementor-widget-wrap elementor-element-populated\">\n\t\t\t\t\t\t<div class=\"elementor-element elementor-element-01f0063 elementor-widget elementor-widget-text-editor\" data-id=\"01f0063\" data-element_type=\"widget\" data-widget_type=\"text-editor.default\">\n\t\t\t\t<div class=\"elementor-widget-container\">\n\t\t\t\t\t\t\t<p>Pour ceux qui ont besoin de la <a href=\"https:\/\/www.guidomaggi.ch\/fr\/a-propos-de-nous\/guide-de-couleur-et-de-finition\/\">plus haute qualit\u00e9<\/a>, d&#8217;un design sup\u00e9rieur, d&#8217;un confort durable et du meilleur cuir cousu \u00e0 la main, ces chaussures de luxe vous aident \u00e0 avoir l&#8217;air plus grand, plus \u00e0 la mode et<a href=\"https:\/\/www.guidomaggi.ch\/fr\/a-propos-de-nous\/avantages-des-chaussures-rehaussantes\/\"> plus confiant<\/a>.<\/p>\t\t\t\t\t\t<\/div>\n\t\t\t\t<\/div>\n\t\t\t\t\t<\/div>\n\t\t<\/div>\n\t\t\t\t\t<\/div>\n\t\t<\/section>\n\t\t\t\t<section class=\"elementor-section elementor-top-section elementor-element elementor-element-691ff81 elementor-hidden-phone elementor-section-stretched elementor-hidden-tablet elementor-section-boxed elementor-section-height-default elementor-section-height-default\" data-id=\"691ff81\" data-element_type=\"section\" data-settings=\"{&quot;stretch_section&quot;:&quot;section-stretched&quot;}\">\n\t\t\t\t\t\t<div class=\"elementor-container elementor-column-gap-default\">\n\t\t\t\t\t<div class=\"elementor-column elementor-col-100 elementor-top-column elementor-element elementor-element-a94b4bb\" data-id=\"a94b4bb\" data-element_type=\"column\">\n\t\t\t<div class=\"elementor-widget-wrap elementor-element-populated\">\n\t\t\t\t\t\t<div class=\"elementor-element elementor-element-93df49a shoe-structure elementor-widget elementor-widget-html\" data-id=\"93df49a\" data-element_type=\"widget\" data-widget_type=\"html.default\">\n\t\t\t\t<div class=\"elementor-widget-container\">\n\t\t\t<div class=\"con\">\n<!-- Tooltip-->\n<div class=\"con-tip tip1\"><div class=\"tip \"><p>\nDentelle cir\u00e9e pour chaussures\n<\/p><\/div><\/div>\n<!--End-->\n<!-- Tooltip-->\n<div class=\"con-tip tip2\"><div class=\"tip \"><p>\nDoublure enti\u00e8rement en cuir souple\n<\/p><\/div><\/div>\n<!--End-->\n<!-- Tooltip-->\n<div class=\"con-tip tip3\"><div class=\"tip \"><p>\nCapuchon de talon et embout de pied <br\/><i>Mat\u00e9riau de haute qualit\u00e9 pour un confort durable<\/i>\n<\/p><\/div><\/div>\n<!--End-->\n<!-- Tooltip-->\n<div class=\"con-tip tip4\"><div class=\"tip \"><p>\nSemelle int\u00e9rieure agrandie <br\/><i>Conception ergonomique avanc\u00e9e combin\u00e9e \u00e0 des mat\u00e9riaux innovants uniques garantissant un confort durable, pas serrant, l\u00e9ger<\/i>\n<\/p><\/div><\/div>\n<!--End-->\n<!-- Tooltip-->\n<div class=\"con-tip tip5\"><div class=\"tip \"><p>\nTalon en cuir<br\/><i>Avec caoutchouc antid\u00e9rapant sp\u00e9cial<\/i>\n<\/p><\/div><\/div>\n<!--End-->\n<!-- Tooltip-->\n<div class=\"con-tip tip6\"><div class=\"tip \"><p>\nSyst\u00e8me d'amortissement <br\/><i>Assure un confort maximum<\/i>\n<\/p><\/div><\/div>\n<!--End-->\n<!-- Tooltip-->\n<div class=\"con-tip tip7\"><div class=\"tip \"><p>\nInsole<br\/><i>100% genuine leather<\/i>\n<\/p><\/div><\/div>\n<!--End-->\n<!-- Tooltip-->\n<div class=\"con-tip tip8\"><div class=\"tip \"><p>\nSemelle intercalaire <br\/><i>100% cuir v\u00e9ritable<\/i>\n<\/p><\/div><\/div>\n<!--End-->\n<!-- Tooltip-->\n<div class=\"con-tip tip9\"><div class=\"tip \"><p>\nSemelle ext\u00e9rieure<br\/><i>en cuir avec caoutchouc antid\u00e9rapant sp\u00e9cial rubber<\/i>\n<\/p><\/div><\/div>\n<!--End-->\n<!-- Tooltip-->\n<div class=\"con-tip tip10\"><div class=\"tip \"><p>\nSyst\u00e8me d'amortissement <br\/><i>Assure un confort maximum<\/i>\n<\/p><\/div><\/div>\n<!--End-->\n<!-- Tooltip-->\n<div class=\"con-tip tip11\"><div class=\"tip \"><p>\nCuir sup\u00e9rieur, semelle ext\u00e9rieure et semelle interm\u00e9diaire<br\/><i>Cousu \u00e0 vue<\/i>\n<\/p><\/div><\/div>\n<!--End-->\n<!-- Tooltip-->\n<div class=\"con-tip tip12\"><div class=\"tip \"><p>\nCapuchon de talon et embout de pied <br\/><i>Mat\u00e9riau de haute qualit\u00e9 pour un confort durable<\/i>\n<\/p><\/div><\/div>\n<!--End-->\n<!-- Tooltip-->\n<div class=\"con-tip tip13\"><div class=\"tip \"><p>\nGarnir<br\/><i>de cuir pleine fleur<\/i>\n<\/p><\/div><\/div>\n<!--End-->\n<!-- Tooltip-->\n<div class=\"con-tip tip14\"><div class=\"tip \"><p>\nCuir sup\u00e9rieur, semelle ext\u00e9rieure et semelle interm\u00e9diaire<br\/><i>Cousu \u00e0 vue<\/i>\n<\/p><\/div><\/div>\n<!--End-->\n<\/div><!--end container-->\t\t<\/div>\n\t\t\t\t<\/div>\n\t\t\t\t\t<\/div>\n\t\t<\/div>\n\t\t\t\t\t<\/div>\n\t\t<\/section>\n\t\t\t\t<section class=\"elementor-section elementor-top-section elementor-element elementor-element-b14a06d elementor-hidden-desktop elementor-hidden-tablet elementor-section-boxed elementor-section-height-default elementor-section-height-default\" data-id=\"b14a06d\" data-element_type=\"section\">\n\t\t\t\t\t\t<div class=\"elementor-container elementor-column-gap-default\">\n\t\t\t\t\t<div class=\"elementor-column elementor-col-100 elementor-top-column elementor-element elementor-element-cc8cc37\" data-id=\"cc8cc37\" data-element_type=\"column\">\n\t\t\t<div class=\"elementor-widget-wrap elementor-element-populated\">\n\t\t\t\t\t\t<div class=\"elementor-element elementor-element-d9f28d4 elementor-widget elementor-widget-image\" data-id=\"d9f28d4\" data-element_type=\"widget\" data-widget_type=\"image.default\">\n\t\t\t\t<div class=\"elementor-widget-container\">\n\t\t\t\t\t\t\t\t\t\t\t\t\t<img fetchpriority=\"high\" decoding=\"async\" width=\"1024\" height=\"427\" src=\"https:\/\/www.guidomaggi.ch\/wp-content\/uploads\/2019\/10\/Guido-Maggi-Elevator-shoes-structure-1024x427.jpg\" class=\"attachment-large size-large wp-image-14853\" alt=\"customized pair of black men&#039;s oxford shoes with shoemaker label - Guidomaggi Switzerland\" srcset=\"https:\/\/www.guidomaggi.ch\/wp-content\/uploads\/2019\/10\/Guido-Maggi-Elevator-shoes-structure-1024x427.jpg 1024w, https:\/\/www.guidomaggi.ch\/wp-content\/uploads\/2019\/10\/Guido-Maggi-Elevator-shoes-structure-800x333.jpg 800w, https:\/\/www.guidomaggi.ch\/wp-content\/uploads\/2019\/10\/Guido-Maggi-Elevator-shoes-structure-300x125.jpg 300w, https:\/\/www.guidomaggi.ch\/wp-content\/uploads\/2019\/10\/Guido-Maggi-Elevator-shoes-structure-768x320.jpg 768w, https:\/\/www.guidomaggi.ch\/wp-content\/uploads\/2019\/10\/Guido-Maggi-Elevator-shoes-structure.jpg 1920w\" sizes=\"(max-width: 1024px) 100vw, 1024px\" \/>\t\t\t\t\t\t\t\t\t\t\t\t\t<\/div>\n\t\t\t\t<\/div>\n\t\t\t\t\t<\/div>\n\t\t<\/div>\n\t\t\t\t\t<\/div>\n\t\t<\/section>\n\t\t\t\t<section class=\"elementor-section elementor-top-section elementor-element elementor-element-14f5739 elementor-section-boxed elementor-section-height-default elementor-section-height-default\" data-id=\"14f5739\" data-element_type=\"section\">\n\t\t\t\t\t\t<div class=\"elementor-container elementor-column-gap-default\">\n\t\t\t\t\t<div class=\"elementor-column elementor-col-33 elementor-top-column elementor-element elementor-element-b32d96a\" data-id=\"b32d96a\" data-element_type=\"column\">\n\t\t\t<div class=\"elementor-widget-wrap elementor-element-populated\">\n\t\t\t\t\t\t<div class=\"elementor-element elementor-element-beaa68c elementor-widget elementor-widget-text-editor\" data-id=\"beaa68c\" data-element_type=\"widget\" data-widget_type=\"text-editor.default\">\n\t\t\t\t<div class=\"elementor-widget-container\">\n\t\t\t\t\t\t\t<h2>Structure de nos chaussures<\/h2>\t\t\t\t\t\t<\/div>\n\t\t\t\t<\/div>\n\t\t\t\t\t<\/div>\n\t\t<\/div>\n\t\t\t\t<div class=\"elementor-column elementor-col-33 elementor-top-column elementor-element elementor-element-5fd09ef\" data-id=\"5fd09ef\" data-element_type=\"column\">\n\t\t\t<div class=\"elementor-widget-wrap elementor-element-populated\">\n\t\t\t\t\t\t<div class=\"elementor-element elementor-element-2e623d0 elementor-widget elementor-widget-text-editor\" data-id=\"2e623d0\" data-element_type=\"widget\" data-widget_type=\"text-editor.default\">\n\t\t\t\t<div class=\"elementor-widget-container\">\n\t\t\t\t\t\t\t<ul><li>Doublure enti\u00e8rement en cuir souple<\/li><li>Tige en cuir pleine fleur<\/li><li>Le cuir sup\u00e9rieur, la semelle ext\u00e9rieure et la semelle interm\u00e9diaire sont cousus \u00e0 vue<\/li><li>Semelle int\u00e9rieure 100% cuir v\u00e9ritable<\/li><\/ul>\t\t\t\t\t\t<\/div>\n\t\t\t\t<\/div>\n\t\t\t\t\t<\/div>\n\t\t<\/div>\n\t\t\t\t<div class=\"elementor-column elementor-col-33 elementor-top-column elementor-element elementor-element-1c6087a\" data-id=\"1c6087a\" data-element_type=\"column\">\n\t\t\t<div class=\"elementor-widget-wrap elementor-element-populated\">\n\t\t\t\t\t\t<div class=\"elementor-element elementor-element-f7f9a7e elementor-widget elementor-widget-text-editor\" data-id=\"f7f9a7e\" data-element_type=\"widget\" data-widget_type=\"text-editor.default\">\n\t\t\t\t<div class=\"elementor-widget-container\">\n\t\t\t\t\t\t\t<ul><li>Le syst\u00e8me d&#8217;amorti assure un confort maximal<\/li><li>Contrefort et embout de pied en mat\u00e9riau de haute qualit\u00e9 pour garantir un confort durable<\/li><li>Semelle ext\u00e9rieure et talon en cuir avec caoutchouc antid\u00e9rapant sp\u00e9cial<\/li><li>Lacets cir\u00e9s en coton<\/li><\/ul>\t\t\t\t\t\t<\/div>\n\t\t\t\t<\/div>\n\t\t\t\t\t<\/div>\n\t\t<\/div>\n\t\t\t\t\t<\/div>\n\t\t<\/section>\n\t\t\t\t<section class=\"elementor-section elementor-top-section elementor-element elementor-element-57e356f elementor-section-boxed elementor-section-height-default elementor-section-height-default\" data-id=\"57e356f\" data-element_type=\"section\">\n\t\t\t\t\t\t<div class=\"elementor-container elementor-column-gap-default\">\n\t\t\t\t\t<div class=\"elementor-column elementor-col-100 elementor-top-column elementor-element elementor-element-7d3c6fb\" data-id=\"7d3c6fb\" data-element_type=\"column\">\n\t\t\t<div class=\"elementor-widget-wrap elementor-element-populated\">\n\t\t\t\t\t\t<div class=\"elementor-element elementor-element-c564b3d elementor-align-center elementor-mobile-align-left elementor-widget elementor-widget-button\" data-id=\"c564b3d\" data-element_type=\"widget\" data-widget_type=\"button.default\">\n\t\t\t\t<div class=\"elementor-widget-container\">\n\t\t\t\t\t<div class=\"elementor-button-wrapper\">\n\t\t\t<a class=\"elementor-button elementor-button-link elementor-size-sm\" href=\"https:\/\/www.guidomaggi.ch\/fr\/shop\/\">\n\t\t\t\t\t\t<span class=\"elementor-button-content-wrapper\">\n\t\t\t\t\t\t<span class=\"elementor-button-text\">ACHETEZ MAINTENANT<\/span>\n\t\t<\/span>\n\t\t\t\t\t<\/a>\n\t\t<\/div>\n\t\t\t\t<\/div>\n\t\t\t\t<\/div>\n\t\t\t\t\t<\/div>\n\t\t<\/div>\n\t\t\t\t\t<\/div>\n\t\t<\/section>\n\t\t\t\t<\/div>\n\t\t","protected":false},"excerpt":{"rendered":"<p>Comment nous fabriquons nos chaussures rehaussantes Pour ceux qui ont besoin de la plus haute qualit\u00e9, d&#8217;un design sup\u00e9rieur, d&#8217;un confort durable et du meilleur cuir cousu \u00e0 la main, ces chaussures de luxe vous aident \u00e0 avoir l&#8217;air plus grand, plus \u00e0 la mode et plus confiant. Dentelle cir\u00e9e pour chaussures Doublure enti\u00e8rement en [&hellip;]<\/p>\n","protected":false},"author":15,"featured_media":0,"parent":27951,"menu_order":1,"comment_status":"closed","ping_status":"closed","template":"","meta":{"site-sidebar-layout":"default","site-content-layout":"","ast-site-content-layout":"","site-content-style":"default","site-sidebar-style":"default","ast-global-header-display":"","ast-banner-title-visibility":"","ast-main-header-display":"","ast-hfb-above-header-display":"","ast-hfb-below-header-display":"","ast-hfb-mobile-header-display":"","site-post-title":"","ast-breadcrumbs-content":"","ast-featured-img":"","footer-sml-layout":"","theme-transparent-header-meta":"","adv-header-id-meta":"","stick-header-meta":"","header-above-stick-meta":"","header-main-stick-meta":"","header-below-stick-meta":"","astra-migrate-meta-layouts":"default","ast-page-background-enabled":"default","ast-page-background-meta":{"desktop":{"background-color":"","background-image":"","background-repeat":"repeat","background-position":"center center","background-size":"auto","background-attachment":"scroll","background-type":"","background-media":"","overlay-type":"","overlay-color":"","overlay-gradient":""},"tablet":{"background-color":"","background-image":"","background-repeat":"repeat","background-position":"center center","background-size":"auto","background-attachment":"scroll","background-type":"","background-media":"","overlay-type":"","overlay-color":"","overlay-gradient":""},"mobile":{"background-color":"","background-image":"","background-repeat":"repeat","background-position":"center center","background-size":"auto","background-attachment":"scroll","background-type":"","background-media":"","overlay-type":"","overlay-color":"","overlay-gradient":""}},"ast-content-background-meta":{"desktop":{"background-color":"var(--ast-global-color-5)","background-image":"","background-repeat":"repeat","background-position":"center center","background-size":"auto","background-attachment":"scroll","background-type":"","background-media":"","overlay-type":"","overlay-color":"","overlay-gradient":""},"tablet":{"background-color":"var(--ast-global-color-5)","background-image":"","background-repeat":"repeat","background-position":"center center","background-size":"auto","background-attachment":"scroll","background-type":"","background-media":"","overlay-type":"","overlay-color":"","overlay-gradient":""},"mobile":{"background-color":"var(--ast-global-color-5)","background-image":"","background-repeat":"repeat","background-position":"center center","background-size":"auto","background-attachment":"scroll","background-type":"","background-media":"","overlay-type":"","overlay-color":"","overlay-gradient":""}},"footnotes":""},"class_list":["post-27971","page","type-page","status-publish","hentry"],"_links":{"self":[{"href":"https:\/\/www.guidomaggi.ch\/fr\/wp-json\/wp\/v2\/pages\/27971","targetHints":{"allow":["GET"]}}],"collection":[{"href":"https:\/\/www.guidomaggi.ch\/fr\/wp-json\/wp\/v2\/pages"}],"about":[{"href":"https:\/\/www.guidomaggi.ch\/fr\/wp-json\/wp\/v2\/types\/page"}],"author":[{"embeddable":true,"href":"https:\/\/www.guidomaggi.ch\/fr\/wp-json\/wp\/v2\/users\/15"}],"replies":[{"embeddable":true,"href":"https:\/\/www.guidomaggi.ch\/fr\/wp-json\/wp\/v2\/comments?post=27971"}],"version-history":[{"count":0,"href":"https:\/\/www.guidomaggi.ch\/fr\/wp-json\/wp\/v2\/pages\/27971\/revisions"}],"up":[{"embeddable":true,"href":"https:\/\/www.guidomaggi.ch\/fr\/wp-json\/wp\/v2\/pages\/27951"}],"wp:attachment":[{"href":"https:\/\/www.guidomaggi.ch\/fr\/wp-json\/wp\/v2\/media?parent=27971"}],"curies":[{"name":"wp","href":"https:\/\/api.w.org\/{rel}","templated":true}]}}