{"id":27983,"date":"2019-10-11T09:26:11","date_gmt":"2019-10-11T09:26:11","guid":{"rendered":"https:\/\/www.guidomaggi.ch\/playground\/a-propos-de-nous\/faq\/"},"modified":"2025-11-12T18:22:54","modified_gmt":"2025-11-12T17:22:54","slug":"questions-frequemment-posees","status":"publish","type":"page","link":"https:\/\/www.guidomaggi.ch\/fr\/a-propos-de-nous\/questions-frequemment-posees\/","title":{"rendered":"Questions Fr\u00e9quemment Pos\u00e9es"},"content":{"rendered":"\t\t<div data-elementor-type=\"wp-page\" data-elementor-id=\"27983\" class=\"elementor elementor-27983 elementor-24525\" data-elementor-post-type=\"page\">\n\t\t\t\t\t\t<section class=\"elementor-section elementor-top-section elementor-element elementor-element-db03a0d elementor-section-boxed elementor-section-height-default elementor-section-height-default\" data-id=\"db03a0d\" data-element_type=\"section\">\n\t\t\t\t\t\t<div class=\"elementor-container elementor-column-gap-default\">\n\t\t\t\t\t<div class=\"elementor-column elementor-col-100 elementor-top-column elementor-element elementor-element-ff82098\" data-id=\"ff82098\" data-element_type=\"column\">\n\t\t\t<div class=\"elementor-widget-wrap elementor-element-populated\">\n\t\t\t\t\t\t<div class=\"elementor-element elementor-element-046ad0b elementor-widget elementor-widget-heading\" data-id=\"046ad0b\" data-element_type=\"widget\" data-widget_type=\"heading.default\">\n\t\t\t\t<div class=\"elementor-widget-container\">\n\t\t\t<h1 class=\"elementor-heading-title elementor-size-default\">Questions fr\u00e9quemment pos\u00e9es<\/h1>\t\t<\/div>\n\t\t\t\t<\/div>\n\t\t\t\t<div class=\"elementor-element elementor-element-1bab6ad elementor-widget elementor-widget-text-editor\" data-id=\"1bab6ad\" data-element_type=\"widget\" data-widget_type=\"text-editor.default\">\n\t\t\t\t<div class=\"elementor-widget-container\">\n\t\t\t\t\t\t\t<p>\u00a0<span style=\"font-size: 1.5em; font-weight: bold;\">Sont-ils confortables?<\/span><\/p><p>Nos chaussures sont fabriqu\u00e9 en <b>cuir 100% italien<\/b> et avec les meilleures semelles de qualit\u00e9 qui vous assureront le meilleur confort. La semelle int\u00e9rieure sp\u00e9ciale augmentateur est l\u00e9g\u00e8re, confortable et structur\u00e9e avec pr\u00e9cision pour garder garder votre \u00e9quilibre. Il a \u00e9galement une capacit\u00e9 d\u2019absorption et une circulation d\u2019air \u00e9lev\u00e9es. La structure des chaussures garantira un enveloppement parfait de vos pieds et \u00e9vitera de glisser.Par cons\u00e9quent, vous pourrez porter nos chaussures sp\u00e9ciales au quotidien sans ressentir d\u2019inconfort.<\/p><h3>Pourquoi les chaussures de luxe de GuidoMaggi sont-elles sp\u00e9ciales?<\/h3><p>En plus d\u2019augmenter votre taille, les chaussures GuidoMaggi vous offriront le meilleur confort et style en utilisant des mat\u00e9riaux 100% italiens de qualit\u00e9 sup\u00e9rieure.\u00a0<a href=\"https:\/\/www.guidomaggi.ch\/fr\/a-propos-de-nous\/structure-de-nos-chaussures\/\">Lire la suite<\/a><\/p><h3>Quels sont les avantages de porter les chaussures de GuidoMaggi?<\/h3><p>En plus de <b>vous faire grandir<\/b>, nos chaussures sp\u00e9ciales vous aideront \u00e0 am\u00e9liorer votre posture. Les recherches montrent qu\u2019\u00eatre plus grand peut vous conduire \u00e0 avoir plus de succ\u00e8s dans de nombreux aspects de la vie et vous fera vous sentir plus en <b>confiance <\/b>avec les gens. Nos designs exclusifs sont \u00e9galement tr\u00e8s \u00e9l\u00e9gants et toujours \u00e0 la pointe de la mode.\u00a0<a href=\"https:\/\/www.guidomaggi.ch\/fr\/a-propos-de-nous\/avantages-des-chaussures-rehaussantes\/\">Lire la suite<\/a><\/p><h3>Quelqu&#8217;un peut-il savoir que je porte des chaussures rehaussantes?<\/h3><p>Certainement pas. La forme des chaussures est faite de mani\u00e8re \u00e0 ce que personne ne puisse voir une diff\u00e9rence d\u2019apparence par rapport aux autres chaussures traditionnelles<\/p><h3>Dois-je modifier la longueur de mon pantalon?<\/h3><p>Probablement pas, mais pour ceux qui aiment que leur pantalon recouvre leurs chaussures, il est recommand\u00e9 de les allonger.<\/p><h3>Dois-je commander une taille diff\u00e9rente des chaussures de luxe de GuidoMaggi par rapport aux chaussures traditionnelles?<\/h3><p>Les chaussures GuidoMaggi sont fabriqu\u00e9es en Italie et produites selon les tailles italiennes. La taille des chaussures de luxe GuidoMaggi est exactement la m\u00eame que pour les chaussures traditionnelles.<\/p><h3>Quelle est la politique de retour et de remboursement de GuidoMaggi?<\/h3><p><a href=\"https:\/\/www.guidomaggi.ch\/fr\/politique-de-retour\/\">Lire la suite<\/a><\/p>\t\t\t\t\t\t<\/div>\n\t\t\t\t<\/div>\n\t\t\t\t\t<\/div>\n\t\t<\/div>\n\t\t\t\t\t<\/div>\n\t\t<\/section>\n\t\t\t\t<\/div>\n\t\t","protected":false},"excerpt":{"rendered":"<p>Questions fr\u00e9quemment pos\u00e9es \u00a0Sont-ils confortables? Nos chaussures sont fabriqu\u00e9 en cuir 100% italien et avec les meilleures semelles de qualit\u00e9 qui vous assureront le meilleur confort. La semelle int\u00e9rieure sp\u00e9ciale augmentateur est l\u00e9g\u00e8re, confortable et structur\u00e9e avec pr\u00e9cision pour garder garder votre \u00e9quilibre. Il a \u00e9galement une capacit\u00e9 d\u2019absorption et une circulation d\u2019air \u00e9lev\u00e9es. La [&hellip;]<\/p>\n","protected":false},"author":15,"featured_media":0,"parent":27951,"menu_order":4,"comment_status":"closed","ping_status":"closed","template":"","meta":{"site-sidebar-layout":"default","site-content-layout":"","ast-site-content-layout":"","site-content-style":"default","site-sidebar-style":"default","ast-global-header-display":"","ast-banner-title-visibility":"","ast-main-header-display":"","ast-hfb-above-header-display":"","ast-hfb-below-header-display":"","ast-hfb-mobile-header-display":"","site-post-title":"","ast-breadcrumbs-content":"","ast-featured-img":"","footer-sml-layout":"","theme-transparent-header-meta":"","adv-header-id-meta":"","stick-header-meta":"","header-above-stick-meta":"","header-main-stick-meta":"","header-below-stick-meta":"","astra-migrate-meta-layouts":"default","ast-page-background-enabled":"default","ast-page-background-meta":{"desktop":{"background-color":"","background-image":"","background-repeat":"repeat","background-position":"center center","background-size":"auto","background-attachment":"scroll","background-type":"","background-media":"","overlay-type":"","overlay-color":"","overlay-gradient":""},"tablet":{"background-color":"","background-image":"","background-repeat":"repeat","background-position":"center center","background-size":"auto","background-attachment":"scroll","background-type":"","background-media":"","overlay-type":"","overlay-color":"","overlay-gradient":""},"mobile":{"background-color":"","background-image":"","background-repeat":"repeat","background-position":"center center","background-size":"auto","background-attachment":"scroll","background-type":"","background-media":"","overlay-type":"","overlay-color":"","overlay-gradient":""}},"ast-content-background-meta":{"desktop":{"background-color":"var(--ast-global-color-5)","background-image":"","background-repeat":"repeat","background-position":"center center","background-size":"auto","background-attachment":"scroll","background-type":"","background-media":"","overlay-type":"","overlay-color":"","overlay-gradient":""},"tablet":{"background-color":"var(--ast-global-color-5)","background-image":"","background-repeat":"repeat","background-position":"center center","background-size":"auto","background-attachment":"scroll","background-type":"","background-media":"","overlay-type":"","overlay-color":"","overlay-gradient":""},"mobile":{"background-color":"var(--ast-global-color-5)","background-image":"","background-repeat":"repeat","background-position":"center center","background-size":"auto","background-attachment":"scroll","background-type":"","background-media":"","overlay-type":"","overlay-color":"","overlay-gradient":""}},"footnotes":""},"class_list":["post-27983","page","type-page","status-publish","hentry"],"_links":{"self":[{"href":"https:\/\/www.guidomaggi.ch\/fr\/wp-json\/wp\/v2\/pages\/27983","targetHints":{"allow":["GET"]}}],"collection":[{"href":"https:\/\/www.guidomaggi.ch\/fr\/wp-json\/wp\/v2\/pages"}],"about":[{"href":"https:\/\/www.guidomaggi.ch\/fr\/wp-json\/wp\/v2\/types\/page"}],"author":[{"embeddable":true,"href":"https:\/\/www.guidomaggi.ch\/fr\/wp-json\/wp\/v2\/users\/15"}],"replies":[{"embeddable":true,"href":"https:\/\/www.guidomaggi.ch\/fr\/wp-json\/wp\/v2\/comments?post=27983"}],"version-history":[{"count":3,"href":"https:\/\/www.guidomaggi.ch\/fr\/wp-json\/wp\/v2\/pages\/27983\/revisions"}],"predecessor-version":[{"id":490053,"href":"https:\/\/www.guidomaggi.ch\/fr\/wp-json\/wp\/v2\/pages\/27983\/revisions\/490053"}],"up":[{"embeddable":true,"href":"https:\/\/www.guidomaggi.ch\/fr\/wp-json\/wp\/v2\/pages\/27951"}],"wp:attachment":[{"href":"https:\/\/www.guidomaggi.ch\/fr\/wp-json\/wp\/v2\/media?parent=27983"}],"curies":[{"name":"wp","href":"https:\/\/api.w.org\/{rel}","templated":true}]}}