{"id":28023,"date":"2019-10-16T08:44:55","date_gmt":"2019-10-16T08:44:55","guid":{"rendered":"https:\/\/www.guidomaggi.ch\/playground\/return-policy\/"},"modified":"2025-11-11T17:27:51","modified_gmt":"2025-11-11T16:27:51","slug":"politique-de-retour","status":"publish","type":"page","link":"https:\/\/www.guidomaggi.ch\/fr\/politique-de-retour\/","title":{"rendered":"Politique de retour"},"content":{"rendered":"\t\t<div data-elementor-type=\"wp-page\" data-elementor-id=\"28023\" class=\"elementor elementor-28023 elementor-24587\" data-elementor-post-type=\"page\">\n\t\t\t\t\t\t<section class=\"elementor-section elementor-top-section elementor-element elementor-element-718c429 elementor-section-boxed elementor-section-height-default elementor-section-height-default\" data-id=\"718c429\" data-element_type=\"section\">\n\t\t\t\t\t\t<div class=\"elementor-container elementor-column-gap-default\">\n\t\t\t\t\t<div class=\"elementor-column elementor-col-50 elementor-top-column elementor-element elementor-element-6a87341\" data-id=\"6a87341\" data-element_type=\"column\">\n\t\t\t<div class=\"elementor-widget-wrap elementor-element-populated\">\n\t\t\t\t\t\t<div class=\"elementor-element elementor-element-bc53952 elementor-widget elementor-widget-text-editor\" data-id=\"bc53952\" data-element_type=\"widget\" data-widget_type=\"text-editor.default\">\n\t\t\t\t<div class=\"elementor-widget-container\">\n\t\t\t\t\t\t\t<h1 style=\"text-align: right;\">Retour <br \/>et \u00e9changes<\/h1>\t\t\t\t\t\t<\/div>\n\t\t\t\t<\/div>\n\t\t\t\t\t<\/div>\n\t\t<\/div>\n\t\t\t\t<div class=\"elementor-column elementor-col-50 elementor-top-column elementor-element elementor-element-5142b32\" data-id=\"5142b32\" data-element_type=\"column\">\n\t\t\t<div class=\"elementor-widget-wrap elementor-element-populated\">\n\t\t\t\t\t\t<div class=\"elementor-element elementor-element-5907baf elementor-widget elementor-widget-text-editor\" data-id=\"5907baf\" data-element_type=\"widget\" data-widget_type=\"text-editor.default\">\n\t\t\t\t<div class=\"elementor-widget-container\">\n\t\t\t\t\t\t\t<h2>Politique de retour<\/h2><h3>DROIT DE RETOUR<\/h3><p>Vous avez le droit de retourner votre produit dans les 14 jours sans donner de raisons. La p\u00e9riode de retour se termine apr\u00e8s 14 jours \u00e0 compter de la date \u00e0 laquelle vous ou un tiers autre que le transitaire que vous avez sp\u00e9cifi\u00e9 acquiert la possession physique des derni\u00e8res marchandises. Afin d&#8217;exercer le droit de retourner un produit, vous devez nous en informer par e-mail dans les 14 jours suivant la livraison de la marchandise \u00e0 notre adresse <a href=\"mailto:guidomaggilv@gmail.com\">guidomaggilv@gmail.com<\/a>. Vous recevrez un e-mail de confirmation avec les instructions pour retourner la marchandise.<\/p><h4>EFFETS DE RENDEMENT<\/h4><p>Lorsque vous retournez un produit, Safijen Fashion International GmbH rembourse le montant pay\u00e9. Nous proc\u00e9derons au remboursement avec le m\u00eame moyen de paiement que la premi\u00e8re transaction, sauf si vous en avez express\u00e9ment convenu autrement.<br \/>Le remboursement sera effectu\u00e9 d\u00e8s que possible et dans les 14 jours suivant la r\u00e9ception de votre avis. Nous pouvons retenir le remboursement jusqu&#8217;\u00e0 ce que nous r\u00e9cup\u00e9rions la marchandise. Vous \u00eates oblig\u00e9 de nous retourner la marchandise imm\u00e9diatement ou, au plus tard, cependant, 14 jours apr\u00e8s la date \u00e0 laquelle vous nous communiquez votre demande de retour d&#8217;un produit ou de nous la remettre.<br \/><strong>les retours sont compl\u00e8tement gratuits.<\/strong><\/p><p>Vous devez supporter les frais directs de retour de la marchandise dans un d\u00e9lai de 14 jours \u00e0 compter de la date de livraison. Veuillez vous assurer que la marchandise n&#8217;est pas port\u00e9e (sauf pour l&#8217;essayer), compl\u00e8te avec tous les accessoires et dans son emballage d&#8217;origine. Vous pouvez \u00eatre retourn\u00e9 \u00e0 notre service de messagerie DPD ou \u00e0 d&#8217;autres personnes que vous pr\u00e9f\u00e9rez.<\/p><p><em><strong>Le droit d&#8217;annuler ne consiste pas en la fourniture de biens qui sont fabriqu\u00e9s sur mesure, selon les sp\u00e9cifications du client ou qui sont clairement adapt\u00e9s au client. Cependant, le vendeur a la discr\u00e9tion de rembourser 70% du montant pay\u00e9.<\/strong><\/em><\/p><h2>Politique d&#8217;\u00e9change<\/h2><p>Vous pouvez demander un \u00e9change dans les 14 jours suivant la livraison de la marchandise. Vous devez nous informer par email \u00e0 notre adresse <a href=\"mailto:guidomaggilv@gmail.com\">guidomaggilv@gmail.com<\/a>\u00a0dans un d\u00e9lai de 14 jours \u00e0 compter de la livraison des marchandises.<\/p><p>Les marchandises peuvent \u00eatre remplac\u00e9es par des articles au m\u00eame prix ou par un autre article qui paie la diff\u00e9rence s&#8217;il co\u00fbte plus cher, en plus des frais de port.<\/p><p>Pour chaque article achet\u00e9, le client a droit \u00e0 1 \u00e9change pour le m\u00eame style \/ prix.<br \/>Les articles personnalis\u00e9s ou fabriqu\u00e9s avec les modifications sp\u00e9cifiques demand\u00e9es ne sont pas \u00e9ligibles aux \u00e9changes.<br \/>Si l&#8217;article retourn\u00e9 ne peut pas \u00eatre accept\u00e9 parce qu&#8217;il n&#8217;est pas conforme aux d\u00e9tails mentionn\u00e9s ci-dessus, l&#8217;utilisateur sera contact\u00e9 et inform\u00e9. Dans ce cas, les produits achet\u00e9s vous seront rembours\u00e9s, si vous refusez ces conditions, Safijen Fashion International GmbH se r\u00e9serve le droit de conserver le produit et son montant<\/p>\t\t\t\t\t\t<\/div>\n\t\t\t\t<\/div>\n\t\t\t\t\t<\/div>\n\t\t<\/div>\n\t\t\t\t\t<\/div>\n\t\t<\/section>\n\t\t\t\t<\/div>\n\t\t","protected":false},"excerpt":{"rendered":"<p>Retour et \u00e9changes Politique de retour DROIT DE RETOUR Vous avez le droit de retourner votre produit dans les 14 jours sans donner de raisons. La p\u00e9riode de retour se termine apr\u00e8s 14 jours \u00e0 compter de la date \u00e0 laquelle vous ou un tiers autre que le transitaire que vous avez sp\u00e9cifi\u00e9 acquiert la [&hellip;]<\/p>\n","protected":false},"author":15,"featured_media":0,"parent":0,"menu_order":5,"comment_status":"closed","ping_status":"closed","template":"","meta":{"site-sidebar-layout":"default","site-content-layout":"","ast-site-content-layout":"","site-content-style":"default","site-sidebar-style":"default","ast-global-header-display":"","ast-banner-title-visibility":"","ast-main-header-display":"","ast-hfb-above-header-display":"","ast-hfb-below-header-display":"","ast-hfb-mobile-header-display":"","site-post-title":"","ast-breadcrumbs-content":"","ast-featured-img":"","footer-sml-layout":"","theme-transparent-header-meta":"","adv-header-id-meta":"","stick-header-meta":"","header-above-stick-meta":"","header-main-stick-meta":"","header-below-stick-meta":"","astra-migrate-meta-layouts":"default","ast-page-background-enabled":"default","ast-page-background-meta":{"desktop":{"background-color":"","background-image":"","background-repeat":"repeat","background-position":"center center","background-size":"auto","background-attachment":"scroll","background-type":"","background-media":"","overlay-type":"","overlay-color":"","overlay-gradient":""},"tablet":{"background-color":"","background-image":"","background-repeat":"repeat","background-position":"center center","background-size":"auto","background-attachment":"scroll","background-type":"","background-media":"","overlay-type":"","overlay-color":"","overlay-gradient":""},"mobile":{"background-color":"","background-image":"","background-repeat":"repeat","background-position":"center center","background-size":"auto","background-attachment":"scroll","background-type":"","background-media":"","overlay-type":"","overlay-color":"","overlay-gradient":""}},"ast-content-background-meta":{"desktop":{"background-color":"var(--ast-global-color-5)","background-image":"","background-repeat":"repeat","background-position":"center center","background-size":"auto","background-attachment":"scroll","background-type":"","background-media":"","overlay-type":"","overlay-color":"","overlay-gradient":""},"tablet":{"background-color":"var(--ast-global-color-5)","background-image":"","background-repeat":"repeat","background-position":"center center","background-size":"auto","background-attachment":"scroll","background-type":"","background-media":"","overlay-type":"","overlay-color":"","overlay-gradient":""},"mobile":{"background-color":"var(--ast-global-color-5)","background-image":"","background-repeat":"repeat","background-position":"center center","background-size":"auto","background-attachment":"scroll","background-type":"","background-media":"","overlay-type":"","overlay-color":"","overlay-gradient":""}},"footnotes":""},"class_list":["post-28023","page","type-page","status-publish","hentry"],"_links":{"self":[{"href":"https:\/\/www.guidomaggi.ch\/fr\/wp-json\/wp\/v2\/pages\/28023","targetHints":{"allow":["GET"]}}],"collection":[{"href":"https:\/\/www.guidomaggi.ch\/fr\/wp-json\/wp\/v2\/pages"}],"about":[{"href":"https:\/\/www.guidomaggi.ch\/fr\/wp-json\/wp\/v2\/types\/page"}],"author":[{"embeddable":true,"href":"https:\/\/www.guidomaggi.ch\/fr\/wp-json\/wp\/v2\/users\/15"}],"replies":[{"embeddable":true,"href":"https:\/\/www.guidomaggi.ch\/fr\/wp-json\/wp\/v2\/comments?post=28023"}],"version-history":[{"count":3,"href":"https:\/\/www.guidomaggi.ch\/fr\/wp-json\/wp\/v2\/pages\/28023\/revisions"}],"predecessor-version":[{"id":489964,"href":"https:\/\/www.guidomaggi.ch\/fr\/wp-json\/wp\/v2\/pages\/28023\/revisions\/489964"}],"wp:attachment":[{"href":"https:\/\/www.guidomaggi.ch\/fr\/wp-json\/wp\/v2\/media?parent=28023"}],"curies":[{"name":"wp","href":"https:\/\/api.w.org\/{rel}","templated":true}]}}