{"id":28027,"date":"2019-10-16T08:44:13","date_gmt":"2019-10-16T08:44:13","guid":{"rendered":"https:\/\/www.guidomaggi.ch\/playground\/terms-of-sale\/"},"modified":"2025-11-11T17:09:49","modified_gmt":"2025-11-11T16:09:49","slug":"conditions-de-vente","status":"publish","type":"page","link":"https:\/\/www.guidomaggi.ch\/fr\/conditions-de-vente\/","title":{"rendered":"Conditions de vente"},"content":{"rendered":"\t\t<div data-elementor-type=\"wp-page\" data-elementor-id=\"28027\" class=\"elementor elementor-28027 elementor-24593\" data-elementor-post-type=\"page\">\n\t\t\t\t\t\t<section class=\"elementor-section elementor-top-section elementor-element elementor-element-9823845 elementor-section-boxed elementor-section-height-default elementor-section-height-default\" data-id=\"9823845\" data-element_type=\"section\">\n\t\t\t\t\t\t<div class=\"elementor-container elementor-column-gap-default\">\n\t\t\t\t\t<div class=\"elementor-column elementor-col-50 elementor-top-column elementor-element elementor-element-ea15135\" data-id=\"ea15135\" data-element_type=\"column\">\n\t\t\t<div class=\"elementor-widget-wrap elementor-element-populated\">\n\t\t\t\t\t\t<div class=\"elementor-element elementor-element-7e9bff7 elementor-widget elementor-widget-text-editor\" data-id=\"7e9bff7\" data-element_type=\"widget\" data-widget_type=\"text-editor.default\">\n\t\t\t\t<div class=\"elementor-widget-container\">\n\t\t\t\t\t\t\t<h1 style=\"text-align: right;\">Conditions <br \/>de vente<\/h1>\t\t\t\t\t\t<\/div>\n\t\t\t\t<\/div>\n\t\t\t\t\t<\/div>\n\t\t<\/div>\n\t\t\t\t<div class=\"elementor-column elementor-col-50 elementor-top-column elementor-element elementor-element-58db0dd\" data-id=\"58db0dd\" data-element_type=\"column\">\n\t\t\t<div class=\"elementor-widget-wrap elementor-element-populated\">\n\t\t\t\t\t\t<div class=\"elementor-element elementor-element-f619f82 elementor-widget elementor-widget-text-editor\" data-id=\"f619f82\" data-element_type=\"widget\" data-widget_type=\"text-editor.default\">\n\t\t\t\t<div class=\"elementor-widget-container\">\n\t\t\t\t\t\t\t<h2>Propri\u00e9t\u00e9 des sites Web<\/h2><p>Safijen Fashion International GmbH &#8211; partenaire de distribution officiel de GuidoMaggi bas\u00e9 \u00e0 Summelenweg, Pf\u00e4ffikon SZ &#8211; Suisse et propri\u00e9t\u00e9 du site web guidomaggi.ch.<br \/>Le but de cette activit\u00e9 est la vente de produits et services en ligne.<\/p><h2>Conditions g\u00e9n\u00e9rales de vente<\/h2><p>Les clients qui ach\u00e8tent conform\u00e9ment aux conditions du site d\u00e9clarent avoir pris connaissance de toutes les informations relatives \u00e0 l&#8217;achat et acceptent pleinement les conditions g\u00e9n\u00e9rales de vente et de paiement suivantes. <br \/>Les pr\u00e9sentes conditions g\u00e9n\u00e9rales de vente et les conditions de paiement et de livraison font partie int\u00e9grante du contrat d&#8217;achat entre le client et Safijen Fashion International GmbH, de sorte que nos clients sont tenus de respecter les conditions et de les lire attentivement.<\/p><h2 class=\"p6\">Conditions d&#8217;achat<\/h2><p>Les produits du site guidomaggi.ch sont disponibles \u00e0 l&#8217;achat.<\/p><p>La confirmation de commande de Safijen Fashion International GmbH est envoy\u00e9e par e-mail, qui sera envoy\u00e9e \u00e0 l&#8217;adresse e-mail indiqu\u00e9e par le client lors de son inscription sur le site.<\/p><p>Safijen Fashion International GmbH se r\u00e9serve le droit de refuser la commande apr\u00e8s une discr\u00e9tion incontestable.<\/p><p>L&#8217;e-mail de confirmation de commande contient les informations suivantes:<\/p><ul><li>Date et num\u00e9ro de commande<\/li><li>Produit, mod\u00e8le, quantit\u00e9, prix<\/li><li>Options de paiement<\/li><li>Co\u00fbt total de la commande<\/li><\/ul><h2 class=\"p6\"><span class=\"s3\">Comment acheter sur GUIDOMAGGI.CH<\/span><\/h2><p>Pour acheter en toute s\u00e9curit\u00e9 dans notre boutique en ligne, entrez vos coordonn\u00e9es et inscrivez-vous, alors vous \u00eates pr\u00eat \u00e0 acheter.<br \/>Choisissez votre produit en indiquant la taille, la couleur et la quantit\u00e9.<br \/>Cliquez sur &#8220;Ajouter au panier&#8221;. <br \/>Une fois l&#8217;achat termin\u00e9, cliquez sur &#8220;Voir le panier&#8221;, puis sur &#8220;Acheter maintenant&#8221; et &#8220;Confirmer la commande&#8221;.<\/p><h2 class=\"p3\">Options de paiement<\/h2><p><strong>Paypal<\/strong><\/p><p>PayPal est le moyen le plus s\u00fbr de payer en ligne, qui fonctionne dans plus de 103 pays diff\u00e9rents. Avec PayPal, vous pouvez acheter en ligne en toute s\u00e9curit\u00e9 en sachant que vos informations financi\u00e8res ne seront jamais partag\u00e9es car PayPal cryptera automatiquement les informations r\u00e9serv\u00e9es \u00e0 l&#8217;aide du protocole Secure Sockets Layer (SSL) avec une cl\u00e9 de chiffrement 256 bits (la longueur de cl\u00e9 maximale sur le march\u00e9). utilis\u00e9.<\/p><p>Cliquez sur &#8220;Confirmer la commande&#8221; pour ouvrir la page de connexion PayPal pour acc\u00e9der \u00e0 votre compte et effectuer votre paiement.<br \/>Si vous n&#8217;avez pas encore de compte PayPal, vous pouvez cr\u00e9er votre propre compte sur la page de connexion de PayPal avant de commander.<\/p><p><strong>Carte de credit<\/strong><\/p><p class=\"p13\">Apr\u00e8s avoir s\u00e9lectionn\u00e9 ce mode de paiement, vous serez automatiquement redirig\u00e9 vers la page de paiement, puis ajoutez les d\u00e9tails de votre carte de cr\u00e9dit et cliquez sur &#8220;Accepter et continuer&#8221;.<\/p><p><strong>Prix<\/strong><\/p><p>Les prix des produits publi\u00e9s sur notre site Web incluent la TVA de 8,1%.<br \/>Les images, illustrations et caract\u00e9ristiques du produit sont approximatives et non contractuelles. Safijen Fashion International GmbH se r\u00e9serve le droit de les modifier au mieux de sa connaissance et de ses convictions sans pr\u00e9avis. Si les images sont incorrectes mais n&#8217;affectent pas la fonctionnalit\u00e9 et l&#8217;aspect du produit, la commande sera toujours consid\u00e9r\u00e9e comme valide.<\/p><h2 class=\"p3\">Jurisdiction<\/h2><p class=\"p8\">En cas de controverse, le for est le tribunal de R\u012bga.<\/p><h2 class=\"p3\">Conditions<\/h2><p>Les conditions de vente sur notre site Web sont valables et ex\u00e9cutoires jusqu&#8217;\u00e0 ce qu&#8217;elles soient modifi\u00e9es ou incorpor\u00e9es. Ces modifications et ajouts sont valables et ex\u00e9cutoires \u00e0 compter de la date de leur publication sur notre site Web.<\/p>\t\t\t\t\t\t<\/div>\n\t\t\t\t<\/div>\n\t\t\t\t\t<\/div>\n\t\t<\/div>\n\t\t\t\t\t<\/div>\n\t\t<\/section>\n\t\t\t\t<\/div>\n\t\t","protected":false},"excerpt":{"rendered":"<p>Conditions de vente Propri\u00e9t\u00e9 des sites Web Safijen Fashion International GmbH &#8211; partenaire de distribution officiel de GuidoMaggi bas\u00e9 \u00e0 Summelenweg, Pf\u00e4ffikon SZ &#8211; Suisse et propri\u00e9t\u00e9 du site web guidomaggi.ch.Le but de cette activit\u00e9 est la vente de produits et services en ligne. Conditions g\u00e9n\u00e9rales de vente Les clients qui ach\u00e8tent conform\u00e9ment aux conditions [&hellip;]<\/p>\n","protected":false},"author":15,"featured_media":0,"parent":0,"menu_order":5,"comment_status":"closed","ping_status":"closed","template":"","meta":{"site-sidebar-layout":"default","site-content-layout":"","ast-site-content-layout":"","site-content-style":"default","site-sidebar-style":"default","ast-global-header-display":"","ast-banner-title-visibility":"","ast-main-header-display":"","ast-hfb-above-header-display":"","ast-hfb-below-header-display":"","ast-hfb-mobile-header-display":"","site-post-title":"","ast-breadcrumbs-content":"","ast-featured-img":"","footer-sml-layout":"","theme-transparent-header-meta":"","adv-header-id-meta":"","stick-header-meta":"","header-above-stick-meta":"","header-main-stick-meta":"","header-below-stick-meta":"","astra-migrate-meta-layouts":"default","ast-page-background-enabled":"default","ast-page-background-meta":{"desktop":{"background-color":"","background-image":"","background-repeat":"repeat","background-position":"center center","background-size":"auto","background-attachment":"scroll","background-type":"","background-media":"","overlay-type":"","overlay-color":"","overlay-gradient":""},"tablet":{"background-color":"","background-image":"","background-repeat":"repeat","background-position":"center center","background-size":"auto","background-attachment":"scroll","background-type":"","background-media":"","overlay-type":"","overlay-color":"","overlay-gradient":""},"mobile":{"background-color":"","background-image":"","background-repeat":"repeat","background-position":"center center","background-size":"auto","background-attachment":"scroll","background-type":"","background-media":"","overlay-type":"","overlay-color":"","overlay-gradient":""}},"ast-content-background-meta":{"desktop":{"background-color":"var(--ast-global-color-5)","background-image":"","background-repeat":"repeat","background-position":"center center","background-size":"auto","background-attachment":"scroll","background-type":"","background-media":"","overlay-type":"","overlay-color":"","overlay-gradient":""},"tablet":{"background-color":"var(--ast-global-color-5)","background-image":"","background-repeat":"repeat","background-position":"center center","background-size":"auto","background-attachment":"scroll","background-type":"","background-media":"","overlay-type":"","overlay-color":"","overlay-gradient":""},"mobile":{"background-color":"var(--ast-global-color-5)","background-image":"","background-repeat":"repeat","background-position":"center center","background-size":"auto","background-attachment":"scroll","background-type":"","background-media":"","overlay-type":"","overlay-color":"","overlay-gradient":""}},"footnotes":""},"class_list":["post-28027","page","type-page","status-publish","hentry"],"_links":{"self":[{"href":"https:\/\/www.guidomaggi.ch\/fr\/wp-json\/wp\/v2\/pages\/28027","targetHints":{"allow":["GET"]}}],"collection":[{"href":"https:\/\/www.guidomaggi.ch\/fr\/wp-json\/wp\/v2\/pages"}],"about":[{"href":"https:\/\/www.guidomaggi.ch\/fr\/wp-json\/wp\/v2\/types\/page"}],"author":[{"embeddable":true,"href":"https:\/\/www.guidomaggi.ch\/fr\/wp-json\/wp\/v2\/users\/15"}],"replies":[{"embeddable":true,"href":"https:\/\/www.guidomaggi.ch\/fr\/wp-json\/wp\/v2\/comments?post=28027"}],"version-history":[{"count":5,"href":"https:\/\/www.guidomaggi.ch\/fr\/wp-json\/wp\/v2\/pages\/28027\/revisions"}],"predecessor-version":[{"id":489955,"href":"https:\/\/www.guidomaggi.ch\/fr\/wp-json\/wp\/v2\/pages\/28027\/revisions\/489955"}],"wp:attachment":[{"href":"https:\/\/www.guidomaggi.ch\/fr\/wp-json\/wp\/v2\/media?parent=28027"}],"curies":[{"name":"wp","href":"https:\/\/api.w.org\/{rel}","templated":true}]}}