{"id":28035,"date":"2019-10-16T08:27:55","date_gmt":"2019-10-16T08:27:55","guid":{"rendered":"https:\/\/www.guidomaggi.ch\/playground\/terms-of-use\/"},"modified":"2025-11-11T17:54:08","modified_gmt":"2025-11-11T16:54:08","slug":"conditions-dutilisation","status":"publish","type":"page","link":"https:\/\/www.guidomaggi.ch\/fr\/conditions-dutilisation\/","title":{"rendered":"Conditions d&#8217;utilisation"},"content":{"rendered":"\t\t<div data-elementor-type=\"wp-page\" data-elementor-id=\"28035\" class=\"elementor elementor-28035 elementor-24601\" data-elementor-post-type=\"page\">\n\t\t\t\t\t\t<section class=\"elementor-section elementor-top-section elementor-element elementor-element-7179d6e elementor-section-boxed elementor-section-height-default elementor-section-height-default\" data-id=\"7179d6e\" data-element_type=\"section\">\n\t\t\t\t\t\t<div class=\"elementor-container elementor-column-gap-default\">\n\t\t\t\t\t<div class=\"elementor-column elementor-col-50 elementor-top-column elementor-element elementor-element-5cfe1f2\" data-id=\"5cfe1f2\" data-element_type=\"column\">\n\t\t\t<div class=\"elementor-widget-wrap elementor-element-populated\">\n\t\t\t\t\t\t<div class=\"elementor-element elementor-element-73960cb elementor-widget elementor-widget-text-editor\" data-id=\"73960cb\" data-element_type=\"widget\" data-widget_type=\"text-editor.default\">\n\t\t\t\t<div class=\"elementor-widget-container\">\n\t\t\t\t\t\t\t<h1 style=\"text-align: right;\">Conditions <br \/>d&#8217;utilisation<\/h1>\t\t\t\t\t\t<\/div>\n\t\t\t\t<\/div>\n\t\t\t\t\t<\/div>\n\t\t<\/div>\n\t\t\t\t<div class=\"elementor-column elementor-col-50 elementor-top-column elementor-element elementor-element-5f2c5d6\" data-id=\"5f2c5d6\" data-element_type=\"column\">\n\t\t\t<div class=\"elementor-widget-wrap elementor-element-populated\">\n\t\t\t\t\t\t<div class=\"elementor-element elementor-element-4587528 elementor-widget elementor-widget-text-editor\" data-id=\"4587528\" data-element_type=\"widget\" data-widget_type=\"text-editor.default\">\n\t\t\t\t<div class=\"elementor-widget-container\">\n\t\t\t\t\t\t\t<p>Veuillez noter que l&#8217;acc\u00e8s et l&#8217;utilisation de ce site Web sont soumis aux conditions d&#8217;utilisation suivantes. Tout changement, modification et mise \u00e0 jour partiels ou complets des Conditions d&#8217;Utilisation sera communiqu\u00e9 \u00e0 nos utilisateurs par publication sur le Site et liera les utilisateurs eux-m\u00eames. <br \/>L&#8217;acc\u00e8s et la visualisation du site (pages vues, t\u00e9l\u00e9chargements d&#8217;images, informations et produits achet\u00e9s) ne peuvent \u00eatre effectu\u00e9s que pour un usage personnel. L&#8217;utilisation de ce site Web \u00e0 des fins commerciales, professionnelles et commerciales, \u00e9galement pour le compte de tiers, est strictement interdite.<\/p><p>Les utilisateurs qui acc\u00e8dent \u00e0 notre site Web sont seuls responsables de la distribution de contenu, d&#8217;informations et d&#8217;autres mat\u00e9riaux, sans le consentement expr\u00e8s de GUIDOMAGGI SIA, en particulier en cas de divulgation de donn\u00e9es fausses et incorrectes ou en relation avec des tiers, rejette GUIDOMAGGI SIA n&#8217;assume aucune responsabilit\u00e9. Le t\u00e9l\u00e9chargement d&#8217;images, d&#8217;informations et d&#8217;autres documents obtenus gr\u00e2ce \u00e0 l&#8217;utilisation de ce site Web est aux risques et p\u00e9rils de l&#8217;utilisateur.<\/p><p>GUIDOMAGGI SIA d\u00e9cline toute responsabilit\u00e9 pour les dommages indirects. La conservation des donn\u00e9es d&#8217;acc\u00e8s pour acc\u00e9der \u00e0 notre site Web est de la responsabilit\u00e9 de l&#8217;utilisateur. Les produits achet\u00e9s sur notre site Web sont vendus et tax\u00e9s par GUIDOMAGGI SIA, &#8211; R\u012bga, V\u012blandes iela 16-45, LV-1010.<\/p><h2>Politique de confidentialit\u00e9<\/h2><p>Les utilisateurs sont tenus de lire attentivement la politique de confidentialit\u00e9, qui s&#8217;applique \u00e0 partir du moment de l&#8217;acc\u00e8s et de l&#8217;utilisation des services de notre site Web, m\u00eame sans achat d&#8217;un produit.<\/p><h3>Droits de propri\u00e9t\u00e9 intellectuelle<\/h3><p>Tout le contenu de notre site Web: images, graphiques, musique, vid\u00e9os, logos, dialogues, logiciels, etc&#8230; Dans tous les formats et tailles, les droits d&#8217;auteur et les droits de propri\u00e9t\u00e9 intellectuelle de GUIDOMAGGI SIA, GM WORLD s.r.l. et d&#8217;autres qui d\u00e9tiennent les droits.<\/p><p>Les utilisateurs sont uniquement autoris\u00e9s \u00e0 visualiser, parcourir et acheter nos produits, \u00e0 condition que ces transactions soient de nature juridique et les droits d&#8217;auteur et de propri\u00e9t\u00e9 intellectuelle de GUIDOMAGGI SIA, GM WORLD s.r.l. et respecter les autres auteurs de chaque \u0153uvre sur le site<\/p><h3>MARQUES ET NOMS DE DOMAINE<\/h3><p>GM WORLD s.r.l.s. est l&#8217;unique propri\u00e9taire des logos et des marques GM WORLD et de toutes les autres fonctionnalit\u00e9s contenant le mot &#8220;GM WORLD&#8221;, y compris le nom de domaine guidomaggi.ch.<\/p><p>Toute utilisation ill\u00e9gale non autoris\u00e9e des marques ci-dessus est interdite et a de graves cons\u00e9quences juridiques. Il est strictement interdit d&#8217;utiliser ces marques et toutes les autres fonctionnalit\u00e9s de guidomaggi.ch pour abuser ind\u00fbment de la r\u00e9putation de ces marques ou pour les porter pr\u00e9judice ainsi qu&#8217;\u00e0 leurs propri\u00e9taires.<\/p><h3>AVERTISSEMENTS SUR LE CONTENU<\/h3><p>GUIDOMAGGI SIA prend toutes les pr\u00e9cautions raisonnables pour fournir \u00e0 ses utilisateurs les informations correctes et \u00e0 jour sur le site Web, mais d\u00e9cline toute responsabilit\u00e9 envers ses utilisateurs pour l&#8217;exactitude et l&#8217;exhaustivit\u00e9 du contenu publi\u00e9 sur le site Web.<\/p><p>De plus, il ne peut garantir la continuit\u00e9 de son propre site Internet, sans interruption, \u00e0 l&#8217;abri des erreurs ou dysfonctionnements li\u00e9s \u00e0 la connexion Internet.<\/p><p>GUIDOMAGGI SIA fait de son mieux pour assurer la s\u00e9curit\u00e9 des donn\u00e9es de ses propres utilisateurs et les utiliser conform\u00e9ment aux lois applicables.<\/p><p>En cas de litige sur ce site, le for est le tribunal de R\u012bga.<\/p>\t\t\t\t\t\t<\/div>\n\t\t\t\t<\/div>\n\t\t\t\t\t<\/div>\n\t\t<\/div>\n\t\t\t\t\t<\/div>\n\t\t<\/section>\n\t\t\t\t<\/div>\n\t\t","protected":false},"excerpt":{"rendered":"<p>Conditions d&#8217;utilisation Veuillez noter que l&#8217;acc\u00e8s et l&#8217;utilisation de ce site Web sont soumis aux conditions d&#8217;utilisation suivantes. Tout changement, modification et mise \u00e0 jour partiels ou complets des Conditions d&#8217;Utilisation sera communiqu\u00e9 \u00e0 nos utilisateurs par publication sur le Site et liera les utilisateurs eux-m\u00eames. L&#8217;acc\u00e8s et la visualisation du site (pages vues, t\u00e9l\u00e9chargements [&hellip;]<\/p>\n","protected":false},"author":15,"featured_media":0,"parent":0,"menu_order":5,"comment_status":"closed","ping_status":"closed","template":"","meta":{"site-sidebar-layout":"default","site-content-layout":"","ast-site-content-layout":"","site-content-style":"default","site-sidebar-style":"default","ast-global-header-display":"","ast-banner-title-visibility":"","ast-main-header-display":"","ast-hfb-above-header-display":"","ast-hfb-below-header-display":"","ast-hfb-mobile-header-display":"","site-post-title":"","ast-breadcrumbs-content":"","ast-featured-img":"","footer-sml-layout":"","theme-transparent-header-meta":"","adv-header-id-meta":"","stick-header-meta":"","header-above-stick-meta":"","header-main-stick-meta":"","header-below-stick-meta":"","astra-migrate-meta-layouts":"default","ast-page-background-enabled":"default","ast-page-background-meta":{"desktop":{"background-color":"","background-image":"","background-repeat":"repeat","background-position":"center center","background-size":"auto","background-attachment":"scroll","background-type":"","background-media":"","overlay-type":"","overlay-color":"","overlay-gradient":""},"tablet":{"background-color":"","background-image":"","background-repeat":"repeat","background-position":"center center","background-size":"auto","background-attachment":"scroll","background-type":"","background-media":"","overlay-type":"","overlay-color":"","overlay-gradient":""},"mobile":{"background-color":"","background-image":"","background-repeat":"repeat","background-position":"center center","background-size":"auto","background-attachment":"scroll","background-type":"","background-media":"","overlay-type":"","overlay-color":"","overlay-gradient":""}},"ast-content-background-meta":{"desktop":{"background-color":"var(--ast-global-color-5)","background-image":"","background-repeat":"repeat","background-position":"center center","background-size":"auto","background-attachment":"scroll","background-type":"","background-media":"","overlay-type":"","overlay-color":"","overlay-gradient":""},"tablet":{"background-color":"var(--ast-global-color-5)","background-image":"","background-repeat":"repeat","background-position":"center center","background-size":"auto","background-attachment":"scroll","background-type":"","background-media":"","overlay-type":"","overlay-color":"","overlay-gradient":""},"mobile":{"background-color":"var(--ast-global-color-5)","background-image":"","background-repeat":"repeat","background-position":"center center","background-size":"auto","background-attachment":"scroll","background-type":"","background-media":"","overlay-type":"","overlay-color":"","overlay-gradient":""}},"footnotes":""},"class_list":["post-28035","page","type-page","status-publish","hentry"],"_links":{"self":[{"href":"https:\/\/www.guidomaggi.ch\/fr\/wp-json\/wp\/v2\/pages\/28035","targetHints":{"allow":["GET"]}}],"collection":[{"href":"https:\/\/www.guidomaggi.ch\/fr\/wp-json\/wp\/v2\/pages"}],"about":[{"href":"https:\/\/www.guidomaggi.ch\/fr\/wp-json\/wp\/v2\/types\/page"}],"author":[{"embeddable":true,"href":"https:\/\/www.guidomaggi.ch\/fr\/wp-json\/wp\/v2\/users\/15"}],"replies":[{"embeddable":true,"href":"https:\/\/www.guidomaggi.ch\/fr\/wp-json\/wp\/v2\/comments?post=28035"}],"version-history":[{"count":5,"href":"https:\/\/www.guidomaggi.ch\/fr\/wp-json\/wp\/v2\/pages\/28035\/revisions"}],"predecessor-version":[{"id":490010,"href":"https:\/\/www.guidomaggi.ch\/fr\/wp-json\/wp\/v2\/pages\/28035\/revisions\/490010"}],"wp:attachment":[{"href":"https:\/\/www.guidomaggi.ch\/fr\/wp-json\/wp\/v2\/media?parent=28035"}],"curies":[{"name":"wp","href":"https:\/\/api.w.org\/{rel}","templated":true}]}}