{"id":28043,"date":"2019-10-11T10:16:59","date_gmt":"2019-10-11T10:16:59","guid":{"rendered":"https:\/\/www.guidomaggi.ch\/playground\/shipping\/"},"modified":"2022-11-18T14:15:07","modified_gmt":"2022-11-18T13:15:07","slug":"livraison","status":"publish","type":"page","link":"https:\/\/www.guidomaggi.ch\/fr\/livraison\/","title":{"rendered":"Livraison"},"content":{"rendered":"\t\t<div data-elementor-type=\"wp-page\" data-elementor-id=\"28043\" class=\"elementor elementor-28043 elementor-24669\" data-elementor-post-type=\"page\">\n\t\t\t\t\t\t<section class=\"elementor-section elementor-top-section elementor-element elementor-element-8679516 elementor-section-boxed elementor-section-height-default elementor-section-height-default\" data-id=\"8679516\" data-element_type=\"section\">\n\t\t\t\t\t\t<div class=\"elementor-container elementor-column-gap-default\">\n\t\t\t\t\t<div class=\"elementor-column elementor-col-50 elementor-top-column elementor-element elementor-element-0c06f2f\" data-id=\"0c06f2f\" data-element_type=\"column\">\n\t\t\t<div class=\"elementor-widget-wrap elementor-element-populated\">\n\t\t\t\t\t\t<div class=\"elementor-element elementor-element-83ae8a7 elementor-widget elementor-widget-text-editor\" data-id=\"83ae8a7\" data-element_type=\"widget\" data-widget_type=\"text-editor.default\">\n\t\t\t\t<div class=\"elementor-widget-container\">\n\t\t\t\t\t\t\t<h1>Politique <br \/>d&#8217;exp\u00e9dition<\/h1>\t\t\t\t\t\t<\/div>\n\t\t\t\t<\/div>\n\t\t\t\t\t<\/div>\n\t\t<\/div>\n\t\t\t\t<div class=\"elementor-column elementor-col-50 elementor-top-column elementor-element elementor-element-396fc04\" data-id=\"396fc04\" data-element_type=\"column\">\n\t\t\t<div class=\"elementor-widget-wrap elementor-element-populated\">\n\t\t\t\t\t\t<div class=\"elementor-element elementor-element-0d1a001 elementor-widget elementor-widget-text-editor\" data-id=\"0d1a001\" data-element_type=\"widget\" data-widget_type=\"text-editor.default\">\n\t\t\t\t<div class=\"elementor-widget-container\">\n\t\t\t\t\t\t\t<p>Ce qui suit s&#8217;applique \u00e0 toutes les marchandises de notre propre entrep\u00f4t: Toutes les commandes re\u00e7ues avant 17 heures (du lundi au vendredi) sont envoy\u00e9es le m\u00eame jour et arrivent g\u00e9n\u00e9ralement le matin du jour suivant.<\/p><p><strong>L&#8217;envoi est gratuit dans toute la Suisse, y compris au Liechtenstein, par la Poste suisse.<\/strong><\/p><p>Nous avons plus de 100 mod\u00e8les dans notre magasin suisse et nous nous effor\u00e7ons de toujours avoir les derniers mod\u00e8les en stock. Cependant, en raison de la vari\u00e9t\u00e9 des mod\u00e8les du portefeuille, <span lang=\"fr\"><span title=\"\">plus de 1000 mod\u00e8les<\/span><\/span> de GuidoMaggi, certains produits peuvent ne pas \u00eatre disponibles dans le magasin suisse et doivent \u00eatre command\u00e9s <span lang=\"fr\"><span title=\"\">directement aupr\u00e8s du fabricant en Italie<\/span><\/span>, ce qui entra\u00eene une p\u00e9riode d&#8217;attente suppl\u00e9mentaire de 15 jours ouvrables.<\/p><p>La Safijen Fashion International GmbH. d\u00e9cline toute responsabilit\u00e9 pour les difficult\u00e9s de transport incombant au transitaire. Si nous recevons un message du courrier d\u00e9clarant que le colis a \u00e9t\u00e9 perdu, vol\u00e9 ou endommag\u00e9, nous vous renverrons le colis d\u00e8s que possible. La couverture d&#8217;assurance est valable jusqu&#8217;\u00e0 la livraison du produit.<\/p>\t\t\t\t\t\t<\/div>\n\t\t\t\t<\/div>\n\t\t\t\t\t<\/div>\n\t\t<\/div>\n\t\t\t\t\t<\/div>\n\t\t<\/section>\n\t\t\t\t<\/div>\n\t\t","protected":false},"excerpt":{"rendered":"<p>Politique d&#8217;exp\u00e9dition Ce qui suit s&#8217;applique \u00e0 toutes les marchandises de notre propre entrep\u00f4t: Toutes les commandes re\u00e7ues avant 17 heures (du lundi au vendredi) sont envoy\u00e9es le m\u00eame jour et arrivent g\u00e9n\u00e9ralement le matin du jour suivant. L&#8217;envoi est gratuit dans toute la Suisse, y compris au Liechtenstein, par la Poste suisse. Nous avons [&hellip;]<\/p>\n","protected":false},"author":15,"featured_media":0,"parent":0,"menu_order":6,"comment_status":"closed","ping_status":"closed","template":"","meta":{"site-sidebar-layout":"default","site-content-layout":"","ast-site-content-layout":"","site-content-style":"default","site-sidebar-style":"default","ast-global-header-display":"","ast-banner-title-visibility":"","ast-main-header-display":"","ast-hfb-above-header-display":"","ast-hfb-below-header-display":"","ast-hfb-mobile-header-display":"","site-post-title":"","ast-breadcrumbs-content":"","ast-featured-img":"","footer-sml-layout":"","theme-transparent-header-meta":"","adv-header-id-meta":"","stick-header-meta":"","header-above-stick-meta":"","header-main-stick-meta":"","header-below-stick-meta":"","astra-migrate-meta-layouts":"default","ast-page-background-enabled":"default","ast-page-background-meta":{"desktop":{"background-color":"","background-image":"","background-repeat":"repeat","background-position":"center center","background-size":"auto","background-attachment":"scroll","background-type":"","background-media":"","overlay-type":"","overlay-color":"","overlay-gradient":""},"tablet":{"background-color":"","background-image":"","background-repeat":"repeat","background-position":"center center","background-size":"auto","background-attachment":"scroll","background-type":"","background-media":"","overlay-type":"","overlay-color":"","overlay-gradient":""},"mobile":{"background-color":"","background-image":"","background-repeat":"repeat","background-position":"center center","background-size":"auto","background-attachment":"scroll","background-type":"","background-media":"","overlay-type":"","overlay-color":"","overlay-gradient":""}},"ast-content-background-meta":{"desktop":{"background-color":"var(--ast-global-color-5)","background-image":"","background-repeat":"repeat","background-position":"center center","background-size":"auto","background-attachment":"scroll","background-type":"","background-media":"","overlay-type":"","overlay-color":"","overlay-gradient":""},"tablet":{"background-color":"var(--ast-global-color-5)","background-image":"","background-repeat":"repeat","background-position":"center center","background-size":"auto","background-attachment":"scroll","background-type":"","background-media":"","overlay-type":"","overlay-color":"","overlay-gradient":""},"mobile":{"background-color":"var(--ast-global-color-5)","background-image":"","background-repeat":"repeat","background-position":"center center","background-size":"auto","background-attachment":"scroll","background-type":"","background-media":"","overlay-type":"","overlay-color":"","overlay-gradient":""}},"footnotes":""},"class_list":["post-28043","page","type-page","status-publish","hentry"],"_links":{"self":[{"href":"https:\/\/www.guidomaggi.ch\/fr\/wp-json\/wp\/v2\/pages\/28043","targetHints":{"allow":["GET"]}}],"collection":[{"href":"https:\/\/www.guidomaggi.ch\/fr\/wp-json\/wp\/v2\/pages"}],"about":[{"href":"https:\/\/www.guidomaggi.ch\/fr\/wp-json\/wp\/v2\/types\/page"}],"author":[{"embeddable":true,"href":"https:\/\/www.guidomaggi.ch\/fr\/wp-json\/wp\/v2\/users\/15"}],"replies":[{"embeddable":true,"href":"https:\/\/www.guidomaggi.ch\/fr\/wp-json\/wp\/v2\/comments?post=28043"}],"version-history":[{"count":0,"href":"https:\/\/www.guidomaggi.ch\/fr\/wp-json\/wp\/v2\/pages\/28043\/revisions"}],"wp:attachment":[{"href":"https:\/\/www.guidomaggi.ch\/fr\/wp-json\/wp\/v2\/media?parent=28043"}],"curies":[{"name":"wp","href":"https:\/\/api.w.org\/{rel}","templated":true}]}}