{"id":23221,"date":"2019-11-25T15:56:24","date_gmt":"2019-11-25T15:56:24","guid":{"rendered":"https:\/\/www.guidomaggi.ch\/playground\/?page_id=23221"},"modified":"2025-11-12T18:22:30","modified_gmt":"2025-11-12T17:22:30","slug":"scarpe-rialzate-fatte-a-mano-domande-frequenti-guidomaggi-svizzera","status":"publish","type":"page","link":"https:\/\/www.guidomaggi.ch\/it\/mondo-gm\/scarpe-rialzate-fatte-a-mano-domande-frequenti-guidomaggi-svizzera\/","title":{"rendered":"Faq"},"content":{"rendered":"\t\t<div data-elementor-type=\"wp-page\" data-elementor-id=\"23221\" class=\"elementor elementor-23221 elementor-24525\" data-elementor-post-type=\"page\">\n\t\t\t\t\t\t<section class=\"elementor-section elementor-top-section elementor-element elementor-element-db03a0d elementor-section-boxed elementor-section-height-default elementor-section-height-default\" data-id=\"db03a0d\" data-element_type=\"section\">\n\t\t\t\t\t\t<div class=\"elementor-container elementor-column-gap-default\">\n\t\t\t\t\t<div class=\"elementor-column elementor-col-100 elementor-top-column elementor-element elementor-element-ff82098\" data-id=\"ff82098\" data-element_type=\"column\">\n\t\t\t<div class=\"elementor-widget-wrap elementor-element-populated\">\n\t\t\t\t\t\t<div class=\"elementor-element elementor-element-b201748 elementor-widget elementor-widget-heading\" data-id=\"b201748\" data-element_type=\"widget\" data-widget_type=\"heading.default\">\n\t\t\t\t<div class=\"elementor-widget-container\">\n\t\t\t<h1 class=\"elementor-heading-title elementor-size-default\">Domande frequenti<\/h1>\t\t<\/div>\n\t\t\t\t<\/div>\n\t\t\t\t<div class=\"elementor-element elementor-element-5eb248d elementor-widget elementor-widget-text-editor\" data-id=\"5eb248d\" data-element_type=\"widget\" data-widget_type=\"text-editor.default\">\n\t\t\t\t<div class=\"elementor-widget-container\">\n\t\t\t\t\t\t\t<h3>Quanta altezza posso guadagnare indossando le lussuose scarpe italiane di Guidomaggi?<\/h3><p>Le nostre scarpe aumenteranno la tua altezza tra: 5 cm e 15 cm, dipende dal modello.<\/p><h3>Sono comode?<\/h3><p>Le nostre scarpe sono realizzate con <b>pelle 100% italiana<\/b> e con le migliori solette di qualit\u00e0 che vi garantiranno il massimo comfort.<br \/>La speciale <b>soletta rialzante \u00e8 leggera, comoda e strutturata con precisione<\/b> per mantenere l\u2019equilibrio. Ha anche un\u2019elevata capacit\u00e0 di assorbimento e circolazione dell\u2019aria.<br \/>La struttura delle scarpe far\u00e0 in modo che i vostri piedi siano avvolti perfettamente e impedir\u00e0 che scivolino. In questo modo, potrete indossare le nostre scarpe speciali quotidianamente senza sentirvi a disagio.<\/p><h3>Perch\u00e9 le scarpe di lusso di Guidomaggi sono speciali?<\/h3><p>Oltre ad aumentare la vostra altezza, le scarpe Guidomaggi vi offriranno il miglior comfort e stile utilizzando materiali 100% italiani di alta qualit\u00e0.\u00a0<a href=\"https:\/\/www.guidomaggi.ch\/it\/mondo-gm\/struttura-delle-scarpe\/\">Approfondisci<\/a><\/p><h3>Quali sono i vantaggi di indossare le scarpe di GuidoMaggi?<\/h3><p>Oltre a <b>sembrare pi\u00f9 alti<\/b>, le nostre scarpe speciali vi aiuteranno a mantenere la perfetta postura. Le ricerche dimostrano che essere pi\u00f9 alti pu\u00f2 portare ad un maggiore successo in molti aspetti della vita e <b>vi far\u00e0 sentire pi\u00f9 sicuri<\/b> intorno alle persone. I nostri design esclusivi sono inoltre molto eleganti e sempre all\u2019ultima moda.\u00a0<a href=\"https:\/\/www.guidomaggi.ch\/it\/mondo-gm\/benefici-delle-scarpe-con-rialzo\/\">Approfondisci<\/a><\/p><h3>Qualcuno puo&#8217; sapere che indosso scarpe che aumentano l&#8217;altezza?<\/h3><p><b> Certo che no.<\/b> La forma delle scarpe \u00e8 fatta correttamente in modo che nessuno possa vedere qualsiasi aspetto diverso rispetto a qualsiasi altra scarpa tradizionale.<\/p><h3>Devo modificare la lunghezza dei miei pantaloni?<\/h3><p>Molto probabilmente no, ma per coloro che amano pantaloni pi\u00f9 lunghi per coprire le scarpe si raccomanda di farli pi\u00f9 lunghi.<\/p><h3>Devo ordinare una misura diversa di scarpe GuidoMaggi rispetto alle scarpe tradizionali?<\/h3><p>Le scarpe di GuidoMaggi sono realizzate in Italia e prodotte secondo taglie italiane. La misura per ordinare le lussuose scarpe GuidoMaggi \u00e8 esattamente la stessa di quelle tradizionali.<\/p><h3>Qual \u00e8 la politica di restituzione e rimborso di Guidomaggi?<\/h3><p><a href=\"https:\/\/www.guidomaggi.ch\/it\/politica-di-reso\/\">Approfondisci<\/a><\/p>\t\t\t\t\t\t<\/div>\n\t\t\t\t<\/div>\n\t\t\t\t\t<\/div>\n\t\t<\/div>\n\t\t\t\t\t<\/div>\n\t\t<\/section>\n\t\t\t\t<\/div>\n\t\t","protected":false},"excerpt":{"rendered":"<p>Domande frequenti Quanta altezza posso guadagnare indossando le lussuose scarpe italiane di Guidomaggi? Le nostre scarpe aumenteranno la tua altezza tra: 5 cm e 15 cm, dipende dal modello. Sono comode? Le nostre scarpe sono realizzate con pelle 100% italiana e con le migliori solette di qualit\u00e0 che vi garantiranno il massimo comfort.La speciale soletta [&hellip;]<\/p>\n","protected":false},"author":15,"featured_media":0,"parent":23183,"menu_order":4,"comment_status":"closed","ping_status":"closed","template":"","meta":{"site-sidebar-layout":"default","site-content-layout":"","ast-site-content-layout":"","site-content-style":"default","site-sidebar-style":"default","ast-global-header-display":"","ast-banner-title-visibility":"","ast-main-header-display":"","ast-hfb-above-header-display":"","ast-hfb-below-header-display":"","ast-hfb-mobile-header-display":"","site-post-title":"","ast-breadcrumbs-content":"","ast-featured-img":"","footer-sml-layout":"","theme-transparent-header-meta":"","adv-header-id-meta":"","stick-header-meta":"","header-above-stick-meta":"","header-main-stick-meta":"","header-below-stick-meta":"","astra-migrate-meta-layouts":"default","ast-page-background-enabled":"default","ast-page-background-meta":{"desktop":{"background-color":"","background-image":"","background-repeat":"repeat","background-position":"center center","background-size":"auto","background-attachment":"scroll","background-type":"","background-media":"","overlay-type":"","overlay-color":"","overlay-gradient":""},"tablet":{"background-color":"","background-image":"","background-repeat":"repeat","background-position":"center center","background-size":"auto","background-attachment":"scroll","background-type":"","background-media":"","overlay-type":"","overlay-color":"","overlay-gradient":""},"mobile":{"background-color":"","background-image":"","background-repeat":"repeat","background-position":"center center","background-size":"auto","background-attachment":"scroll","background-type":"","background-media":"","overlay-type":"","overlay-color":"","overlay-gradient":""}},"ast-content-background-meta":{"desktop":{"background-color":"var(--ast-global-color-5)","background-image":"","background-repeat":"repeat","background-position":"center center","background-size":"auto","background-attachment":"scroll","background-type":"","background-media":"","overlay-type":"","overlay-color":"","overlay-gradient":""},"tablet":{"background-color":"var(--ast-global-color-5)","background-image":"","background-repeat":"repeat","background-position":"center center","background-size":"auto","background-attachment":"scroll","background-type":"","background-media":"","overlay-type":"","overlay-color":"","overlay-gradient":""},"mobile":{"background-color":"var(--ast-global-color-5)","background-image":"","background-repeat":"repeat","background-position":"center center","background-size":"auto","background-attachment":"scroll","background-type":"","background-media":"","overlay-type":"","overlay-color":"","overlay-gradient":""}},"footnotes":""},"class_list":["post-23221","page","type-page","status-publish","hentry"],"_links":{"self":[{"href":"https:\/\/www.guidomaggi.ch\/it\/wp-json\/wp\/v2\/pages\/23221","targetHints":{"allow":["GET"]}}],"collection":[{"href":"https:\/\/www.guidomaggi.ch\/it\/wp-json\/wp\/v2\/pages"}],"about":[{"href":"https:\/\/www.guidomaggi.ch\/it\/wp-json\/wp\/v2\/types\/page"}],"author":[{"embeddable":true,"href":"https:\/\/www.guidomaggi.ch\/it\/wp-json\/wp\/v2\/users\/15"}],"replies":[{"embeddable":true,"href":"https:\/\/www.guidomaggi.ch\/it\/wp-json\/wp\/v2\/comments?post=23221"}],"version-history":[{"count":3,"href":"https:\/\/www.guidomaggi.ch\/it\/wp-json\/wp\/v2\/pages\/23221\/revisions"}],"predecessor-version":[{"id":490044,"href":"https:\/\/www.guidomaggi.ch\/it\/wp-json\/wp\/v2\/pages\/23221\/revisions\/490044"}],"up":[{"embeddable":true,"href":"https:\/\/www.guidomaggi.ch\/it\/wp-json\/wp\/v2\/pages\/23183"}],"wp:attachment":[{"href":"https:\/\/www.guidomaggi.ch\/it\/wp-json\/wp\/v2\/media?parent=23221"}],"curies":[{"name":"wp","href":"https:\/\/api.w.org\/{rel}","templated":true}]}}