{"id":23483,"date":"2019-11-26T15:12:38","date_gmt":"2019-11-26T15:12:38","guid":{"rendered":"https:\/\/www.guidomaggi.ch\/playground\/?page_id=23483"},"modified":"2022-11-18T14:14:05","modified_gmt":"2022-11-18T13:14:05","slug":"spedizione","status":"publish","type":"page","link":"https:\/\/www.guidomaggi.ch\/it\/spedizione\/","title":{"rendered":"Spedizione"},"content":{"rendered":"\t\t<div data-elementor-type=\"wp-page\" data-elementor-id=\"23483\" class=\"elementor elementor-23483 elementor-24669\" data-elementor-post-type=\"page\">\n\t\t\t\t\t\t<section class=\"elementor-section elementor-top-section elementor-element elementor-element-8679516 elementor-section-boxed elementor-section-height-default elementor-section-height-default\" data-id=\"8679516\" data-element_type=\"section\">\n\t\t\t\t\t\t<div class=\"elementor-container elementor-column-gap-default\">\n\t\t\t\t\t<div class=\"elementor-column elementor-col-50 elementor-top-column elementor-element elementor-element-0c06f2f\" data-id=\"0c06f2f\" data-element_type=\"column\">\n\t\t\t<div class=\"elementor-widget-wrap elementor-element-populated\">\n\t\t\t\t\t\t<div class=\"elementor-element elementor-element-83ae8a7 elementor-widget elementor-widget-text-editor\" data-id=\"83ae8a7\" data-element_type=\"widget\" data-widget_type=\"text-editor.default\">\n\t\t\t\t<div class=\"elementor-widget-container\">\n\t\t\t\t\t\t\t<h1>Politica di<br \/>spedizione<\/h1>\t\t\t\t\t\t<\/div>\n\t\t\t\t<\/div>\n\t\t\t\t\t<\/div>\n\t\t<\/div>\n\t\t\t\t<div class=\"elementor-column elementor-col-50 elementor-top-column elementor-element elementor-element-396fc04\" data-id=\"396fc04\" data-element_type=\"column\">\n\t\t\t<div class=\"elementor-widget-wrap elementor-element-populated\">\n\t\t\t\t\t\t<div class=\"elementor-element elementor-element-0d1a001 elementor-widget elementor-widget-text-editor\" data-id=\"0d1a001\" data-element_type=\"widget\" data-widget_type=\"text-editor.default\">\n\t\t\t\t<div class=\"elementor-widget-container\">\n\t\t\t\t\t\t\t<p><span lang=\"it\"><span title=\"\">Quanto segue si applica a tutte le merci nel nostro magazzino: tutti gli ordini ricevuti entro le 17:00 (dal luned\u00ec al venerd\u00ec) vengono inviati lo stesso giorno con consegna prevista la mattina del giorno lavorativo successivo.<\/span><\/span><\/p><p><strong>La spedizione viene effettuata gratuitamente in tutta la Svizzera, compreso il Liechtenstein, tramite la Posta Svizzera.\u00a0<\/strong><\/p><p>Disponiamo di uno stock di oltre 100 modelli nel nostro negozio svizzero e ci impegnamo ad avere sempre a disposizione i modelli pi\u00f9 recenti. Tuttavia, a causa della variet\u00e0 di modelli del portfolio GuidoMaggi &#8211; pi\u00f9 di 1000 modelli, alcuni prodotti potrebbero non essere disponibili nel negozio svizzero e dovranno essere ordinati dalla fabbrica, con un ulteriore tempo di attesa di 15 giorni lavorativi.<\/p><p>Safijen Fashion International GmbH declina ogni responsabilit\u00e0 per eventuali complicazioni di spedizione la cui responsabilit\u00e0 \u00e8 a carico dell&#8217;addetto alle spedizioni. In caso di comunicazione da parte del corriere riguardo lo smarrimento, il furto o il danneggiamento del pacco, ci prenderemo carico di una seconda spedizione immediatamente. La copertura assicurativa \u00e8 valida fino alla consegna del prodotto.<\/p>\t\t\t\t\t\t<\/div>\n\t\t\t\t<\/div>\n\t\t\t\t\t<\/div>\n\t\t<\/div>\n\t\t\t\t\t<\/div>\n\t\t<\/section>\n\t\t\t\t<\/div>\n\t\t","protected":false},"excerpt":{"rendered":"<p>Politica dispedizione Quanto segue si applica a tutte le merci nel nostro magazzino: tutti gli ordini ricevuti entro le 17:00 (dal luned\u00ec al venerd\u00ec) vengono inviati lo stesso giorno con consegna prevista la mattina del giorno lavorativo successivo. La spedizione viene effettuata gratuitamente in tutta la Svizzera, compreso il Liechtenstein, tramite la Posta Svizzera.\u00a0 Disponiamo [&hellip;]<\/p>\n","protected":false},"author":15,"featured_media":0,"parent":0,"menu_order":6,"comment_status":"closed","ping_status":"closed","template":"","meta":{"site-sidebar-layout":"default","site-content-layout":"","ast-site-content-layout":"","site-content-style":"default","site-sidebar-style":"default","ast-global-header-display":"","ast-banner-title-visibility":"","ast-main-header-display":"","ast-hfb-above-header-display":"","ast-hfb-below-header-display":"","ast-hfb-mobile-header-display":"","site-post-title":"","ast-breadcrumbs-content":"","ast-featured-img":"","footer-sml-layout":"","theme-transparent-header-meta":"","adv-header-id-meta":"","stick-header-meta":"","header-above-stick-meta":"","header-main-stick-meta":"","header-below-stick-meta":"","astra-migrate-meta-layouts":"default","ast-page-background-enabled":"default","ast-page-background-meta":{"desktop":{"background-color":"","background-image":"","background-repeat":"repeat","background-position":"center center","background-size":"auto","background-attachment":"scroll","background-type":"","background-media":"","overlay-type":"","overlay-color":"","overlay-gradient":""},"tablet":{"background-color":"","background-image":"","background-repeat":"repeat","background-position":"center center","background-size":"auto","background-attachment":"scroll","background-type":"","background-media":"","overlay-type":"","overlay-color":"","overlay-gradient":""},"mobile":{"background-color":"","background-image":"","background-repeat":"repeat","background-position":"center center","background-size":"auto","background-attachment":"scroll","background-type":"","background-media":"","overlay-type":"","overlay-color":"","overlay-gradient":""}},"ast-content-background-meta":{"desktop":{"background-color":"var(--ast-global-color-5)","background-image":"","background-repeat":"repeat","background-position":"center center","background-size":"auto","background-attachment":"scroll","background-type":"","background-media":"","overlay-type":"","overlay-color":"","overlay-gradient":""},"tablet":{"background-color":"var(--ast-global-color-5)","background-image":"","background-repeat":"repeat","background-position":"center center","background-size":"auto","background-attachment":"scroll","background-type":"","background-media":"","overlay-type":"","overlay-color":"","overlay-gradient":""},"mobile":{"background-color":"var(--ast-global-color-5)","background-image":"","background-repeat":"repeat","background-position":"center center","background-size":"auto","background-attachment":"scroll","background-type":"","background-media":"","overlay-type":"","overlay-color":"","overlay-gradient":""}},"footnotes":""},"class_list":["post-23483","page","type-page","status-publish","hentry"],"_links":{"self":[{"href":"https:\/\/www.guidomaggi.ch\/it\/wp-json\/wp\/v2\/pages\/23483","targetHints":{"allow":["GET"]}}],"collection":[{"href":"https:\/\/www.guidomaggi.ch\/it\/wp-json\/wp\/v2\/pages"}],"about":[{"href":"https:\/\/www.guidomaggi.ch\/it\/wp-json\/wp\/v2\/types\/page"}],"author":[{"embeddable":true,"href":"https:\/\/www.guidomaggi.ch\/it\/wp-json\/wp\/v2\/users\/15"}],"replies":[{"embeddable":true,"href":"https:\/\/www.guidomaggi.ch\/it\/wp-json\/wp\/v2\/comments?post=23483"}],"version-history":[{"count":0,"href":"https:\/\/www.guidomaggi.ch\/it\/wp-json\/wp\/v2\/pages\/23483\/revisions"}],"wp:attachment":[{"href":"https:\/\/www.guidomaggi.ch\/it\/wp-json\/wp\/v2\/media?parent=23483"}],"curies":[{"name":"wp","href":"https:\/\/api.w.org\/{rel}","templated":true}]}}