{"id":23741,"date":"2019-11-27T10:25:02","date_gmt":"2019-11-27T10:25:02","guid":{"rendered":"https:\/\/www.guidomaggi.ch\/playground\/?page_id=23741"},"modified":"2025-11-11T12:47:23","modified_gmt":"2025-11-11T11:47:23","slug":"informazioni-legali","status":"publish","type":"page","link":"https:\/\/www.guidomaggi.ch\/it\/informazioni-legali\/","title":{"rendered":"Informazioni legali"},"content":{"rendered":"\t\t<div data-elementor-type=\"wp-post\" data-elementor-id=\"23741\" class=\"elementor elementor-23741 elementor-24581\" data-elementor-post-type=\"page\">\n\t\t\t\t\t\t<section class=\"elementor-section elementor-top-section elementor-element elementor-element-7b63d14 elementor-section-boxed elementor-section-height-default elementor-section-height-default\" data-id=\"7b63d14\" data-element_type=\"section\">\n\t\t\t\t\t\t<div class=\"elementor-container elementor-column-gap-default\">\n\t\t\t\t\t<div class=\"elementor-column elementor-col-100 elementor-top-column elementor-element elementor-element-5b6f423\" data-id=\"5b6f423\" data-element_type=\"column\">\n\t\t\t<div class=\"elementor-widget-wrap elementor-element-populated\">\n\t\t\t\t\t\t<div class=\"elementor-element elementor-element-bdf3cd3 elementor-widget elementor-widget-text-editor\" data-id=\"bdf3cd3\" data-element_type=\"widget\" data-widget_type=\"text-editor.default\">\n\t\t\t\t<div class=\"elementor-widget-container\">\n\t\t\t\t\t\t\t<h1><strong>Informazioni legali<\/strong><\/h1><h3>SIA\u201dGUIDOMAGGI\u201d<\/h3><p><strong>Indirizzo:<\/strong> R\u012bga, V\u012blandes iela 16-45, LV-1010<br \/>Re\u0123.Nr.LV40203152845<\/p><p><strong>E-Mail:<\/strong> <a href=\"mailto:guidomaggilv@gmail.com\">guidomaggilv@gmail.com<\/a><\/p><p><strong>Telefono: <\/strong><a href=\"tell:+39 347 23 52 322\">+39 347 23 52 322<\/a><\/p>\t\t\t\t\t\t<\/div>\n\t\t\t\t<\/div>\n\t\t\t\t\t<\/div>\n\t\t<\/div>\n\t\t\t\t\t<\/div>\n\t\t<\/section>\n\t\t\t\t<\/div>\n\t\t","protected":false},"excerpt":{"rendered":"<p>Informazioni legali SIA\u201dGUIDOMAGGI\u201d Indirizzo: R\u012bga, V\u012blandes iela 16-45, LV-1010Re\u0123.Nr.LV40203152845 E-Mail: guidomaggilv@gmail.com Telefono: +39 347 23 52 322<\/p>\n","protected":false},"author":15,"featured_media":0,"parent":0,"menu_order":5,"comment_status":"closed","ping_status":"closed","template":"","meta":{"site-sidebar-layout":"default","site-content-layout":"","ast-site-content-layout":"","site-content-style":"default","site-sidebar-style":"default","ast-global-header-display":"","ast-banner-title-visibility":"","ast-main-header-display":"","ast-hfb-above-header-display":"","ast-hfb-below-header-display":"","ast-hfb-mobile-header-display":"","site-post-title":"","ast-breadcrumbs-content":"","ast-featured-img":"","footer-sml-layout":"","theme-transparent-header-meta":"","adv-header-id-meta":"","stick-header-meta":"","header-above-stick-meta":"","header-main-stick-meta":"","header-below-stick-meta":"","astra-migrate-meta-layouts":"default","ast-page-background-enabled":"default","ast-page-background-meta":{"desktop":{"background-color":"","background-image":"","background-repeat":"repeat","background-position":"center center","background-size":"auto","background-attachment":"scroll","background-type":"","background-media":"","overlay-type":"","overlay-color":"","overlay-gradient":""},"tablet":{"background-color":"","background-image":"","background-repeat":"repeat","background-position":"center center","background-size":"auto","background-attachment":"scroll","background-type":"","background-media":"","overlay-type":"","overlay-color":"","overlay-gradient":""},"mobile":{"background-color":"","background-image":"","background-repeat":"repeat","background-position":"center center","background-size":"auto","background-attachment":"scroll","background-type":"","background-media":"","overlay-type":"","overlay-color":"","overlay-gradient":""}},"ast-content-background-meta":{"desktop":{"background-color":"var(--ast-global-color-5)","background-image":"","background-repeat":"repeat","background-position":"center center","background-size":"auto","background-attachment":"scroll","background-type":"","background-media":"","overlay-type":"","overlay-color":"","overlay-gradient":""},"tablet":{"background-color":"var(--ast-global-color-5)","background-image":"","background-repeat":"repeat","background-position":"center center","background-size":"auto","background-attachment":"scroll","background-type":"","background-media":"","overlay-type":"","overlay-color":"","overlay-gradient":""},"mobile":{"background-color":"var(--ast-global-color-5)","background-image":"","background-repeat":"repeat","background-position":"center center","background-size":"auto","background-attachment":"scroll","background-type":"","background-media":"","overlay-type":"","overlay-color":"","overlay-gradient":""}},"footnotes":""},"class_list":["post-23741","page","type-page","status-publish","hentry"],"_links":{"self":[{"href":"https:\/\/www.guidomaggi.ch\/it\/wp-json\/wp\/v2\/pages\/23741","targetHints":{"allow":["GET"]}}],"collection":[{"href":"https:\/\/www.guidomaggi.ch\/it\/wp-json\/wp\/v2\/pages"}],"about":[{"href":"https:\/\/www.guidomaggi.ch\/it\/wp-json\/wp\/v2\/types\/page"}],"author":[{"embeddable":true,"href":"https:\/\/www.guidomaggi.ch\/it\/wp-json\/wp\/v2\/users\/15"}],"replies":[{"embeddable":true,"href":"https:\/\/www.guidomaggi.ch\/it\/wp-json\/wp\/v2\/comments?post=23741"}],"version-history":[{"count":5,"href":"https:\/\/www.guidomaggi.ch\/it\/wp-json\/wp\/v2\/pages\/23741\/revisions"}],"predecessor-version":[{"id":489908,"href":"https:\/\/www.guidomaggi.ch\/it\/wp-json\/wp\/v2\/pages\/23741\/revisions\/489908"}],"wp:attachment":[{"href":"https:\/\/www.guidomaggi.ch\/it\/wp-json\/wp\/v2\/media?parent=23741"}],"curies":[{"name":"wp","href":"https:\/\/api.w.org\/{rel}","templated":true}]}}