{"id":23751,"date":"2019-11-27T10:30:53","date_gmt":"2019-11-27T10:30:53","guid":{"rendered":"https:\/\/www.guidomaggi.ch\/playground\/?page_id=23751"},"modified":"2025-11-11T17:10:03","modified_gmt":"2025-11-11T16:10:03","slug":"condizioni-di-vendita","status":"publish","type":"page","link":"https:\/\/www.guidomaggi.ch\/it\/condizioni-di-vendita\/","title":{"rendered":"Condizioni di vendita"},"content":{"rendered":"\t\t<div data-elementor-type=\"wp-page\" data-elementor-id=\"23751\" class=\"elementor elementor-23751 elementor-24593\" data-elementor-post-type=\"page\">\n\t\t\t\t\t\t<section class=\"elementor-section elementor-top-section elementor-element elementor-element-9823845 elementor-section-boxed elementor-section-height-default elementor-section-height-default\" data-id=\"9823845\" data-element_type=\"section\">\n\t\t\t\t\t\t<div class=\"elementor-container elementor-column-gap-default\">\n\t\t\t\t\t<div class=\"elementor-column elementor-col-50 elementor-top-column elementor-element elementor-element-ea15135\" data-id=\"ea15135\" data-element_type=\"column\">\n\t\t\t<div class=\"elementor-widget-wrap elementor-element-populated\">\n\t\t\t\t\t\t<div class=\"elementor-element elementor-element-7e9bff7 elementor-widget elementor-widget-text-editor\" data-id=\"7e9bff7\" data-element_type=\"widget\" data-widget_type=\"text-editor.default\">\n\t\t\t\t<div class=\"elementor-widget-container\">\n\t\t\t\t\t\t\t<h1 style=\"text-align: right;\">Condizioni<br \/>di vendita<\/h1>\t\t\t\t\t\t<\/div>\n\t\t\t\t<\/div>\n\t\t\t\t\t<\/div>\n\t\t<\/div>\n\t\t\t\t<div class=\"elementor-column elementor-col-50 elementor-top-column elementor-element elementor-element-58db0dd\" data-id=\"58db0dd\" data-element_type=\"column\">\n\t\t\t<div class=\"elementor-widget-wrap elementor-element-populated\">\n\t\t\t\t\t\t<div class=\"elementor-element elementor-element-f619f82 elementor-widget elementor-widget-text-editor\" data-id=\"f619f82\" data-element_type=\"widget\" data-widget_type=\"text-editor.default\">\n\t\t\t\t<div class=\"elementor-widget-container\">\n\t\t\t\t\t\t\t<h2>Propriet\u00e0 dei siti web<\/h2><p>Safijen Fashion International GmbH &#8211; distributore ufficiale di GuidoMaggi ha sede legale in Summelenweg, Pf\u00e4ffikon SZ &#8211; Svizzera ed \u00e8 proprietaria del sito web guidomaggi.ch.<\/p><p>Lo scopo di questa attivit\u00e0 \u00e8 la vendita online di prodotti e servizi.<\/p><h2 class=\"p3\">Condizioni di vendita<\/h2><p>I clienti che acquistano secondo le condizioni del sito dichiarano di aver preso visione di tutte le indicazioni fornite per la procedura d&#8217;acquisto e di accettare integralmente le condizioni generali di vendita e di pagamento che seguono.<\/p><p>Tali condizioni generali di vendita e le condizioni di pagamento e di consegna della merce sono parte integrante del contratto di vendita tra il cliente e Safijen Fashion International GmbH, pertanto i nostri clienti sono tenuti a prenderne visione e a leggerle attentamente.<\/p><h2 class=\"p6\">Condizioni di acquisto<\/h2><p>I prodotti del sito guidomaggi.ch sono disponibili per l&#8217;acquisto.<\/p><p>La conferma d&#8217;ordine da parte di Safijen Fashion International GmbH viene concordata tramite e-mail che verr\u00e0 inviata all&#8217;indirizzo e-mail fornito dal cliente al momento della registrazione sul sito web.<\/p><p>Safijen Fashion International GmbH, a suo insindacabile giudizio, si riserva il diritto di rifiutare l&#8217;ordine.<\/p><p>L&#8217;e-mail di conferma dell&#8217;ordine contiene i seguenti dati:<\/p><ul><li class=\"li8\">Data e numero d&#8217;ordine<\/li><li class=\"li8\">Prodotto, modello, quantit\u00e0, prezzo<\/li><li class=\"li8\">Metodi di pagamento<\/li><li class=\"li8\">Costo totale dell&#8217;ordine.<\/li><\/ul><h2 class=\"p6\">Come acquistare su GUIDOMAGGI.CH<\/h2><p>Per acquistare in tutta sicurezza dal nostro negozio on-line compila i tuoi dati e registrati, sarai cos\u00ec pronto per l&#8217;acquisto.<\/p><p>Scegli il tuo prodotto specificando taglia, colore e quantit\u00e0.<\/p><p>Clicca su &#8220;Aggiungi al carrello&#8221;<\/p><p>Quando hai finito di acquistare, clicca su &#8220;Mostra carrello&#8221;, poi &#8220;Acquista ora&#8221; e &#8220;Conferma ordine&#8221;.<\/p><h2 class=\"p3\">Metodi di pagamento<\/h2><p><strong>Paypal<\/strong><\/p><p>PayPal \u00e8 il modo pi\u00f9 sicuro per pagare online operando in pi\u00f9 di 103 paesi diversi. Con PayPal puoi acquistare online in tutta sicurezza, sapendo che i tuoi dati finanziari non vengono mai condivisi, in quanto PayPal utilizza la crittografia automatica delle informazioni riservate attraverso il protocollo Secure Sockets Layer (SSL) con una chiave di crittografia a 256 bit (la lunghezza massima della chiave sul mercato).<\/p><p>Cliccando su &#8220;conferma ordine&#8221; verr\u00e0 aperta la pagina di login di PayPal per accedere al tuo conto ed effettuare il pagamento.<\/p><p>Se non si dispone di un conto PayPal, \u00e8 possibile creare il proprio sulla pagina di login di PayPal, prima di effettuare l&#8217;ordine.<\/p><p><strong>Carte di credito<\/strong><\/p><p class=\"p13\">Dopo aver selezionato questo metodo di pagamento sarai automaticamente indirizzato alla pagina di pagamento, poi aggiungi i dati della tua carta di credito e clicca su &#8220;Accetta e continua&#8221;.<\/p><p><strong>Prezzi<\/strong><\/p><p>I prezzi dei prodotti pubblicati sul nostro sito web sono comprensivi di IVA 8,1%.<\/p><p>Foto e caratteristiche dei prodotti sono approssimative e non vincolanti, Safijen Fashion International GmbH si riserva il diritto di modificarle senza preavviso a suo insindacabile giudizio, se le immagini sono errate ma non compromettono la funzionalit\u00e0 e l&#8217;aspetto del prodotto, l&#8217;ordine sar\u00e0 comunque considerato valido.<\/p><h2 class=\"p3\">Foro competente<\/h2><p class=\"p8\">In caso di qualsiasi tipo di controversia, il foro competente \u00e8 quello di R\u012bga.<\/p><h2 class=\"p3\">Termini e condizioni<\/h2><p>Le condizioni di vendita sul nostro sito web sono valide e applicabili fino a quando non saranno modificate o integrate. Tali modifiche e integrazioni saranno valide e applicabili a partire dalla data di pubblicazione sul nostro sito web.<\/p>\t\t\t\t\t\t<\/div>\n\t\t\t\t<\/div>\n\t\t\t\t\t<\/div>\n\t\t<\/div>\n\t\t\t\t\t<\/div>\n\t\t<\/section>\n\t\t\t\t<\/div>\n\t\t","protected":false},"excerpt":{"rendered":"<p>Condizionidi vendita Propriet\u00e0 dei siti web Safijen Fashion International GmbH &#8211; distributore ufficiale di GuidoMaggi ha sede legale in Summelenweg, Pf\u00e4ffikon SZ &#8211; Svizzera ed \u00e8 proprietaria del sito web guidomaggi.ch. Lo scopo di questa attivit\u00e0 \u00e8 la vendita online di prodotti e servizi. Condizioni di vendita I clienti che acquistano secondo le condizioni del [&hellip;]<\/p>\n","protected":false},"author":15,"featured_media":0,"parent":0,"menu_order":5,"comment_status":"closed","ping_status":"closed","template":"","meta":{"site-sidebar-layout":"default","site-content-layout":"","ast-site-content-layout":"","site-content-style":"default","site-sidebar-style":"default","ast-global-header-display":"","ast-banner-title-visibility":"","ast-main-header-display":"","ast-hfb-above-header-display":"","ast-hfb-below-header-display":"","ast-hfb-mobile-header-display":"","site-post-title":"","ast-breadcrumbs-content":"","ast-featured-img":"","footer-sml-layout":"","theme-transparent-header-meta":"","adv-header-id-meta":"","stick-header-meta":"","header-above-stick-meta":"","header-main-stick-meta":"","header-below-stick-meta":"","astra-migrate-meta-layouts":"default","ast-page-background-enabled":"default","ast-page-background-meta":{"desktop":{"background-color":"","background-image":"","background-repeat":"repeat","background-position":"center center","background-size":"auto","background-attachment":"scroll","background-type":"","background-media":"","overlay-type":"","overlay-color":"","overlay-gradient":""},"tablet":{"background-color":"","background-image":"","background-repeat":"repeat","background-position":"center center","background-size":"auto","background-attachment":"scroll","background-type":"","background-media":"","overlay-type":"","overlay-color":"","overlay-gradient":""},"mobile":{"background-color":"","background-image":"","background-repeat":"repeat","background-position":"center center","background-size":"auto","background-attachment":"scroll","background-type":"","background-media":"","overlay-type":"","overlay-color":"","overlay-gradient":""}},"ast-content-background-meta":{"desktop":{"background-color":"var(--ast-global-color-5)","background-image":"","background-repeat":"repeat","background-position":"center center","background-size":"auto","background-attachment":"scroll","background-type":"","background-media":"","overlay-type":"","overlay-color":"","overlay-gradient":""},"tablet":{"background-color":"var(--ast-global-color-5)","background-image":"","background-repeat":"repeat","background-position":"center center","background-size":"auto","background-attachment":"scroll","background-type":"","background-media":"","overlay-type":"","overlay-color":"","overlay-gradient":""},"mobile":{"background-color":"var(--ast-global-color-5)","background-image":"","background-repeat":"repeat","background-position":"center center","background-size":"auto","background-attachment":"scroll","background-type":"","background-media":"","overlay-type":"","overlay-color":"","overlay-gradient":""}},"footnotes":""},"class_list":["post-23751","page","type-page","status-publish","hentry"],"_links":{"self":[{"href":"https:\/\/www.guidomaggi.ch\/it\/wp-json\/wp\/v2\/pages\/23751","targetHints":{"allow":["GET"]}}],"collection":[{"href":"https:\/\/www.guidomaggi.ch\/it\/wp-json\/wp\/v2\/pages"}],"about":[{"href":"https:\/\/www.guidomaggi.ch\/it\/wp-json\/wp\/v2\/types\/page"}],"author":[{"embeddable":true,"href":"https:\/\/www.guidomaggi.ch\/it\/wp-json\/wp\/v2\/users\/15"}],"replies":[{"embeddable":true,"href":"https:\/\/www.guidomaggi.ch\/it\/wp-json\/wp\/v2\/comments?post=23751"}],"version-history":[{"count":5,"href":"https:\/\/www.guidomaggi.ch\/it\/wp-json\/wp\/v2\/pages\/23751\/revisions"}],"predecessor-version":[{"id":489958,"href":"https:\/\/www.guidomaggi.ch\/it\/wp-json\/wp\/v2\/pages\/23751\/revisions\/489958"}],"wp:attachment":[{"href":"https:\/\/www.guidomaggi.ch\/it\/wp-json\/wp\/v2\/media?parent=23751"}],"curies":[{"name":"wp","href":"https:\/\/api.w.org\/{rel}","templated":true}]}}