{"id":23765,"date":"2019-11-27T10:44:32","date_gmt":"2019-11-27T10:44:32","guid":{"rendered":"https:\/\/www.guidomaggi.ch\/playground\/?page_id=23765"},"modified":"2025-11-11T17:54:09","modified_gmt":"2025-11-11T16:54:09","slug":"condizioni-di-uso","status":"publish","type":"page","link":"https:\/\/www.guidomaggi.ch\/it\/condizioni-di-uso\/","title":{"rendered":"Condizioni d&#8217;uso"},"content":{"rendered":"\t\t<div data-elementor-type=\"wp-page\" data-elementor-id=\"23765\" class=\"elementor elementor-23765 elementor-24601\" data-elementor-post-type=\"page\">\n\t\t\t\t\t\t<section class=\"elementor-section elementor-top-section elementor-element elementor-element-7179d6e elementor-section-boxed elementor-section-height-default elementor-section-height-default\" data-id=\"7179d6e\" data-element_type=\"section\">\n\t\t\t\t\t\t<div class=\"elementor-container elementor-column-gap-default\">\n\t\t\t\t\t<div class=\"elementor-column elementor-col-50 elementor-top-column elementor-element elementor-element-5cfe1f2\" data-id=\"5cfe1f2\" data-element_type=\"column\">\n\t\t\t<div class=\"elementor-widget-wrap elementor-element-populated\">\n\t\t\t\t\t\t<div class=\"elementor-element elementor-element-73960cb elementor-widget elementor-widget-text-editor\" data-id=\"73960cb\" data-element_type=\"widget\" data-widget_type=\"text-editor.default\">\n\t\t\t\t<div class=\"elementor-widget-container\">\n\t\t\t\t\t\t\t<h1 style=\"text-align: right;\">Condizioni\u00a0<br \/>d&#8217;uso<\/h1>\t\t\t\t\t\t<\/div>\n\t\t\t\t<\/div>\n\t\t\t\t\t<\/div>\n\t\t<\/div>\n\t\t\t\t<div class=\"elementor-column elementor-col-50 elementor-top-column elementor-element elementor-element-5f2c5d6\" data-id=\"5f2c5d6\" data-element_type=\"column\">\n\t\t\t<div class=\"elementor-widget-wrap elementor-element-populated\">\n\t\t\t\t\t\t<div class=\"elementor-element elementor-element-4587528 elementor-widget elementor-widget-text-editor\" data-id=\"4587528\" data-element_type=\"widget\" data-widget_type=\"text-editor.default\">\n\t\t\t\t<div class=\"elementor-widget-container\">\n\t\t\t\t\t\t\t<p>Vi informiamo che l&#8217;accesso e l&#8217;utilizzo di questo sito web sono soggetti ai seguenti termini di servizio. Qualsiasi modifica, variazione e aggiornamento parziale o totale delle condizioni d&#8217;uso sar\u00e0 notificata ai nostri utenti con la pubblicazione sul sito web e sono giuridicamente vincolanti per gli utenti stessi.<\/p><p>L&#8217;accesso e la visualizzazione del sito web (pagine viste, download di immagini, informazioni e prodotti acquistati) deve essere esclusivamente per uso personale. L&#8217;uso di questo sito web per scopi commerciali, professionali e imprenditoriali anche per conto di terzi, \u00e8 severamente vietato.<\/p><p>Gli utenti che accedono al nostro sito web sono gli unici responsabili della divulgazione dei contenuti, delle informazioni e di altro materiale, senza l&#8217;espresso consenso di GUIDOMAGGI SIA\u00a0 in particolare in caso di divulgazione di dati errati e falsi o relativi a terzi, GUIDOMAGGI SIA declina ogni responsabilit\u00e0. Il download di immagini, informazioni e qualsiasi altro materiale ottenuto attraverso l&#8217;uso di questo sito web \u00e8 a rischio e pericolo dell&#8217;utente.<\/p><p>GUIDOMAGGI SIA declina ogni responsabilit\u00e0 per danni conseguenti. La custodia delle credenziali per l&#8217;accesso al nostro sito web \u00e8 responsabilit\u00e0 dell&#8217;utente. I prodotti acquistati sul nostro sito web sono venduti e trattati fiscalmente da GUIDOMAGGI SIA, &#8211; R\u012bga, V\u012blandes iela 16-45, LV-1010.<\/p><h2>Informativa sulla Privacy<\/h2><p>Gli utenti sono tenuti a leggere attentamente l&#8217;informativa sulla privacy che viene applicata dal momento dell&#8217;accesso e dell&#8217;utilizzo dei servizi del nostro sito web, anche senza acquistare alcun prodotto.<\/p><h3>Diritti di propriet\u00e0 intellettuale<\/h3><p>Tutti i contenuti del nostro sito web: immagini, foto, musica, video, loghi, dialoghi, software, ecc&#8230; in qualsiasi formato e dimensione sono protetti dal diritto d&#8217;autore e dai diritti di propriet\u00e0 intellettuale di GUIDOMAGGI SIA, GM WORLD s.r.l.s e di altri titolari dei diritti.<\/p><p>Gli utenti sono autorizzati a visualizzare, navigare e acquistare i nostri prodotti, a condizione che tali operazioni rispondano a scopi legali e rispettino i diritti d&#8217;autore e i diritti di propriet\u00e0 intellettuale di GUIDOMAGGI SIA, GM WORLD s.r.l.s. e degli altri autori di ogni opera presente nel sito web.<\/p><h3>Marchi e nomi di dominio<\/h3><p>GM WORLD s.r.l.s. \u00e8 l&#8217;unico titolare dei loghi e dei marchi denominati GM WORLD e di ogni altro elemento che includa la parola &#8220;GM WORLD&#8221;, compreso il nome di dominio guidomaggi.ch.<\/p><p>Qualsiasi uso illegale non autorizzato dei suddetti marchi \u00e8 vietato e comporta gravi conseguenze legali. E&#8217; severamente vietato utilizzare questi marchi e qualsiasi altro elemento di guidomaggi.ch per trarre ingiustamente vantaggio dalla notoriet\u00e0 degli stessi o per recare pregiudizio agli stessi e ai loro titolari.<\/p><h3>Avvertenze sul contenuto<\/h3><p>GUIDOMAGGI SIA prende ogni utile precauzione per garantire ai propri utenti la correttezza e l&#8217;aggiornamento delle informazioni del sito web, ma declina ogni responsabilit\u00e0 nei confronti dei propri utenti per quanto riguarda la precisione e la completezza dei contenuti pubblicati sul proprio sito web.<\/p><p>Inoltre non pu\u00f2 garantire la continuit\u00e0 del proprio sito web, senza interruzioni, mancanza di errori\/errori o problemi di malfunzionamento legati alla connessione internet.<\/p><p>GUIDOMAGGI SIA fa del suo meglio per mantenere i dati dei propri utenti al sicuro e utilizzati secondo le leggi vigenti.<\/p><p>In caso di qualsiasi tipo di controversia su questo sito web, il foro competente \u00e8 il Tribunale di R\u012bga.<\/p>\t\t\t\t\t\t<\/div>\n\t\t\t\t<\/div>\n\t\t\t\t\t<\/div>\n\t\t<\/div>\n\t\t\t\t\t<\/div>\n\t\t<\/section>\n\t\t\t\t<\/div>\n\t\t","protected":false},"excerpt":{"rendered":"<p>Condizioni\u00a0d&#8217;uso Vi informiamo che l&#8217;accesso e l&#8217;utilizzo di questo sito web sono soggetti ai seguenti termini di servizio. Qualsiasi modifica, variazione e aggiornamento parziale o totale delle condizioni d&#8217;uso sar\u00e0 notificata ai nostri utenti con la pubblicazione sul sito web e sono giuridicamente vincolanti per gli utenti stessi. L&#8217;accesso e la visualizzazione del sito web [&hellip;]<\/p>\n","protected":false},"author":15,"featured_media":0,"parent":0,"menu_order":5,"comment_status":"closed","ping_status":"closed","template":"","meta":{"site-sidebar-layout":"default","site-content-layout":"","ast-site-content-layout":"","site-content-style":"default","site-sidebar-style":"default","ast-global-header-display":"","ast-banner-title-visibility":"","ast-main-header-display":"","ast-hfb-above-header-display":"","ast-hfb-below-header-display":"","ast-hfb-mobile-header-display":"","site-post-title":"","ast-breadcrumbs-content":"","ast-featured-img":"","footer-sml-layout":"","theme-transparent-header-meta":"","adv-header-id-meta":"","stick-header-meta":"","header-above-stick-meta":"","header-main-stick-meta":"","header-below-stick-meta":"","astra-migrate-meta-layouts":"default","ast-page-background-enabled":"default","ast-page-background-meta":{"desktop":{"background-color":"","background-image":"","background-repeat":"repeat","background-position":"center center","background-size":"auto","background-attachment":"scroll","background-type":"","background-media":"","overlay-type":"","overlay-color":"","overlay-gradient":""},"tablet":{"background-color":"","background-image":"","background-repeat":"repeat","background-position":"center center","background-size":"auto","background-attachment":"scroll","background-type":"","background-media":"","overlay-type":"","overlay-color":"","overlay-gradient":""},"mobile":{"background-color":"","background-image":"","background-repeat":"repeat","background-position":"center center","background-size":"auto","background-attachment":"scroll","background-type":"","background-media":"","overlay-type":"","overlay-color":"","overlay-gradient":""}},"ast-content-background-meta":{"desktop":{"background-color":"var(--ast-global-color-5)","background-image":"","background-repeat":"repeat","background-position":"center center","background-size":"auto","background-attachment":"scroll","background-type":"","background-media":"","overlay-type":"","overlay-color":"","overlay-gradient":""},"tablet":{"background-color":"var(--ast-global-color-5)","background-image":"","background-repeat":"repeat","background-position":"center center","background-size":"auto","background-attachment":"scroll","background-type":"","background-media":"","overlay-type":"","overlay-color":"","overlay-gradient":""},"mobile":{"background-color":"var(--ast-global-color-5)","background-image":"","background-repeat":"repeat","background-position":"center center","background-size":"auto","background-attachment":"scroll","background-type":"","background-media":"","overlay-type":"","overlay-color":"","overlay-gradient":""}},"footnotes":""},"class_list":["post-23765","page","type-page","status-publish","hentry"],"_links":{"self":[{"href":"https:\/\/www.guidomaggi.ch\/it\/wp-json\/wp\/v2\/pages\/23765","targetHints":{"allow":["GET"]}}],"collection":[{"href":"https:\/\/www.guidomaggi.ch\/it\/wp-json\/wp\/v2\/pages"}],"about":[{"href":"https:\/\/www.guidomaggi.ch\/it\/wp-json\/wp\/v2\/types\/page"}],"author":[{"embeddable":true,"href":"https:\/\/www.guidomaggi.ch\/it\/wp-json\/wp\/v2\/users\/15"}],"replies":[{"embeddable":true,"href":"https:\/\/www.guidomaggi.ch\/it\/wp-json\/wp\/v2\/comments?post=23765"}],"version-history":[{"count":5,"href":"https:\/\/www.guidomaggi.ch\/it\/wp-json\/wp\/v2\/pages\/23765\/revisions"}],"predecessor-version":[{"id":490013,"href":"https:\/\/www.guidomaggi.ch\/it\/wp-json\/wp\/v2\/pages\/23765\/revisions\/490013"}],"wp:attachment":[{"href":"https:\/\/www.guidomaggi.ch\/it\/wp-json\/wp\/v2\/media?parent=23765"}],"curies":[{"name":"wp","href":"https:\/\/api.w.org\/{rel}","templated":true}]}}